{"id":8409,"date":"2020-09-29T16:48:43","date_gmt":"2020-09-29T15:48:43","guid":{"rendered":"https:\/\/www.bepartstudio.com\/?page_id=8409"},"modified":"2020-10-01T16:44:35","modified_gmt":"2020-10-01T15:44:35","slug":"postovne-dorucenie","status":"publish","type":"page","link":"https:\/\/www.bepartstudio.com\/sk\/postovne-dorucenie\/","title":{"rendered":"Po\u0161tovn\u00e9 \/ Doru\u010denie"},"content":{"rendered":"<h2><\/h2>\n<p>&nbsp;<\/p>\n<h2 style=\"text-align: center;\"><span style=\"font-family: 'Work Sans', sans-serif; font-size: 24pt;\">STAROSTLIVOS\u0164<\/span><\/h2>\n<p style=\"text-align: center;\"><span style=\"font-family: 'Work Sans', sans-serif; font-size: 12pt;\">Pros\u00edm noste a strajte sa o svoje \u0161perky s l\u00e1skou<\/span><\/p>\n<p>&nbsp;<\/p>\n<hr \/>\n<p>&nbsp;<\/p>\n<h2 class=\"font_8\" style=\"text-align: center;\"><span style=\"font-family: 'Work Sans', sans-serif; font-size: 14pt;\">STRIEBRO<\/span><\/h2>\n<p style=\"text-align: center;\"><span style=\"font-family: 'IBM Plex Sans', sans-serif;\">V\u0161etky \u0161perky s\u00fa ru\u010dne vyr\u00e1ban\u00e9 zo striebra 925. Oxid\u00e1cia je prirodzen\u00e1 vlastno\u0165 striebra, hlavne ak s\u00fa \u0161perky nenosen\u00e9. Pre udr\u017eanie \u0161perkov v \u010do najlep\u0161om stave dr\u017ete ich v uzamykate\u013enom s\u00e1\u010dku bez pr\u00edvodu vzduchu. Ob\u010das o\u010distite prostriedkom na striebro a m\u00e4kkou handri\u010dkou prele\u0161tite.<\/span><\/p>\n<p style=\"text-align: center;\"><span style=\"font-family: 'IBM Plex Sans', sans-serif;\">Pros\u00edm zlo\u017ete \u0161perky pred sprchou, k\u00fapan\u00edm v mori \u010di v baz\u00e9ne a pred sp\u00e1nkom.\u00a0<\/span><\/p>\n<p class=\"font_8\" style=\"text-align: center;\"><span style=\"font-family: 'IBM Plex Sans', sans-serif;\">Please remove jewelry prior to showering, before bathing in the sea or a swimming pool, and before going to bed. Zabr\u00e1nte kontaktu s \u010distiacimi a kozmetick\u00fdmi produktami.<\/span><\/p>\n<p class=\"font_8\" style=\"text-align: center;\"><span style=\"font-family: 'IBM Plex Sans', sans-serif;\">Pri \u010dastom nosen\u00ed zost\u00e1vaj\u00fa strieborn\u00e9 \u0161perky kr\u00e1sne a \u017eiariv\u00e9.<\/span><\/p>\n<h2><\/h2>\n<h2 class=\"font_8\" style=\"text-align: center;\"><span style=\"font-family: 'Work Sans', sans-serif; font-size: 14pt;\">ZLATO<\/span><\/h2>\n<p style=\"text-align: center;\"><span style=\"font-family: 'IBM Plex Sans', sans-serif;\">V\u0161etky zlat\u00e9 \u0161perky s\u00fa ru\u010dne vyroben\u00e9 z 14k zlata. Zlato je prirodzene odoln\u00e9 vo\u010di oxid\u00e1cii, m\u00f4\u017ee sa v\u0161ak zne\u010disti\u0165.<\/span><\/p>\n<p style=\"text-align: center;\"><span style=\"font-family: 'IBM Plex Sans', sans-serif;\">Na \u010distenie pou\u017e\u00edvajte tepl\u00fa vodu spolu s jemn\u00fdm mydlom na riad a osu\u0161te m\u00e4kkou handri\u010dkou. Pre dosiahnutie najlep\u0161\u00edch v\u00fdsledkov jemne vyle\u0161tite le\u0161tiacou handri\u010dkou na kov alebo \u0161peci\u00e1lnou le\u0161tiacou podlo\u017ekou.<\/span><\/p>\n<div class=\"tlid-results-container results-container\" style=\"text-align: center;\">\n<div class=\"tlid-result result-dict-wrapper\">\n<div class=\"result tlid-copy-target\">\n<div class=\"result-header\">\n<div class=\"starbutton jfk-button-flat jfk-button unstarred\" tabindex=\"0\" role=\"button\" aria-label=\"Ozna\u010di\u0165 preklad hviezdi\u010dkou\" data-tooltip=\"Ozna\u010di\u0165 preklad hviezdi\u010dkou\" data-tooltip-align=\"t,c\">\n<div class=\"jfk-button-img\"><\/div>\n<\/div>\n<\/div>\n<div class=\"text-wrap tlid-copy-target\">\n<div class=\"result-shield-container tlid-copy-target\" style=\"text-align: center;\" tabindex=\"0\"><span class=\"tlid-translation translation\" lang=\"sk\" style=\"font-family: 'IBM Plex Sans', sans-serif;\"><span title=\"\">Mas\u00edvne zlato si vy\u017eaduje ove\u013ea men\u0161iu starostlivos\u0165 ako striebro alebo Gold vermeil.<\/span> <span class=\"\" title=\"\">Sna\u017ete sa v\u0161ak vyhn\u00fa\u0165 pl\u00e1vaniu a pri \u010disten\u00ed si v\u017edy navle\u010dte gumen\u00e9 rukavice.<\/span><\/span><\/div>\n<\/div>\n<\/div>\n<\/div>\n<\/div>\n<p class=\"font_8\" style=\"text-align: center;\"><span class=\"wixGuard\">\u200b<\/span><\/p>\n<h2 class=\"font_3\" style=\"text-align: center;\"><span style=\"font-family: 'Work Sans', sans-serif; font-size: 14pt;\">GOLD VERMEIL<\/span><\/h2>\n<p class=\"font_3\" style=\"text-align: center;\"><span style=\"font-size: 12pt;\"><span class=\"wixGuard\" style=\"font-family: 'IBM Plex Sans', sans-serif;\">&#8222;Gold vermeil&#8220; je mikr\u00f3novo pozl\u00e1ten\u00e9 striebro 23k zlatom. Aj ke\u010f je Gold vermeil odolnej\u0161\u00ed vo\u010di oxid\u00e1cii ako striebro, m\u00f4\u017ee sa zne\u010disti\u0165 a mierne opotrebova\u0165. Av\u0161ak budete milo prekvapen\u00ed ako dlho vydr\u017eia va\u0161e \u0161perky, ak budete postupova\u0165 pod\u013ea na\u0161ich jednoduch\u00fdch pravidiel.\u200b<\/span><\/span><\/p>\n<p>&nbsp;<\/p>\n<p style=\"text-align: center;\"><em><span style=\"font-family: 'IBM Plex Sans', sans-serif;\"><span class=\"wixGuard\">\u200b<\/span>\u200b<span class=\"wixGuard\">\u200b- <\/span>Ak \u0161perky nenos\u00edte, ulo\u017ete ich do l\u00e1tkov\u00e9ho alebo plastov\u00e9ho vrec\u00fa\u0161ka<\/span><\/em><\/p>\n<p style=\"text-align: center;\"><em><span style=\"font-family: 'IBM Plex Sans', sans-serif;\">&#8211; Odlo\u017ete svoje Gold vermelov\u00e9 \u0161perky pri sprchovan\u00ed, cvi\u010den\u00ed a pl\u00e1van\u00ed (hroz\u00ed zv\u00fd\u0161en\u00e1 pravdepodobnos\u0165 po\u0161kodenia a po\u0161kriabania)<\/span><\/em><\/p>\n<p style=\"text-align: center;\"><em><span style=\"font-family: 'IBM Plex Sans', sans-serif;\">&#8211; Odlo\u017ete \u0161perky pred sp\u00e1nkom<\/span><\/em><\/p>\n<p style=\"text-align: center;\"><em><span style=\"font-family: 'IBM Plex Sans', sans-serif;\">&#8211; Kozmetika m\u00f4\u017ee sp\u00f4sobi\u0165\u00a0 kor\u00f3ziu, preto si \u0161perky nasad\u0165e a\u017e po beauty rutine a parf\u00e9me<\/span><\/em><\/p>\n<p style=\"text-align: center;\"><em><span style=\"font-family: 'IBM Plex Sans', sans-serif;\">&#8211; Pri \u010disten\u00ed noste gumen\u00e9 rukavice, preto\u017ee bielidlo a chemik\u00e1lie m\u00f4\u017eu odstr\u00e1ni\u0165 pozl\u00e1ten\u00fa vrstvu<\/span><\/em><\/p>\n<p>&nbsp;<\/p>\n<p>&nbsp;<\/p>\n<p class=\"font_8\" style=\"text-align: center;\">\n","protected":false},"excerpt":{"rendered":"<p>&nbsp; STAROSTLIVOS\u0164 Pros\u00edm noste a strajte sa o svoje \u0161perky s l\u00e1skou &nbsp; &nbsp; STRIEBRO V\u0161etky \u0161perky s\u00fa ru\u010dne vyr\u00e1ban\u00e9 zo striebra 925. Oxid\u00e1cia je prirodzen\u00e1 vlastno\u0165 striebra, hlavne ak s\u00fa \u0161perky nenosen\u00e9. Pre udr\u017eanie \u0161perkov v \u010do najlep\u0161om stave dr\u017ete ich v uzamykate\u013enom s\u00e1\u010dku bez pr\u00edvodu vzduchu. Ob\u010das o\u010distite prostriedkom na striebro a m\u00e4kkou [&hellip;]<\/p>\n","protected":false},"author":2,"featured_media":0,"parent":0,"menu_order":0,"comment_status":"closed","ping_status":"closed","template":"templates\/blocks.php","meta":{"_acf_changed":false,"footnotes":""},"class_list":["post-8409","page","type-page","status-publish","hentry"],"acf":[],"yoast_head":"<!-- This site is optimized with the Yoast SEO plugin v27.4 - https:\/\/yoast.com\/product\/yoast-seo-wordpress\/ -->\n<title>Po\u0161tovn\u00e9 \/ Doru\u010denie - bepart<\/title>\n<meta name=\"robots\" content=\"index, follow, max-snippet:-1, max-image-preview:large, max-video-preview:-1\" \/>\n<link rel=\"canonical\" href=\"https:\/\/www.bepartstudio.com\/shipping-delivery\/\" \/>\n<meta property=\"og:locale\" content=\"sk_SK\" \/>\n<meta property=\"og:type\" content=\"article\" \/>\n<meta property=\"og:title\" content=\"Po\u0161tovn\u00e9 \/ Doru\u010denie - bepart\" \/>\n<meta property=\"og:description\" content=\"&nbsp; STAROSTLIVOS\u0164 Pros\u00edm noste a strajte sa o svoje \u0161perky s l\u00e1skou &nbsp; &nbsp; STRIEBRO V\u0161etky \u0161perky s\u00fa ru\u010dne vyr\u00e1ban\u00e9 zo striebra 925. Oxid\u00e1cia je prirodzen\u00e1 vlastno\u0165 striebra, hlavne ak s\u00fa \u0161perky nenosen\u00e9. Pre udr\u017eanie \u0161perkov v \u010do najlep\u0161om stave dr\u017ete ich v uzamykate\u013enom s\u00e1\u010dku bez pr\u00edvodu vzduchu. Ob\u010das o\u010distite prostriedkom na striebro a m\u00e4kkou [&hellip;]\" \/>\n<meta property=\"og:url\" content=\"https:\/\/www.bepartstudio.com\/shipping-delivery\/\" \/>\n<meta property=\"og:site_name\" content=\"bepart\" \/>\n<meta property=\"article:modified_time\" content=\"2020-10-01T15:44:35+00:00\" \/>\n<meta name=\"twitter:card\" content=\"summary_large_image\" \/>\n<meta name=\"twitter:label1\" content=\"Predpokladan\u00fd \u010das \u010d\u00edtania\" \/>\n\t<meta name=\"twitter:data1\" content=\"2 min\u00faty\" \/>\n<script type=\"application\/ld+json\" class=\"yoast-schema-graph\">{\"@context\":\"https:\\\/\\\/schema.org\",\"@graph\":[{\"@type\":\"WebPage\",\"@id\":\"https:\\\/\\\/www.bepartstudio.com\\\/shipping-delivery\\\/\",\"url\":\"https:\\\/\\\/www.bepartstudio.com\\\/shipping-delivery\\\/\",\"name\":\"Po\u0161tovn\u00e9 \\\/ Doru\u010denie - bepart\",\"isPartOf\":{\"@id\":\"https:\\\/\\\/www.bepartstudio.com\\\/#website\"},\"datePublished\":\"2020-09-29T15:48:43+00:00\",\"dateModified\":\"2020-10-01T15:44:35+00:00\",\"breadcrumb\":{\"@id\":\"https:\\\/\\\/www.bepartstudio.com\\\/shipping-delivery\\\/#breadcrumb\"},\"inLanguage\":\"sk-SK\",\"potentialAction\":[{\"@type\":\"ReadAction\",\"target\":[\"https:\\\/\\\/www.bepartstudio.com\\\/shipping-delivery\\\/\"]}]},{\"@type\":\"BreadcrumbList\",\"@id\":\"https:\\\/\\\/www.bepartstudio.com\\\/shipping-delivery\\\/#breadcrumb\",\"itemListElement\":[{\"@type\":\"ListItem\",\"position\":1,\"name\":\"Home\",\"item\":\"https:\\\/\\\/www.bepartstudio.com\\\/sk\\\/\"},{\"@type\":\"ListItem\",\"position\":2,\"name\":\"Po\u0161tovn\u00e9 \\\/ Doru\u010denie\"}]},{\"@type\":\"WebSite\",\"@id\":\"https:\\\/\\\/www.bepartstudio.com\\\/#website\",\"url\":\"https:\\\/\\\/www.bepartstudio.com\\\/\",\"name\":\"bepart\",\"description\":\"Handmade fine jewelry\",\"potentialAction\":[{\"@type\":\"SearchAction\",\"target\":{\"@type\":\"EntryPoint\",\"urlTemplate\":\"https:\\\/\\\/www.bepartstudio.com\\\/?s={search_term_string}\"},\"query-input\":{\"@type\":\"PropertyValueSpecification\",\"valueRequired\":true,\"valueName\":\"search_term_string\"}}],\"inLanguage\":\"sk-SK\"}]}<\/script>\n<!-- \/ Yoast SEO plugin. -->","yoast_head_json":{"title":"Po\u0161tovn\u00e9 \/ Doru\u010denie - bepart","robots":{"index":"index","follow":"follow","max-snippet":"max-snippet:-1","max-image-preview":"max-image-preview:large","max-video-preview":"max-video-preview:-1"},"canonical":"https:\/\/www.bepartstudio.com\/shipping-delivery\/","og_locale":"sk_SK","og_type":"article","og_title":"Po\u0161tovn\u00e9 \/ Doru\u010denie - bepart","og_description":"&nbsp; STAROSTLIVOS\u0164 Pros\u00edm noste a strajte sa o svoje \u0161perky s l\u00e1skou &nbsp; &nbsp; STRIEBRO V\u0161etky \u0161perky s\u00fa ru\u010dne vyr\u00e1ban\u00e9 zo striebra 925. Oxid\u00e1cia je prirodzen\u00e1 vlastno\u0165 striebra, hlavne ak s\u00fa \u0161perky nenosen\u00e9. Pre udr\u017eanie \u0161perkov v \u010do najlep\u0161om stave dr\u017ete ich v uzamykate\u013enom s\u00e1\u010dku bez pr\u00edvodu vzduchu. Ob\u010das o\u010distite prostriedkom na striebro a m\u00e4kkou [&hellip;]","og_url":"https:\/\/www.bepartstudio.com\/shipping-delivery\/","og_site_name":"bepart","article_modified_time":"2020-10-01T15:44:35+00:00","twitter_card":"summary_large_image","twitter_misc":{"Predpokladan\u00fd \u010das \u010d\u00edtania":"2 min\u00faty"},"schema":{"@context":"https:\/\/schema.org","@graph":[{"@type":"WebPage","@id":"https:\/\/www.bepartstudio.com\/shipping-delivery\/","url":"https:\/\/www.bepartstudio.com\/shipping-delivery\/","name":"Po\u0161tovn\u00e9 \/ Doru\u010denie - bepart","isPartOf":{"@id":"https:\/\/www.bepartstudio.com\/#website"},"datePublished":"2020-09-29T15:48:43+00:00","dateModified":"2020-10-01T15:44:35+00:00","breadcrumb":{"@id":"https:\/\/www.bepartstudio.com\/shipping-delivery\/#breadcrumb"},"inLanguage":"sk-SK","potentialAction":[{"@type":"ReadAction","target":["https:\/\/www.bepartstudio.com\/shipping-delivery\/"]}]},{"@type":"BreadcrumbList","@id":"https:\/\/www.bepartstudio.com\/shipping-delivery\/#breadcrumb","itemListElement":[{"@type":"ListItem","position":1,"name":"Home","item":"https:\/\/www.bepartstudio.com\/sk\/"},{"@type":"ListItem","position":2,"name":"Po\u0161tovn\u00e9 \/ Doru\u010denie"}]},{"@type":"WebSite","@id":"https:\/\/www.bepartstudio.com\/#website","url":"https:\/\/www.bepartstudio.com\/","name":"bepart","description":"Handmade fine jewelry","potentialAction":[{"@type":"SearchAction","target":{"@type":"EntryPoint","urlTemplate":"https:\/\/www.bepartstudio.com\/?s={search_term_string}"},"query-input":{"@type":"PropertyValueSpecification","valueRequired":true,"valueName":"search_term_string"}}],"inLanguage":"sk-SK"}]}},"jetpack_sharing_enabled":true,"_links":{"self":[{"href":"https:\/\/www.bepartstudio.com\/sk\/wp-json\/wp\/v2\/pages\/8409","targetHints":{"allow":["GET"]}}],"collection":[{"href":"https:\/\/www.bepartstudio.com\/sk\/wp-json\/wp\/v2\/pages"}],"about":[{"href":"https:\/\/www.bepartstudio.com\/sk\/wp-json\/wp\/v2\/types\/page"}],"author":[{"embeddable":true,"href":"https:\/\/www.bepartstudio.com\/sk\/wp-json\/wp\/v2\/users\/2"}],"replies":[{"embeddable":true,"href":"https:\/\/www.bepartstudio.com\/sk\/wp-json\/wp\/v2\/comments?post=8409"}],"version-history":[{"count":6,"href":"https:\/\/www.bepartstudio.com\/sk\/wp-json\/wp\/v2\/pages\/8409\/revisions"}],"predecessor-version":[{"id":8925,"href":"https:\/\/www.bepartstudio.com\/sk\/wp-json\/wp\/v2\/pages\/8409\/revisions\/8925"}],"wp:attachment":[{"href":"https:\/\/www.bepartstudio.com\/sk\/wp-json\/wp\/v2\/media?parent=8409"}],"curies":[{"name":"wp","href":"https:\/\/api.w.org\/{rel}","templated":true}]}}