{"id":852,"date":"2020-03-21T16:50:37","date_gmt":"2020-03-21T15:50:37","guid":{"rendered":"https:\/\/www.bepartstudio.com\/?page_id=852"},"modified":"2020-03-21T16:50:37","modified_gmt":"2020-03-21T15:50:37","slug":"cookies","status":"publish","type":"page","link":"https:\/\/www.bepartstudio.com\/sk\/cookies\/","title":{"rendered":"Cookies"},"content":{"rendered":"<div class=\"text-cookies\">\n<p>Cookie je kr\u00e1tky textov\u00fd s\u00fabor, ktor\u00fd do prehliada\u010da odosielaj\u00fa nav\u0161t\u00edven\u00e9 webov\u00e9 str\u00e1nky. S\u00fabory cookie s\u00fa d\u00f4le\u017eit\u00e9. Bez nich by bolo prehliadanie webu ove\u013ea zlo\u017eitej\u0161ie. Cookie n\u00e1m v \u017eiadnom pr\u00edpade neposkytuj\u00fa pr\u00edstup k v\u00e1\u0161mu po\u010d\u00edta\u010du alebo ak\u00fdmko\u013evek inform\u00e1ciam o V\u00e1s, okrem \u00fadajov, ktor\u00e9 budete chcie\u0165 zdie\u013ea\u0165 s nami. Webov\u00fdm str\u00e1nkam umo\u017e\u0148uje zapam\u00e4ta\u0165 si inform\u00e1cie o va\u0161ej n\u00e1v\u0161teve, napr\u00edklad na ukladanie va\u0161ich predvolieb bezpe\u010dn\u00e9ho vyh\u013ead\u00e1vania, na v\u00fdber relevantn\u00fdch rekl\u00e1m, na sledovanie po\u010dtu n\u00e1v\u0161tevn\u00edkov na str\u00e1nke, na zjednodu\u0161enie registr\u00e1cie do nov\u00fdch slu\u017eieb a na ochranu va\u0161ich \u00fadajov. \u010eal\u0161ia n\u00e1v\u0161teva str\u00e1nok tak m\u00f4\u017ee prebehn\u00fa\u0165 \u013eah\u0161ie a m\u00f4\u017ee by\u0165 produkt\u00edvnej\u0161ia.<\/p>\n<\/div>\n","protected":false},"excerpt":{"rendered":"<p>Cookie je kr\u00e1tky textov\u00fd s\u00fabor, ktor\u00fd do prehliada\u010da odosielaj\u00fa nav\u0161t\u00edven\u00e9 webov\u00e9 str\u00e1nky. S\u00fabory cookie s\u00fa d\u00f4le\u017eit\u00e9. Bez nich by bolo prehliadanie webu ove\u013ea zlo\u017eitej\u0161ie. Cookie n\u00e1m v \u017eiadnom pr\u00edpade neposkytuj\u00fa pr\u00edstup k v\u00e1\u0161mu po\u010d\u00edta\u010du alebo ak\u00fdmko\u013evek inform\u00e1ciam o V\u00e1s, okrem \u00fadajov, ktor\u00e9 budete chcie\u0165 zdie\u013ea\u0165 s nami. Webov\u00fdm str\u00e1nkam umo\u017e\u0148uje zapam\u00e4ta\u0165 si inform\u00e1cie o va\u0161ej [&hellip;]<\/p>\n","protected":false},"author":1,"featured_media":0,"parent":0,"menu_order":0,"comment_status":"closed","ping_status":"closed","template":"","meta":{"_acf_changed":false,"footnotes":""},"class_list":["post-852","page","type-page","status-publish","hentry"],"acf":[],"yoast_head":"<!-- This site is optimized with the Yoast SEO plugin v27.4 - https:\/\/yoast.com\/product\/yoast-seo-wordpress\/ -->\n<title>Cookies - bepart<\/title>\n<meta name=\"robots\" content=\"index, follow, max-snippet:-1, max-image-preview:large, max-video-preview:-1\" \/>\n<link rel=\"canonical\" href=\"https:\/\/www.bepartstudio.com\/cookies\/\" \/>\n<meta property=\"og:locale\" content=\"sk_SK\" \/>\n<meta property=\"og:type\" content=\"article\" \/>\n<meta property=\"og:title\" content=\"Cookies - bepart\" \/>\n<meta property=\"og:description\" content=\"Cookie je kr\u00e1tky textov\u00fd s\u00fabor, ktor\u00fd do prehliada\u010da odosielaj\u00fa nav\u0161t\u00edven\u00e9 webov\u00e9 str\u00e1nky. S\u00fabory cookie s\u00fa d\u00f4le\u017eit\u00e9. Bez nich by bolo prehliadanie webu ove\u013ea zlo\u017eitej\u0161ie. Cookie n\u00e1m v \u017eiadnom pr\u00edpade neposkytuj\u00fa pr\u00edstup k v\u00e1\u0161mu po\u010d\u00edta\u010du alebo ak\u00fdmko\u013evek inform\u00e1ciam o V\u00e1s, okrem \u00fadajov, ktor\u00e9 budete chcie\u0165 zdie\u013ea\u0165 s nami. Webov\u00fdm str\u00e1nkam umo\u017e\u0148uje zapam\u00e4ta\u0165 si inform\u00e1cie o va\u0161ej [&hellip;]\" \/>\n<meta property=\"og:url\" content=\"https:\/\/www.bepartstudio.com\/cookies\/\" \/>\n<meta property=\"og:site_name\" content=\"bepart\" \/>\n<meta name=\"twitter:card\" content=\"summary_large_image\" \/>\n<meta name=\"twitter:label1\" content=\"Predpokladan\u00fd \u010das \u010d\u00edtania\" \/>\n\t<meta name=\"twitter:data1\" content=\"1 min\u00fata\" \/>\n<script type=\"application\/ld+json\" class=\"yoast-schema-graph\">{\"@context\":\"https:\\\/\\\/schema.org\",\"@graph\":[{\"@type\":\"WebPage\",\"@id\":\"https:\\\/\\\/www.bepartstudio.com\\\/cookies\\\/\",\"url\":\"https:\\\/\\\/www.bepartstudio.com\\\/cookies\\\/\",\"name\":\"Cookies - bepart\",\"isPartOf\":{\"@id\":\"https:\\\/\\\/www.bepartstudio.com\\\/#website\"},\"datePublished\":\"2020-03-21T15:50:37+00:00\",\"breadcrumb\":{\"@id\":\"https:\\\/\\\/www.bepartstudio.com\\\/cookies\\\/#breadcrumb\"},\"inLanguage\":\"sk-SK\",\"potentialAction\":[{\"@type\":\"ReadAction\",\"target\":[\"https:\\\/\\\/www.bepartstudio.com\\\/cookies\\\/\"]}]},{\"@type\":\"BreadcrumbList\",\"@id\":\"https:\\\/\\\/www.bepartstudio.com\\\/cookies\\\/#breadcrumb\",\"itemListElement\":[{\"@type\":\"ListItem\",\"position\":1,\"name\":\"Home\",\"item\":\"https:\\\/\\\/www.bepartstudio.com\\\/sk\\\/\"},{\"@type\":\"ListItem\",\"position\":2,\"name\":\"Cookies\"}]},{\"@type\":\"WebSite\",\"@id\":\"https:\\\/\\\/www.bepartstudio.com\\\/#website\",\"url\":\"https:\\\/\\\/www.bepartstudio.com\\\/\",\"name\":\"bepart\",\"description\":\"Handmade fine jewelry\",\"potentialAction\":[{\"@type\":\"SearchAction\",\"target\":{\"@type\":\"EntryPoint\",\"urlTemplate\":\"https:\\\/\\\/www.bepartstudio.com\\\/?s={search_term_string}\"},\"query-input\":{\"@type\":\"PropertyValueSpecification\",\"valueRequired\":true,\"valueName\":\"search_term_string\"}}],\"inLanguage\":\"sk-SK\"}]}<\/script>\n<!-- \/ Yoast SEO plugin. -->","yoast_head_json":{"title":"Cookies - bepart","robots":{"index":"index","follow":"follow","max-snippet":"max-snippet:-1","max-image-preview":"max-image-preview:large","max-video-preview":"max-video-preview:-1"},"canonical":"https:\/\/www.bepartstudio.com\/cookies\/","og_locale":"sk_SK","og_type":"article","og_title":"Cookies - bepart","og_description":"Cookie je kr\u00e1tky textov\u00fd s\u00fabor, ktor\u00fd do prehliada\u010da odosielaj\u00fa nav\u0161t\u00edven\u00e9 webov\u00e9 str\u00e1nky. S\u00fabory cookie s\u00fa d\u00f4le\u017eit\u00e9. Bez nich by bolo prehliadanie webu ove\u013ea zlo\u017eitej\u0161ie. Cookie n\u00e1m v \u017eiadnom pr\u00edpade neposkytuj\u00fa pr\u00edstup k v\u00e1\u0161mu po\u010d\u00edta\u010du alebo ak\u00fdmko\u013evek inform\u00e1ciam o V\u00e1s, okrem \u00fadajov, ktor\u00e9 budete chcie\u0165 zdie\u013ea\u0165 s nami. Webov\u00fdm str\u00e1nkam umo\u017e\u0148uje zapam\u00e4ta\u0165 si inform\u00e1cie o va\u0161ej [&hellip;]","og_url":"https:\/\/www.bepartstudio.com\/cookies\/","og_site_name":"bepart","twitter_card":"summary_large_image","twitter_misc":{"Predpokladan\u00fd \u010das \u010d\u00edtania":"1 min\u00fata"},"schema":{"@context":"https:\/\/schema.org","@graph":[{"@type":"WebPage","@id":"https:\/\/www.bepartstudio.com\/cookies\/","url":"https:\/\/www.bepartstudio.com\/cookies\/","name":"Cookies - bepart","isPartOf":{"@id":"https:\/\/www.bepartstudio.com\/#website"},"datePublished":"2020-03-21T15:50:37+00:00","breadcrumb":{"@id":"https:\/\/www.bepartstudio.com\/cookies\/#breadcrumb"},"inLanguage":"sk-SK","potentialAction":[{"@type":"ReadAction","target":["https:\/\/www.bepartstudio.com\/cookies\/"]}]},{"@type":"BreadcrumbList","@id":"https:\/\/www.bepartstudio.com\/cookies\/#breadcrumb","itemListElement":[{"@type":"ListItem","position":1,"name":"Home","item":"https:\/\/www.bepartstudio.com\/sk\/"},{"@type":"ListItem","position":2,"name":"Cookies"}]},{"@type":"WebSite","@id":"https:\/\/www.bepartstudio.com\/#website","url":"https:\/\/www.bepartstudio.com\/","name":"bepart","description":"Handmade fine jewelry","potentialAction":[{"@type":"SearchAction","target":{"@type":"EntryPoint","urlTemplate":"https:\/\/www.bepartstudio.com\/?s={search_term_string}"},"query-input":{"@type":"PropertyValueSpecification","valueRequired":true,"valueName":"search_term_string"}}],"inLanguage":"sk-SK"}]}},"jetpack_sharing_enabled":true,"_links":{"self":[{"href":"https:\/\/www.bepartstudio.com\/sk\/wp-json\/wp\/v2\/pages\/852","targetHints":{"allow":["GET"]}}],"collection":[{"href":"https:\/\/www.bepartstudio.com\/sk\/wp-json\/wp\/v2\/pages"}],"about":[{"href":"https:\/\/www.bepartstudio.com\/sk\/wp-json\/wp\/v2\/types\/page"}],"author":[{"embeddable":true,"href":"https:\/\/www.bepartstudio.com\/sk\/wp-json\/wp\/v2\/users\/1"}],"replies":[{"embeddable":true,"href":"https:\/\/www.bepartstudio.com\/sk\/wp-json\/wp\/v2\/comments?post=852"}],"version-history":[{"count":1,"href":"https:\/\/www.bepartstudio.com\/sk\/wp-json\/wp\/v2\/pages\/852\/revisions"}],"predecessor-version":[{"id":853,"href":"https:\/\/www.bepartstudio.com\/sk\/wp-json\/wp\/v2\/pages\/852\/revisions\/853"}],"wp:attachment":[{"href":"https:\/\/www.bepartstudio.com\/sk\/wp-json\/wp\/v2\/media?parent=852"}],"curies":[{"name":"wp","href":"https:\/\/api.w.org\/{rel}","templated":true}]}}