{"id":8968,"date":"2020-10-01T17:59:30","date_gmt":"2020-10-01T16:59:30","guid":{"rendered":"https:\/\/www.bepartstudio.com\/?page_id=8968"},"modified":"2020-10-01T18:50:31","modified_gmt":"2020-10-01T17:50:31","slug":"ochrana-osobnych-udajov","status":"publish","type":"page","link":"https:\/\/www.bepartstudio.com\/sk\/ochrana-osobnych-udajov\/","title":{"rendered":"Ochrana osobn\u00fdch \u00fadajov"},"content":{"rendered":"<div id=\"main-content\" class=\"region clear-block\">\n<div id=\"node-323\" class=\"node clear-block\">\n<div class=\"content\">\n<p>&nbsp;<\/p>\n<p><span style=\"font-family: 'IBM Plex Sans', sans-serif;\">Pred\u00e1vaj\u00faci spracov\u00e1va\u00a0 osobn\u00e9 \u00fadaje v s\u00falade s ustanoveniami Nariadenia eur\u00f3pskeho parlamentu a rady (E\u00da) 2016\/679, z 27. apr\u00edla 2016\u00a0 (GDPR) a\u00a0 Z\u00e1kona N\u00e1rodnej rady SR<\/span><\/p>\n<p><span style=\"font-family: 'IBM Plex Sans', sans-serif;\">\u010d. 18\/2018 Z. z. o ochrane osobn\u00fdch \u00fadajov a o zmene a doplnen\u00ed niektor\u00fdch z\u00e1konov<\/span><\/p>\n<p><span style=\"font-family: 'IBM Plex Sans', sans-serif;\">Osobn\u00e9 \u00fadaje s\u00fa spracov\u00e1van\u00e9:<\/span><\/p>\n<p><span style=\"font-family: 'IBM Plex Sans', sans-serif;\">1.\u00a0\u00a0\u00a0<u>za \u00fa\u010delom<\/u><\/span><\/p>\n<p><span style=\"font-family: 'IBM Plex Sans', sans-serif;\">\u00a0\u00a0\u00a0\u00a0\u00a0 objednania tovaru, potvrdenie objedn\u00e1vky, uzatvorenie k\u00fapnej zmluvy, \u00a0\u00a0\u00a0\u00a0\u00a0\u00a0\u00a0\u00a0\u00a0\u00a0\u00a0\u00a0\u00a0\u00a0\u00a0\u00a0\u00a0\u00a0\u00a0\u00a0\u00a0\u00a0\u00a0\u00a0\u00a0\u00a0\u00a0\u00a0\u00a0\u00a0\u00a0\u00a0\u00a0\u00a0\u00a0\u00a0<\/span><\/p>\n<p><span style=\"font-family: 'IBM Plex Sans', sans-serif;\">\u00a0\u00a0\u00a0\u00a0\u00a0 vystavenie da\u0148ov\u00e9ho dokladu, dodanie objednan\u00e9ho tovaru, evidenciu kupuj\u00facich na \u00a0\u00a0\u00a0\u00a0<\/span><\/p>\n<p><span style=\"font-family: 'IBM Plex Sans', sans-serif;\">\u00a0\u00a0\u00a0\u00a0\u00a0 administrat\u00edvne \u00fa\u010dely, evidenciu objedn\u00e1vok pre rie\u0161enie pr\u00edpadn\u00fdch reklam\u00e1ci\u00ed, \u00a0\u00a0<\/span><\/p>\n<p><span style=\"font-family: 'IBM Plex Sans', sans-serif;\">\u00a0\u00a0\u00a0\u00a0\u00a0 informovanie o akci\u00e1ch, aukci\u00e1ch, novink\u00e1ch a z\u013eav\u00e1ch\u00a0 a vedenie vernostn\u00e9ho programu\u037e<\/span><\/p>\n<p><span style=\"font-family: 'IBM Plex Sans', sans-serif;\">2.\u00a0\u00a0<u>na pr\u00e1vnom z\u00e1klade<\/u><\/span><\/p>\n<p><span style=\"font-family: 'IBM Plex Sans', sans-serif;\">\u00a0\u00a0\u00a0 a) s\u00fahlasu dotknutej osoby (kupuj\u00faceho)<\/span><\/p>\n<p><span style=\"font-family: 'IBM Plex Sans', sans-serif;\">\u00a0\u00a0\u00a0\u00a0\u00a0 \u00a0\u00a0&#8211;\u00a0 s\u00fahlasu\u00a0 formou akt\u00edvneho on-line s\u00fahlasu\u00a0 na str\u00e1nke www.bepartstudio.com<\/span><\/p>\n<p><span style=\"font-family: 'IBM Plex Sans', sans-serif;\">\u00a0\u00a0\u00a0\u00a0\u00a0 \u00a0\u00a0&#8211;\u00a0 formou p\u00edsomn\u00e9ho s\u00fahlasu pri osobnom odbere tovaru<\/span><\/p>\n<p><span style=\"font-family: 'IBM Plex Sans', sans-serif;\">\u00a0\u00a0\u00a0\u00a0\u00a0\u00a0 \u00a0&#8211;\u00a0 s\u00fahlasu\u00a0 na odber newslettera\u00a0 prostredn\u00edctvom elektronickej po\u0161ty\u00a0\u00a0\u00a0\u00a0\u00a0\u00a0\u00a0\u00a0\u00a0\u00a0\u00a0\u00a0\u00a0\u00a0\u00a0\u00a0\u00a0\u00a0\u00a0\u00a0\u00a0\u00a0\u00a0\u00a0 \u00a0\u00a0\u00a0\u00a0\u00a0\u00a0\u00a0\u00a0\u00a0<\/span><\/p>\n<p><span style=\"font-family: 'IBM Plex Sans', sans-serif;\">\u00a0\u00a0\u00a0\u00a0\u00a0\u00a0\u00a0 &#8211;\u00a0 formou p\u00edsomn\u00e9ho s\u00fahlasu na odber newslettera pri osobnom odbere\u037e<\/span><\/p>\n<p><span style=\"font-family: 'IBM Plex Sans', sans-serif;\">\u00a0 \u00a0\u00a0\u00a0b) potvrdenej objedn\u00e1vky kupuj\u00facim \u00a0formou akt\u00edvneho s\u00fahlasu\u00a0 na\u00a0 str\u00e1nke<\/span><\/p>\n<p><span style=\"font-family: 'IBM Plex Sans', sans-serif;\">\u00a0 \u00a0\u00a0\u00a0\u00a0\u00a0\u00a0\u00a0\u00a0www.bepartstudio.com<\/span><\/p>\n<p><span style=\"font-family: 'IBM Plex Sans', sans-serif;\">\u00a0 \u00a0\u00a0\u00a0c) osobitn\u00e9ho z\u00e1kona napr.<\/span><\/p>\n<p><span style=\"font-family: 'IBM Plex Sans', sans-serif;\">\u00a0\u00a0\u00a0\u00a0\u00a0\u00a0\u00a0\u00a0\u00a0 &#8211; z\u00e1kon \u010d. 513\/1991 Zb. Obchodn\u00fd z\u00e1konn\u00edk v\u00a0znen\u00ed\u00a0\u00a0 neskor\u0161\u00edch predpisov,<\/span><\/p>\n<p><span style=\"font-family: 'IBM Plex Sans', sans-serif;\">\u00a0\u00a0 \u00a0\u00a0\u00a0\u00a0\u00a0\u00a0\u00a0&#8211; z\u00e1kon \u010d. 431\/2002 Z.z. o\u00a0\u00fa\u010dtovn\u00edctve v\u00a0znen\u00ed neskor\u0161\u00edch predpisov,<\/span><\/p>\n<p><span style=\"font-family: 'IBM Plex Sans', sans-serif;\">\u00a0\u00a0\u00a0 \u00a0\u00a0\u00a0\u00a0\u00a0\u00a0&#8211; z\u00e1kon \u010d. 222\/2004 Z.z. o\u00a0dani z\u00a0pridanej hodnoty v\u00a0znen\u00ed neskor\u0161\u00edch predpisov,<\/span><\/p>\n<p><span style=\"font-family: 'IBM Plex Sans', sans-serif;\">\u00a0\u00a0\u00a0\u00a0 \u00a0\u00a0\u00a0\u00a0\u00a0&#8211; z\u00e1kon \u010d. 22\/2004 Z.z. o\u00a0elektronickom obchode,<\/span><\/p>\n<p><span style=\"font-family: 'IBM Plex Sans', sans-serif;\">\u00a0\u00a0\u00a0\u00a0 \u00a0\u00a0\u00a0\u00a0\u00a0&#8211; z\u00e1kon \u010d. 102\/2014 Z.z. o\u00a0ochrane spotrebite\u013ea pri predaji tovaru alebo poskytovan\u00ed<\/span><\/p>\n<p><span style=\"font-family: 'IBM Plex Sans', sans-serif;\">\u00a0\u00a0\u00a0\u00a0\u00a0\u00a0 \u00a0\u00a0\u00a0\u00a0\u00a0slu\u017eieb na z\u00e1klade zmluvy\u00a0 uzatvorenej na dia\u013eku alebo zmluvy uzatvorenej mimo\u00a0\u00a0<\/span><\/p>\n<p><span style=\"font-family: 'IBM Plex Sans', sans-serif;\">\u00a0\u00a0\u00a0\u00a0\u00a0\u00a0 \u00a0\u00a0\u00a0\u00a0\u00a0prev\u00e1dzkov\u00fdch priestorov pred\u00e1vaj\u00faceho a\u00a0o\u00a0zmene\u00a0 a\u00a0doplnen\u00ed niektor\u00fdch z\u00e1konov\u037e\u00a0<\/span><\/p>\n<p><span style=\"font-family: 'IBM Plex Sans', sans-serif;\">3.\u00a0\u00a0\u00a0<u>v\u00a0rozsahu<\/u><\/span><\/p>\n<p><span style=\"font-family: 'IBM Plex Sans', sans-serif;\">\u00a0\u00a0\u00a0\u00a0\u00a0\u00a0 \u2022 titul, meno, priezvisko<\/span><\/p>\n<p><span style=\"font-family: 'IBM Plex Sans', sans-serif;\">\u00a0\u00a0\u00a0\u00a0\u00a0\u00a0 \u2022 adresa faktura\u010dn\u00e1 a\/alebo doru\u010dovacia<\/span><\/p>\n<p><span style=\"font-family: 'IBM Plex Sans', sans-serif;\">\u00a0\u00a0\u00a0\u00a0\u00a0\u00a0 \u2022 e-mail<\/span><\/p>\n<p><span style=\"font-family: 'IBM Plex Sans', sans-serif;\">\u00a0\u00a0\u00a0\u00a0\u00a0\u00a0 \u2022 telef\u00f3nne \u010d\u00edslo, mobiln\u00e9 \u010d\u00edslo<\/span><\/p>\n<p><span style=\"font-family: 'IBM Plex Sans', sans-serif;\">\u00a0\u00a0\u00a0\u00a0\u00a0\u00a0 \u2022 pr\u00edslu\u0161nos\u0165 k\u00a0firme pri firemn\u00fdch z\u00e1kazn\u00edkoch<\/span><\/p>\n<p><span style=\"font-family: 'IBM Plex Sans', sans-serif;\">\u00a0\u00a0\u00a0\u00a0\u00a0\u00a0 \u2022 celkov\u00e1 cena objedn\u00e1vky (dobierky)<\/span><\/p>\n<p><span style=\"font-family: 'IBM Plex Sans', sans-serif;\">\u00a0\u00a0\u00a0\u00a0\u00a0\u00a0 \u2022 celkov\u00fd po\u010det objedn\u00e1vok a\u00a0ich celkov\u00e1 hodnota\u037e<\/span><\/p>\n<p><span style=\"font-family: 'IBM Plex Sans', sans-serif;\">4.\u00a0\u00a0<u>forma spracov\u00e1vania osobn\u00fdch \u00fadajov<\/u><\/span><\/p>\n<p><span style=\"font-family: 'IBM Plex Sans', sans-serif;\">\u00a0\u00a0\u00a0\u00a0 \u00a0\u2022 automatizovane on line www.bepartstudio.com<\/span><\/p>\n<p><span style=\"font-family: 'IBM Plex Sans', sans-serif;\">\u00a0\u00a0\u00a0\u00a0\u00a0 \u2022 fakt\u00fary\u00a0\u00a0<\/span><\/p>\n<p><span style=\"font-family: 'IBM Plex Sans', sans-serif;\">\u00a0\u00a0\u00a0\u00a0\u00a0 \u2022 elektronicky spracov\u00e1van\u00e9 excelovsk\u00e9, textov\u00e9 dokumenty\u00a0<\/span><\/p>\n<p><span style=\"font-family: 'IBM Plex Sans', sans-serif;\">\u00a0\u00a0\u00a0\u00a0\u00a0\u00a0\u00a0\u00a0 a\u00a0ich vyhotovovanie v \u00a0listinnej podobe<\/span><\/p>\n<p>&nbsp;<\/p>\n<p><span style=\"font-family: 'IBM Plex Sans', sans-serif;\">\u00a05.\u00a0\u00a0\u00a0<u>Predpokladan\u00e9 lehoty na vymazanie osobn\u00fdch \u00fadajov<\/u><\/span><\/p>\n<p><span style=\"font-family: 'IBM Plex Sans', sans-serif;\">\u00a0\u00a0\u00a0\u00a0\u00a0\u00a0 a) \u00a0na z\u00e1klade osobitn\u00e9ho z\u00e1kona (napr. o\u00a0\u00fa\u010dtovn\u00edctve),<\/span><\/p>\n<p><span style=\"font-family: 'IBM Plex Sans', sans-serif;\">\u00a0\u00a0\u00a0\u00a0\u00a0\u00a0 b) uplatnen\u00edm pr\u00e1va dotknutej osoby v\u00a0zmysle \u00a7 23 Z\u00e1kona\u00a0 \u010d. 18\/2018 Z.z \u00a0\u00a0neodkladne<\/span><\/p>\n<p><span style=\"font-family: 'IBM Plex Sans', sans-serif;\">\u00a0 \u00a0\u00a0\u00a0\u00a0\u00a0\u00a0\u00a0\u00a0po uplatnen\u00ed pr\u00e1va \u2013 v\u00a0lehote jedn\u00e9ho mesiaca.<\/span><\/p>\n<p>&nbsp;<\/p>\n<p><span style=\"font-family: 'IBM Plex Sans', sans-serif;\">6.\u00a0 Pred\u00e1vaj\u00faci prehlasuje, \u017ee v\u0161etky osobn\u00e9 \u00fadaje s\u00fa pova\u017eovan\u00e9 za pr\u00edsne d\u00f4vern\u00e9 a v \u017eiadnom pr\u00edpade ich neposkytujeme tretej strane <\/span><\/p>\n<p>&nbsp;<\/p>\n<p><span style=\"font-family: 'IBM Plex Sans', sans-serif;\">7.\u00a0 Dotknut\u00e1 osoba d\u00e1va s\u00fahlas so sprac\u00favan\u00edm osobn\u00fdch \u00fadajov na dobu neur\u010dit\u00fa<\/span><\/p>\n<\/div>\n<div><\/div>\n<div><span style=\"font-family: 'IBM Plex Sans', sans-serif;\">8.<span style=\"color: #000000;\"><span style=\"font-size: small;\">\u00a0<span style=\"font-size: 12pt;\">S ak\u00fdmiko\u013evek pripomienkami oh\u013eadne spracovania osobn\u00fdch \u00fadajov, alebo v pr\u00edpade uplatnenie svojich pr\u00e1v sa m\u00f4\u017eete na n\u00e1s obr\u00e1ti\u0165 emailom na adresu info@bepartstudio.com\u00a0<\/span><\/span><\/span><\/span><\/div>\n<\/div>\n<\/div>\n","protected":false},"excerpt":{"rendered":"<p>&nbsp; Pred\u00e1vaj\u00faci spracov\u00e1va\u00a0 osobn\u00e9 \u00fadaje v s\u00falade s ustanoveniami Nariadenia eur\u00f3pskeho parlamentu a rady (E\u00da) 2016\/679, z 27. apr\u00edla 2016\u00a0 (GDPR) a\u00a0 Z\u00e1kona N\u00e1rodnej rady SR \u010d. 18\/2018 Z. z. o ochrane osobn\u00fdch \u00fadajov a o zmene a doplnen\u00ed niektor\u00fdch z\u00e1konov Osobn\u00e9 \u00fadaje s\u00fa spracov\u00e1van\u00e9: 1.\u00a0\u00a0\u00a0za \u00fa\u010delom \u00a0\u00a0\u00a0\u00a0\u00a0 objednania tovaru, potvrdenie objedn\u00e1vky, uzatvorenie k\u00fapnej zmluvy, [&hellip;]<\/p>\n","protected":false},"author":2,"featured_media":0,"parent":0,"menu_order":0,"comment_status":"closed","ping_status":"closed","template":"","meta":{"_acf_changed":false,"footnotes":""},"class_list":["post-8968","page","type-page","status-publish","hentry"],"acf":[],"yoast_head":"<!-- This site is optimized with the Yoast SEO plugin v27.4 - https:\/\/yoast.com\/product\/yoast-seo-wordpress\/ -->\n<title>Ochrana osobn\u00fdch \u00fadajov - bepart<\/title>\n<meta name=\"robots\" content=\"index, follow, max-snippet:-1, max-image-preview:large, max-video-preview:-1\" \/>\n<link rel=\"canonical\" href=\"https:\/\/www.bepartstudio.com\/privacy-policy\/\" \/>\n<meta property=\"og:locale\" content=\"sk_SK\" \/>\n<meta property=\"og:type\" content=\"article\" \/>\n<meta property=\"og:title\" content=\"Ochrana osobn\u00fdch \u00fadajov - bepart\" \/>\n<meta property=\"og:description\" content=\"&nbsp; Pred\u00e1vaj\u00faci spracov\u00e1va\u00a0 osobn\u00e9 \u00fadaje v s\u00falade s ustanoveniami Nariadenia eur\u00f3pskeho parlamentu a rady (E\u00da) 2016\/679, z 27. apr\u00edla 2016\u00a0 (GDPR) a\u00a0 Z\u00e1kona N\u00e1rodnej rady SR \u010d. 18\/2018 Z. z. o ochrane osobn\u00fdch \u00fadajov a o zmene a doplnen\u00ed niektor\u00fdch z\u00e1konov Osobn\u00e9 \u00fadaje s\u00fa spracov\u00e1van\u00e9: 1.\u00a0\u00a0\u00a0za \u00fa\u010delom \u00a0\u00a0\u00a0\u00a0\u00a0 objednania tovaru, potvrdenie objedn\u00e1vky, uzatvorenie k\u00fapnej zmluvy, [&hellip;]\" \/>\n<meta property=\"og:url\" content=\"https:\/\/www.bepartstudio.com\/privacy-policy\/\" \/>\n<meta property=\"og:site_name\" content=\"bepart\" \/>\n<meta property=\"article:modified_time\" content=\"2020-10-01T17:50:31+00:00\" \/>\n<meta name=\"twitter:card\" content=\"summary_large_image\" \/>\n<meta name=\"twitter:label1\" content=\"Predpokladan\u00fd \u010das \u010d\u00edtania\" \/>\n\t<meta name=\"twitter:data1\" content=\"2 min\u00faty\" \/>\n<script type=\"application\/ld+json\" class=\"yoast-schema-graph\">{\"@context\":\"https:\\\/\\\/schema.org\",\"@graph\":[{\"@type\":\"WebPage\",\"@id\":\"https:\\\/\\\/www.bepartstudio.com\\\/privacy-policy\\\/\",\"url\":\"https:\\\/\\\/www.bepartstudio.com\\\/privacy-policy\\\/\",\"name\":\"Ochrana osobn\u00fdch \u00fadajov - bepart\",\"isPartOf\":{\"@id\":\"https:\\\/\\\/www.bepartstudio.com\\\/#website\"},\"datePublished\":\"2020-10-01T16:59:30+00:00\",\"dateModified\":\"2020-10-01T17:50:31+00:00\",\"breadcrumb\":{\"@id\":\"https:\\\/\\\/www.bepartstudio.com\\\/privacy-policy\\\/#breadcrumb\"},\"inLanguage\":\"sk-SK\",\"potentialAction\":[{\"@type\":\"ReadAction\",\"target\":[\"https:\\\/\\\/www.bepartstudio.com\\\/privacy-policy\\\/\"]}]},{\"@type\":\"BreadcrumbList\",\"@id\":\"https:\\\/\\\/www.bepartstudio.com\\\/privacy-policy\\\/#breadcrumb\",\"itemListElement\":[{\"@type\":\"ListItem\",\"position\":1,\"name\":\"Home\",\"item\":\"https:\\\/\\\/www.bepartstudio.com\\\/sk\\\/\"},{\"@type\":\"ListItem\",\"position\":2,\"name\":\"Ochrana osobn\u00fdch \u00fadajov\"}]},{\"@type\":\"WebSite\",\"@id\":\"https:\\\/\\\/www.bepartstudio.com\\\/#website\",\"url\":\"https:\\\/\\\/www.bepartstudio.com\\\/\",\"name\":\"bepart\",\"description\":\"Handmade fine jewelry\",\"potentialAction\":[{\"@type\":\"SearchAction\",\"target\":{\"@type\":\"EntryPoint\",\"urlTemplate\":\"https:\\\/\\\/www.bepartstudio.com\\\/?s={search_term_string}\"},\"query-input\":{\"@type\":\"PropertyValueSpecification\",\"valueRequired\":true,\"valueName\":\"search_term_string\"}}],\"inLanguage\":\"sk-SK\"}]}<\/script>\n<!-- \/ Yoast SEO plugin. -->","yoast_head_json":{"title":"Ochrana osobn\u00fdch \u00fadajov - bepart","robots":{"index":"index","follow":"follow","max-snippet":"max-snippet:-1","max-image-preview":"max-image-preview:large","max-video-preview":"max-video-preview:-1"},"canonical":"https:\/\/www.bepartstudio.com\/privacy-policy\/","og_locale":"sk_SK","og_type":"article","og_title":"Ochrana osobn\u00fdch \u00fadajov - bepart","og_description":"&nbsp; Pred\u00e1vaj\u00faci spracov\u00e1va\u00a0 osobn\u00e9 \u00fadaje v s\u00falade s ustanoveniami Nariadenia eur\u00f3pskeho parlamentu a rady (E\u00da) 2016\/679, z 27. apr\u00edla 2016\u00a0 (GDPR) a\u00a0 Z\u00e1kona N\u00e1rodnej rady SR \u010d. 18\/2018 Z. z. o ochrane osobn\u00fdch \u00fadajov a o zmene a doplnen\u00ed niektor\u00fdch z\u00e1konov Osobn\u00e9 \u00fadaje s\u00fa spracov\u00e1van\u00e9: 1.\u00a0\u00a0\u00a0za \u00fa\u010delom \u00a0\u00a0\u00a0\u00a0\u00a0 objednania tovaru, potvrdenie objedn\u00e1vky, uzatvorenie k\u00fapnej zmluvy, [&hellip;]","og_url":"https:\/\/www.bepartstudio.com\/privacy-policy\/","og_site_name":"bepart","article_modified_time":"2020-10-01T17:50:31+00:00","twitter_card":"summary_large_image","twitter_misc":{"Predpokladan\u00fd \u010das \u010d\u00edtania":"2 min\u00faty"},"schema":{"@context":"https:\/\/schema.org","@graph":[{"@type":"WebPage","@id":"https:\/\/www.bepartstudio.com\/privacy-policy\/","url":"https:\/\/www.bepartstudio.com\/privacy-policy\/","name":"Ochrana osobn\u00fdch \u00fadajov - bepart","isPartOf":{"@id":"https:\/\/www.bepartstudio.com\/#website"},"datePublished":"2020-10-01T16:59:30+00:00","dateModified":"2020-10-01T17:50:31+00:00","breadcrumb":{"@id":"https:\/\/www.bepartstudio.com\/privacy-policy\/#breadcrumb"},"inLanguage":"sk-SK","potentialAction":[{"@type":"ReadAction","target":["https:\/\/www.bepartstudio.com\/privacy-policy\/"]}]},{"@type":"BreadcrumbList","@id":"https:\/\/www.bepartstudio.com\/privacy-policy\/#breadcrumb","itemListElement":[{"@type":"ListItem","position":1,"name":"Home","item":"https:\/\/www.bepartstudio.com\/sk\/"},{"@type":"ListItem","position":2,"name":"Ochrana osobn\u00fdch \u00fadajov"}]},{"@type":"WebSite","@id":"https:\/\/www.bepartstudio.com\/#website","url":"https:\/\/www.bepartstudio.com\/","name":"bepart","description":"Handmade fine jewelry","potentialAction":[{"@type":"SearchAction","target":{"@type":"EntryPoint","urlTemplate":"https:\/\/www.bepartstudio.com\/?s={search_term_string}"},"query-input":{"@type":"PropertyValueSpecification","valueRequired":true,"valueName":"search_term_string"}}],"inLanguage":"sk-SK"}]}},"jetpack_sharing_enabled":true,"_links":{"self":[{"href":"https:\/\/www.bepartstudio.com\/sk\/wp-json\/wp\/v2\/pages\/8968","targetHints":{"allow":["GET"]}}],"collection":[{"href":"https:\/\/www.bepartstudio.com\/sk\/wp-json\/wp\/v2\/pages"}],"about":[{"href":"https:\/\/www.bepartstudio.com\/sk\/wp-json\/wp\/v2\/types\/page"}],"author":[{"embeddable":true,"href":"https:\/\/www.bepartstudio.com\/sk\/wp-json\/wp\/v2\/users\/2"}],"replies":[{"embeddable":true,"href":"https:\/\/www.bepartstudio.com\/sk\/wp-json\/wp\/v2\/comments?post=8968"}],"version-history":[{"count":6,"href":"https:\/\/www.bepartstudio.com\/sk\/wp-json\/wp\/v2\/pages\/8968\/revisions"}],"predecessor-version":[{"id":8981,"href":"https:\/\/www.bepartstudio.com\/sk\/wp-json\/wp\/v2\/pages\/8968\/revisions\/8981"}],"wp:attachment":[{"href":"https:\/\/www.bepartstudio.com\/sk\/wp-json\/wp\/v2\/media?parent=8968"}],"curies":[{"name":"wp","href":"https:\/\/api.w.org\/{rel}","templated":true}]}}