{"id":10034,"date":"2022-11-19T14:38:10","date_gmt":"2022-11-19T13:38:10","guid":{"rendered":"https:\/\/www.bepartstudio.com\/?post_type=product&#038;p=10034"},"modified":"2026-01-28T12:24:36","modified_gmt":"2026-01-28T11:24:36","slug":"simple-nausnica","status":"publish","type":"product","link":"https:\/\/www.bepartstudio.com\/sk\/produkt\/simple-nausnica\/","title":{"rendered":"Simple n\u00e1u\u0161nica"},"content":{"rendered":"<div class=\"editor2309694808__unstyled\" data-block=\"true\" data-editor=\"5i5e7\" data-offset-key=\"2s5dt-0-0\">\n<div class=\"public-DraftStyleDefault-block public-DraftStyleDefault-ltr\" data-offset-key=\"2s5dt-0-0\">\n<p><span style=\"font-family: 'Work Sans', sans-serif;\" data-offset-key=\"2s5dt-0-0\"><span class=\"gmail-sc-BHvUt gmail-fJlZte gmail-pf-145_\">N\u00e1u\u0161nica Simple je vyroben\u00e1 zo 14k zlata a je dokonal\u00fdm minimalistick\u00fdm z\u00e1kladom va\u0161ej \u0161perkovnice. Nen\u00e1padn\u00e1 a minimalistick\u00e1 \u2013 vhodn\u00e1 ako hlavn\u00e1 n\u00e1u\u0161nica, ale aj ako piercing \u010di vrtsvenie do piercingov.<\/span><\/span><\/p>\n<p>&nbsp;<\/p>\n<p><span style=\"font-family: 'Work Sans', sans-serif;\">T\u00e1to bez\u0161vov\u00e1 kruhov\u00e1 n\u00e1u\u0161nica je ur\u010den\u00e1 na nosenie 24\/7 &#8211; po nasaden\u00ed u\u017e ju nemus\u00edte vybera\u0165. Ak chcete otvori\u0165 bez\u0161vov\u00fa obru\u010d a vlo\u017ei\u0165 ju do dierky, jemne odtala\u010dte konce od seba, namiesto toho, aby ste ich od seba odtiahli. <\/span><\/p>\n<p><span style=\"font-family: 'Work Sans', sans-serif;\">Ke\u010f n\u00e1u\u0161nicu otvor\u00edte, mala by vyzera\u0165 ako \u0161pir\u00e1la. <span class=\"gmail-sc-BHvUt gmail-fJlZte gmail-pf-145_\">Ke\u010f n\u00e1u\u0161nicu\/piercing vlo\u017e\u00edte, stla\u010dte nasp\u00e4\u0165 konce k sebe, aby sa n\u00e1u\u0161nica zarovnala.<br \/>\n<\/span><span class=\"gmail-sc-BHvUt gmail-fJlZte gmail-pf-145_\">Je ve\u013emi d\u00f4le\u017eit\u00e9 neod\u0165ahova\u0165 konce od seba, aby sa zachoval tvar va\u0161ej n\u00e1u\u0161nice. Odtiahnut\u00edm koncov od seba sa ohne a tvar kruhu zdeformuje.<\/span><\/span><\/p>\n<\/div>\n<p><span style=\"font-family: 'Work Sans', sans-serif;\">Je ide\u00e1lna pre \u017eeny, ktor\u00e9 si nechc\u00fa n\u00e1u\u0161nice meni\u0165. Neodpor\u00fa\u010dame \u010dast\u00e9 skladanie.<\/span><\/p>\n<div data-offset-key=\"2s5dt-0-0\"><\/div>\n<div data-offset-key=\"2s5dt-0-0\">\n<p><span style=\"font-family: 'Work Sans', sans-serif;\" data-offset-key=\"8fom5-0-0\">Povrchov\u00e1 \u00faprava: lesk<\/span><\/p>\n<p>&nbsp;<\/p>\n<p><span style=\"text-decoration: underline;\"><span style=\"font-family: 'Work Sans', sans-serif;\"><strong><span style=\"text-decoration-line: underline;\">*T\u00e1to n\u00e1u\u0161nica je pred\u00e1van\u00e1 po jednom kuse, ak chcete p\u00e1r, pros\u00edm vlo\u017ete 2ks do ko\u0161\u00edka.<\/span><\/strong><\/span><\/span><\/p>\n<\/div>\n<\/div>\n","protected":false},"excerpt":{"rendered":"<div class=\"editor2309694808__unstyled\" data-block=\"true\" data-editor=\"5t4u9\" data-offset-key=\"5oqjm-0-0\">\n<div class=\"public-DraftStyleDefault-block public-DraftStyleDefault-ltr\" data-offset-key=\"5oqjm-0-0\"><span style=\"font-family: 'Work Sans', sans-serif;\" data-offset-key=\"5oqjm-0-0\">Priemer dr\u00f4tu 1.0 mm vo ve\u013ekostiach +10mm (vn\u00fatorn\u00fd priemer)<\/span><\/div>\n<div data-offset-key=\"5oqjm-0-0\"><span style=\"font-family: 'Work Sans', sans-serif;\">Piercingov\u00e1 ve\u013ekos\u0165 5.5 a 7.5 mm je z dr\u00f4tu 0.8 mm<\/span><\/div>\n<\/div>\n<div class=\"editor2309694808__unstyled\" data-block=\"true\" data-editor=\"5t4u9\" data-offset-key=\"fthoa-0-0\">\n<div class=\"public-DraftStyleDefault-block public-DraftStyleDefault-ltr\" data-offset-key=\"fthoa-0-0\"><span style=\"font-family: 'Work Sans', sans-serif;\" data-offset-key=\"fthoa-0-0\">N\u00e1u\u0161nica je dostupn\u00e1 vo viacer\u00fdch priemeroch<\/span><\/div>\n<div data-offset-key=\"fthoa-0-0\">\n<p>&nbsp;<\/p>\n<p><span style=\"font-family: 'Work Sans', sans-serif;\">Dostupn\u00e9 v 14k zlate.<\/span><\/p>\n<\/div>\n<\/div>\n","protected":false},"featured_media":10188,"template":"","meta":{"_acf_changed":false},"product_brand":[],"product_cat":[610,49,642],"product_tag":[],"class_list":{"0":"post-10034","1":"product","2":"type-product","3":"status-publish","4":"has-post-thumbnail","6":"product_cat-14k-zlato","7":"product_cat-nausnice","8":"product_cat-vsetko","10":"first","11":"instock","12":"shipping-taxable","13":"purchasable","14":"product-type-variable"},"acf":[],"yoast_head":"<!-- This site is optimized with the Yoast SEO plugin v27.4 - https:\/\/yoast.com\/product\/yoast-seo-wordpress\/ -->\n<title>Simple n\u00e1u\u0161nica - bepart<\/title>\n<meta name=\"robots\" content=\"index, follow, max-snippet:-1, max-image-preview:large, max-video-preview:-1\" \/>\n<link rel=\"canonical\" href=\"https:\/\/www.bepartstudio.com\/sk\/produkt\/simple-nausnica\/\" \/>\n<meta property=\"og:locale\" content=\"sk_SK\" \/>\n<meta property=\"og:type\" content=\"article\" \/>\n<meta property=\"og:title\" content=\"Simple n\u00e1u\u0161nica - bepart\" \/>\n<meta property=\"og:description\" content=\"Priemer dr\u00f4tu 1.0 mm vo ve\u013ekostiach +10mm (vn\u00fatorn\u00fd priemer) Piercingov\u00e1 ve\u013ekos\u0165 5.5 a 7.5 mm je z dr\u00f4tu 0.8 mm   N\u00e1u\u0161nica je dostupn\u00e1 vo viacer\u00fdch priemeroch   &nbsp;  Dostupn\u00e9 v 14k zlate.\" \/>\n<meta property=\"og:url\" content=\"https:\/\/www.bepartstudio.com\/sk\/produkt\/simple-nausnica\/\" \/>\n<meta property=\"og:site_name\" content=\"bepart\" \/>\n<meta property=\"article:modified_time\" content=\"2026-01-28T11:24:36+00:00\" \/>\n<meta property=\"og:image\" content=\"https:\/\/www.bepartstudio.com\/wp-content\/uploads\/2022\/11\/Simple-hoop-1-copy-scaled.jpg\" \/>\n\t<meta property=\"og:image:width\" content=\"1707\" \/>\n\t<meta property=\"og:image:height\" content=\"2560\" \/>\n\t<meta property=\"og:image:type\" content=\"image\/jpeg\" \/>\n<meta name=\"twitter:card\" content=\"summary_large_image\" \/>\n<meta name=\"twitter:label1\" content=\"Predpokladan\u00fd \u010das \u010d\u00edtania\" \/>\n\t<meta name=\"twitter:data1\" content=\"1 min\u00fata\" \/>\n<script type=\"application\/ld+json\" class=\"yoast-schema-graph\">{\"@context\":\"https:\\\/\\\/schema.org\",\"@graph\":[{\"@type\":\"WebPage\",\"@id\":\"https:\\\/\\\/www.bepartstudio.com\\\/sk\\\/produkt\\\/simple-nausnica\\\/\",\"url\":\"https:\\\/\\\/www.bepartstudio.com\\\/sk\\\/produkt\\\/simple-nausnica\\\/\",\"name\":\"Simple n\u00e1u\u0161nica - bepart\",\"isPartOf\":{\"@id\":\"https:\\\/\\\/www.bepartstudio.com\\\/#website\"},\"primaryImageOfPage\":{\"@id\":\"https:\\\/\\\/www.bepartstudio.com\\\/sk\\\/produkt\\\/simple-nausnica\\\/#primaryimage\"},\"image\":{\"@id\":\"https:\\\/\\\/www.bepartstudio.com\\\/sk\\\/produkt\\\/simple-nausnica\\\/#primaryimage\"},\"thumbnailUrl\":\"https:\\\/\\\/www.bepartstudio.com\\\/wp-content\\\/uploads\\\/2022\\\/11\\\/Simple-hoop-1-copy-scaled.jpg\",\"datePublished\":\"2022-11-19T13:38:10+00:00\",\"dateModified\":\"2026-01-28T11:24:36+00:00\",\"breadcrumb\":{\"@id\":\"https:\\\/\\\/www.bepartstudio.com\\\/sk\\\/produkt\\\/simple-nausnica\\\/#breadcrumb\"},\"inLanguage\":\"sk-SK\",\"potentialAction\":[{\"@type\":\"ReadAction\",\"target\":[\"https:\\\/\\\/www.bepartstudio.com\\\/sk\\\/produkt\\\/simple-nausnica\\\/\"]}]},{\"@type\":\"ImageObject\",\"inLanguage\":\"sk-SK\",\"@id\":\"https:\\\/\\\/www.bepartstudio.com\\\/sk\\\/produkt\\\/simple-nausnica\\\/#primaryimage\",\"url\":\"https:\\\/\\\/www.bepartstudio.com\\\/wp-content\\\/uploads\\\/2022\\\/11\\\/Simple-hoop-1-copy-scaled.jpg\",\"contentUrl\":\"https:\\\/\\\/www.bepartstudio.com\\\/wp-content\\\/uploads\\\/2022\\\/11\\\/Simple-hoop-1-copy-scaled.jpg\",\"width\":1707,\"height\":2560},{\"@type\":\"BreadcrumbList\",\"@id\":\"https:\\\/\\\/www.bepartstudio.com\\\/sk\\\/produkt\\\/simple-nausnica\\\/#breadcrumb\",\"itemListElement\":[{\"@type\":\"ListItem\",\"position\":1,\"name\":\"Home\",\"item\":\"https:\\\/\\\/www.bepartstudio.com\\\/sk\\\/\"},{\"@type\":\"ListItem\",\"position\":2,\"name\":\"Obchod\",\"item\":\"https:\\\/\\\/www.bepartstudio.com\\\/sk\\\/obchod\\\/\"},{\"@type\":\"ListItem\",\"position\":3,\"name\":\"Simple n\u00e1u\u0161nica\"}]},{\"@type\":\"WebSite\",\"@id\":\"https:\\\/\\\/www.bepartstudio.com\\\/#website\",\"url\":\"https:\\\/\\\/www.bepartstudio.com\\\/\",\"name\":\"bepart\",\"description\":\"Handmade fine jewelry\",\"potentialAction\":[{\"@type\":\"SearchAction\",\"target\":{\"@type\":\"EntryPoint\",\"urlTemplate\":\"https:\\\/\\\/www.bepartstudio.com\\\/?s={search_term_string}\"},\"query-input\":{\"@type\":\"PropertyValueSpecification\",\"valueRequired\":true,\"valueName\":\"search_term_string\"}}],\"inLanguage\":\"sk-SK\"}]}<\/script>\n<!-- \/ Yoast SEO plugin. -->","yoast_head_json":{"title":"Simple n\u00e1u\u0161nica - bepart","robots":{"index":"index","follow":"follow","max-snippet":"max-snippet:-1","max-image-preview":"max-image-preview:large","max-video-preview":"max-video-preview:-1"},"canonical":"https:\/\/www.bepartstudio.com\/sk\/produkt\/simple-nausnica\/","og_locale":"sk_SK","og_type":"article","og_title":"Simple n\u00e1u\u0161nica - bepart","og_description":"Priemer dr\u00f4tu 1.0 mm vo ve\u013ekostiach +10mm (vn\u00fatorn\u00fd priemer) Piercingov\u00e1 ve\u013ekos\u0165 5.5 a 7.5 mm je z dr\u00f4tu 0.8 mm   N\u00e1u\u0161nica je dostupn\u00e1 vo viacer\u00fdch priemeroch   &nbsp;  Dostupn\u00e9 v 14k zlate.","og_url":"https:\/\/www.bepartstudio.com\/sk\/produkt\/simple-nausnica\/","og_site_name":"bepart","article_modified_time":"2026-01-28T11:24:36+00:00","og_image":[{"width":1707,"height":2560,"url":"https:\/\/www.bepartstudio.com\/wp-content\/uploads\/2022\/11\/Simple-hoop-1-copy-scaled.jpg","type":"image\/jpeg"}],"twitter_card":"summary_large_image","twitter_misc":{"Predpokladan\u00fd \u010das \u010d\u00edtania":"1 min\u00fata"},"schema":{"@context":"https:\/\/schema.org","@graph":[{"@type":"WebPage","@id":"https:\/\/www.bepartstudio.com\/sk\/produkt\/simple-nausnica\/","url":"https:\/\/www.bepartstudio.com\/sk\/produkt\/simple-nausnica\/","name":"Simple n\u00e1u\u0161nica - bepart","isPartOf":{"@id":"https:\/\/www.bepartstudio.com\/#website"},"primaryImageOfPage":{"@id":"https:\/\/www.bepartstudio.com\/sk\/produkt\/simple-nausnica\/#primaryimage"},"image":{"@id":"https:\/\/www.bepartstudio.com\/sk\/produkt\/simple-nausnica\/#primaryimage"},"thumbnailUrl":"https:\/\/www.bepartstudio.com\/wp-content\/uploads\/2022\/11\/Simple-hoop-1-copy-scaled.jpg","datePublished":"2022-11-19T13:38:10+00:00","dateModified":"2026-01-28T11:24:36+00:00","breadcrumb":{"@id":"https:\/\/www.bepartstudio.com\/sk\/produkt\/simple-nausnica\/#breadcrumb"},"inLanguage":"sk-SK","potentialAction":[{"@type":"ReadAction","target":["https:\/\/www.bepartstudio.com\/sk\/produkt\/simple-nausnica\/"]}]},{"@type":"ImageObject","inLanguage":"sk-SK","@id":"https:\/\/www.bepartstudio.com\/sk\/produkt\/simple-nausnica\/#primaryimage","url":"https:\/\/www.bepartstudio.com\/wp-content\/uploads\/2022\/11\/Simple-hoop-1-copy-scaled.jpg","contentUrl":"https:\/\/www.bepartstudio.com\/wp-content\/uploads\/2022\/11\/Simple-hoop-1-copy-scaled.jpg","width":1707,"height":2560},{"@type":"BreadcrumbList","@id":"https:\/\/www.bepartstudio.com\/sk\/produkt\/simple-nausnica\/#breadcrumb","itemListElement":[{"@type":"ListItem","position":1,"name":"Home","item":"https:\/\/www.bepartstudio.com\/sk\/"},{"@type":"ListItem","position":2,"name":"Obchod","item":"https:\/\/www.bepartstudio.com\/sk\/obchod\/"},{"@type":"ListItem","position":3,"name":"Simple n\u00e1u\u0161nica"}]},{"@type":"WebSite","@id":"https:\/\/www.bepartstudio.com\/#website","url":"https:\/\/www.bepartstudio.com\/","name":"bepart","description":"Handmade fine jewelry","potentialAction":[{"@type":"SearchAction","target":{"@type":"EntryPoint","urlTemplate":"https:\/\/www.bepartstudio.com\/?s={search_term_string}"},"query-input":{"@type":"PropertyValueSpecification","valueRequired":true,"valueName":"search_term_string"}}],"inLanguage":"sk-SK"}]}},"jetpack_sharing_enabled":true,"_links":{"self":[{"href":"https:\/\/www.bepartstudio.com\/sk\/wp-json\/wp\/v2\/product\/10034","targetHints":{"allow":["GET"]}}],"collection":[{"href":"https:\/\/www.bepartstudio.com\/sk\/wp-json\/wp\/v2\/product"}],"about":[{"href":"https:\/\/www.bepartstudio.com\/sk\/wp-json\/wp\/v2\/types\/product"}],"wp:featuredmedia":[{"embeddable":true,"href":"https:\/\/www.bepartstudio.com\/sk\/wp-json\/wp\/v2\/media\/10188"}],"wp:attachment":[{"href":"https:\/\/www.bepartstudio.com\/sk\/wp-json\/wp\/v2\/media?parent=10034"}],"wp:term":[{"taxonomy":"product_brand","embeddable":true,"href":"https:\/\/www.bepartstudio.com\/sk\/wp-json\/wp\/v2\/product_brand?post=10034"},{"taxonomy":"product_cat","embeddable":true,"href":"https:\/\/www.bepartstudio.com\/sk\/wp-json\/wp\/v2\/product_cat?post=10034"},{"taxonomy":"product_tag","embeddable":true,"href":"https:\/\/www.bepartstudio.com\/sk\/wp-json\/wp\/v2\/product_tag?post=10034"}],"curies":[{"name":"wp","href":"https:\/\/api.w.org\/{rel}","templated":true}]}}