{"id":11070,"date":"2024-11-15T12:02:47","date_gmt":"2024-11-15T11:02:48","guid":{"rendered":"https:\/\/www.bepartstudio.com\/?post_type=product&#038;p=11070"},"modified":"2024-11-15T12:10:26","modified_gmt":"2024-11-15T11:10:26","slug":"eden-pave-diamond-ring-copy","status":"publish","type":"product","link":"https:\/\/www.bepartstudio.com\/sk\/produkt\/eden-pave-diamond-ring-copy\/","title":{"rendered":"Bezel diamantov\u00fd prste\u0148"},"content":{"rendered":"<div class=\"editor2309694808__unstyled\" data-block=\"true\" data-editor=\"2ih0r\" data-offset-key=\"af8q8-0-0\">\n<p class=\"editor2309694808__unstyled\" data-block=\"true\" data-editor=\"8aesm\" data-offset-key=\"d2hsl-0-0\"><span style=\"font-family: 'Work Sans', sans-serif;\">Kr\u00e1sny doplnok k va\u0161ej ka\u017edodennej kombin\u00e1cii prste\u0148ov alebo ide\u00e1lny z\u00e1snubn\u00fd prste\u0148. Tento nad\u010dasov\u00fd k\u00fasok je vytvoren\u00fd tak, aby vydr\u017eal dlh\u00e9 roky a bol s l\u00e1skou uchov\u00e1van\u00fd a odovzd\u00e1van\u00fd z gener\u00e1cie na gener\u00e1ciu.<\/span><\/p>\n<p>&nbsp;<\/p>\n<div class=\"editor2309694808__unstyled\" data-block=\"true\" data-editor=\"337t4\" data-offset-key=\"86bp3-0-0\">\n<div class=\"public-DraftStyleDefault-block public-DraftStyleDefault-ltr\" data-offset-key=\"86bp3-0-0\"><span style=\"font-family: 'Work Sans', sans-serif;\" data-offset-key=\"8fom5-0-0\">Povrchov\u00e1 \u00faprava: lesk<\/span><\/div>\n<div data-offset-key=\"86bp3-0-0\">\n<p>&nbsp;<\/p>\n<\/div>\n<\/div>\n<p class=\"editor2309694808__unstyled\" data-block=\"true\" data-editor=\"8aesm\" data-offset-key=\"d2hsl-0-0\"><em><span style=\"font-family: 'Work Sans', sans-serif;\" data-offset-key=\"980tu-0-0\">Osaden\u00fd diamant si vy\u017eaduj\u00fa nosenie s l\u00e1skou.<\/span><\/em><\/p>\n<\/div>\n","protected":false},"excerpt":{"rendered":"<div class=\"editor2309694808__unstyled\" data-block=\"true\" data-editor=\"974m1\" data-offset-key=\"5f1b7-0-0\">\n<div data-offset-key=\"5f1b7-0-0\">\n<div data-offset-key=\"ek759-0-0\"><span style=\"font-family: 'Work Sans', sans-serif;\">PR\u00cdRODN\u00dd DIAMANT: VS \/ G-H<\/span><\/div>\n<div data-offset-key=\"ek759-0-0\">\n<div class=\"public-DraftStyleDefault-block public-DraftStyleDefault-ltr\" data-offset-key=\"5pnsq-0-0\">\n<div class=\"public-DraftStyleDefault-block public-DraftStyleDefault-ltr\" data-offset-key=\"4niv2-0-0\">\n<p>&nbsp;<\/p>\n<\/div>\n<\/div>\n<\/div>\n<div class=\"public-DraftStyleDefault-block public-DraftStyleDefault-ltr\" data-offset-key=\"ek759-0-0\"><span style=\"font-family: 'Work Sans', sans-serif;\">Ve\u013ekos\u0165 diamantu 2.7 mm \/ 0.075 ct<\/span><\/div>\n<\/div>\n<div class=\"public-DraftStyleDefault-block public-DraftStyleDefault-ltr\" data-offset-key=\"5f1b7-0-0\"><span style=\"font-family: 'Work Sans', sans-serif;\" data-offset-key=\"5f1b7-0-0\">Priemer dr\u00f4tu 1.5 mm<\/span><\/div>\n<\/div>\n<p>&nbsp;<\/p>\n<p><span style=\"font-family: 'Work Sans', sans-serif;\">Dostupn\u00e9 v 14k zlate.<\/span><\/p>\n","protected":false},"featured_media":10693,"template":"","meta":{"_acf_changed":false},"product_brand":[],"product_cat":[610,811,809,23,642],"product_tag":[],"class_list":{"0":"post-11070","1":"product","2":"type-product","3":"status-publish","4":"has-post-thumbnail","6":"product_cat-14k-zlato","7":"product_cat-diamanty","8":"product_cat-eiva-sk","9":"product_cat-prstene","10":"product_cat-vsetko","12":"first","13":"instock","14":"shipping-taxable","15":"purchasable","16":"product-type-variable","17":"has-default-attributes"},"acf":[],"yoast_head":"<!-- This site is optimized with the Yoast SEO plugin v27.4 - https:\/\/yoast.com\/product\/yoast-seo-wordpress\/ -->\n<title>Bezel diamantov\u00fd prste\u0148 - bepart<\/title>\n<meta name=\"robots\" content=\"index, follow, max-snippet:-1, max-image-preview:large, max-video-preview:-1\" \/>\n<link rel=\"canonical\" href=\"https:\/\/www.bepartstudio.com\/sk\/produkt\/eden-pave-diamond-ring-copy\/\" \/>\n<meta property=\"og:locale\" content=\"sk_SK\" \/>\n<meta property=\"og:type\" content=\"article\" \/>\n<meta property=\"og:title\" content=\"Bezel diamantov\u00fd prste\u0148 - bepart\" \/>\n<meta property=\"og:description\" content=\"PR\u00cdRODN\u00dd DIAMANT: VS \/ G-H     &nbsp;     Ve\u013ekos\u0165 diamantu 2.7 mm \/ 0.075 ct  Priemer dr\u00f4tu 1.5 mm  &nbsp;  Dostupn\u00e9 v 14k zlate.\" \/>\n<meta property=\"og:url\" content=\"https:\/\/www.bepartstudio.com\/sk\/produkt\/eden-pave-diamond-ring-copy\/\" \/>\n<meta property=\"og:site_name\" content=\"bepart\" \/>\n<meta property=\"article:modified_time\" content=\"2024-11-15T11:10:26+00:00\" \/>\n<meta property=\"og:image\" content=\"https:\/\/www.bepartstudio.com\/wp-content\/uploads\/2024\/11\/Bezel-diamond-ring-2-scaled.jpg\" \/>\n\t<meta property=\"og:image:width\" content=\"1707\" \/>\n\t<meta property=\"og:image:height\" content=\"2560\" \/>\n\t<meta property=\"og:image:type\" content=\"image\/jpeg\" \/>\n<meta name=\"twitter:card\" content=\"summary_large_image\" \/>\n<meta name=\"twitter:label1\" content=\"Predpokladan\u00fd \u010das \u010d\u00edtania\" \/>\n\t<meta name=\"twitter:data1\" content=\"1 min\u00fata\" \/>\n<script type=\"application\/ld+json\" class=\"yoast-schema-graph\">{\"@context\":\"https:\\\/\\\/schema.org\",\"@graph\":[{\"@type\":\"WebPage\",\"@id\":\"https:\\\/\\\/www.bepartstudio.com\\\/sk\\\/produkt\\\/eden-pave-diamond-ring-copy\\\/\",\"url\":\"https:\\\/\\\/www.bepartstudio.com\\\/sk\\\/produkt\\\/eden-pave-diamond-ring-copy\\\/\",\"name\":\"Bezel diamantov\u00fd prste\u0148 - bepart\",\"isPartOf\":{\"@id\":\"https:\\\/\\\/www.bepartstudio.com\\\/#website\"},\"primaryImageOfPage\":{\"@id\":\"https:\\\/\\\/www.bepartstudio.com\\\/sk\\\/produkt\\\/eden-pave-diamond-ring-copy\\\/#primaryimage\"},\"image\":{\"@id\":\"https:\\\/\\\/www.bepartstudio.com\\\/sk\\\/produkt\\\/eden-pave-diamond-ring-copy\\\/#primaryimage\"},\"thumbnailUrl\":\"https:\\\/\\\/www.bepartstudio.com\\\/wp-content\\\/uploads\\\/2024\\\/11\\\/Bezel-diamond-ring-2-scaled.jpg\",\"datePublished\":\"2024-11-15T11:02:48+00:00\",\"dateModified\":\"2024-11-15T11:10:26+00:00\",\"breadcrumb\":{\"@id\":\"https:\\\/\\\/www.bepartstudio.com\\\/sk\\\/produkt\\\/eden-pave-diamond-ring-copy\\\/#breadcrumb\"},\"inLanguage\":\"sk-SK\",\"potentialAction\":[{\"@type\":\"ReadAction\",\"target\":[\"https:\\\/\\\/www.bepartstudio.com\\\/sk\\\/produkt\\\/eden-pave-diamond-ring-copy\\\/\"]}]},{\"@type\":\"ImageObject\",\"inLanguage\":\"sk-SK\",\"@id\":\"https:\\\/\\\/www.bepartstudio.com\\\/sk\\\/produkt\\\/eden-pave-diamond-ring-copy\\\/#primaryimage\",\"url\":\"https:\\\/\\\/www.bepartstudio.com\\\/wp-content\\\/uploads\\\/2024\\\/11\\\/Bezel-diamond-ring-2-scaled.jpg\",\"contentUrl\":\"https:\\\/\\\/www.bepartstudio.com\\\/wp-content\\\/uploads\\\/2024\\\/11\\\/Bezel-diamond-ring-2-scaled.jpg\",\"width\":1707,\"height\":2560},{\"@type\":\"BreadcrumbList\",\"@id\":\"https:\\\/\\\/www.bepartstudio.com\\\/sk\\\/produkt\\\/eden-pave-diamond-ring-copy\\\/#breadcrumb\",\"itemListElement\":[{\"@type\":\"ListItem\",\"position\":1,\"name\":\"Home\",\"item\":\"https:\\\/\\\/www.bepartstudio.com\\\/sk\\\/\"},{\"@type\":\"ListItem\",\"position\":2,\"name\":\"Obchod\",\"item\":\"https:\\\/\\\/www.bepartstudio.com\\\/sk\\\/obchod\\\/\"},{\"@type\":\"ListItem\",\"position\":3,\"name\":\"Bezel diamantov\u00fd prste\u0148\"}]},{\"@type\":\"WebSite\",\"@id\":\"https:\\\/\\\/www.bepartstudio.com\\\/#website\",\"url\":\"https:\\\/\\\/www.bepartstudio.com\\\/\",\"name\":\"bepart\",\"description\":\"Handmade fine jewelry\",\"potentialAction\":[{\"@type\":\"SearchAction\",\"target\":{\"@type\":\"EntryPoint\",\"urlTemplate\":\"https:\\\/\\\/www.bepartstudio.com\\\/?s={search_term_string}\"},\"query-input\":{\"@type\":\"PropertyValueSpecification\",\"valueRequired\":true,\"valueName\":\"search_term_string\"}}],\"inLanguage\":\"sk-SK\"}]}<\/script>\n<!-- \/ Yoast SEO plugin. -->","yoast_head_json":{"title":"Bezel diamantov\u00fd prste\u0148 - bepart","robots":{"index":"index","follow":"follow","max-snippet":"max-snippet:-1","max-image-preview":"max-image-preview:large","max-video-preview":"max-video-preview:-1"},"canonical":"https:\/\/www.bepartstudio.com\/sk\/produkt\/eden-pave-diamond-ring-copy\/","og_locale":"sk_SK","og_type":"article","og_title":"Bezel diamantov\u00fd prste\u0148 - bepart","og_description":"PR\u00cdRODN\u00dd DIAMANT: VS \/ G-H     &nbsp;     Ve\u013ekos\u0165 diamantu 2.7 mm \/ 0.075 ct  Priemer dr\u00f4tu 1.5 mm  &nbsp;  Dostupn\u00e9 v 14k zlate.","og_url":"https:\/\/www.bepartstudio.com\/sk\/produkt\/eden-pave-diamond-ring-copy\/","og_site_name":"bepart","article_modified_time":"2024-11-15T11:10:26+00:00","og_image":[{"width":1707,"height":2560,"url":"https:\/\/www.bepartstudio.com\/wp-content\/uploads\/2024\/11\/Bezel-diamond-ring-2-scaled.jpg","type":"image\/jpeg"}],"twitter_card":"summary_large_image","twitter_misc":{"Predpokladan\u00fd \u010das \u010d\u00edtania":"1 min\u00fata"},"schema":{"@context":"https:\/\/schema.org","@graph":[{"@type":"WebPage","@id":"https:\/\/www.bepartstudio.com\/sk\/produkt\/eden-pave-diamond-ring-copy\/","url":"https:\/\/www.bepartstudio.com\/sk\/produkt\/eden-pave-diamond-ring-copy\/","name":"Bezel diamantov\u00fd prste\u0148 - bepart","isPartOf":{"@id":"https:\/\/www.bepartstudio.com\/#website"},"primaryImageOfPage":{"@id":"https:\/\/www.bepartstudio.com\/sk\/produkt\/eden-pave-diamond-ring-copy\/#primaryimage"},"image":{"@id":"https:\/\/www.bepartstudio.com\/sk\/produkt\/eden-pave-diamond-ring-copy\/#primaryimage"},"thumbnailUrl":"https:\/\/www.bepartstudio.com\/wp-content\/uploads\/2024\/11\/Bezel-diamond-ring-2-scaled.jpg","datePublished":"2024-11-15T11:02:48+00:00","dateModified":"2024-11-15T11:10:26+00:00","breadcrumb":{"@id":"https:\/\/www.bepartstudio.com\/sk\/produkt\/eden-pave-diamond-ring-copy\/#breadcrumb"},"inLanguage":"sk-SK","potentialAction":[{"@type":"ReadAction","target":["https:\/\/www.bepartstudio.com\/sk\/produkt\/eden-pave-diamond-ring-copy\/"]}]},{"@type":"ImageObject","inLanguage":"sk-SK","@id":"https:\/\/www.bepartstudio.com\/sk\/produkt\/eden-pave-diamond-ring-copy\/#primaryimage","url":"https:\/\/www.bepartstudio.com\/wp-content\/uploads\/2024\/11\/Bezel-diamond-ring-2-scaled.jpg","contentUrl":"https:\/\/www.bepartstudio.com\/wp-content\/uploads\/2024\/11\/Bezel-diamond-ring-2-scaled.jpg","width":1707,"height":2560},{"@type":"BreadcrumbList","@id":"https:\/\/www.bepartstudio.com\/sk\/produkt\/eden-pave-diamond-ring-copy\/#breadcrumb","itemListElement":[{"@type":"ListItem","position":1,"name":"Home","item":"https:\/\/www.bepartstudio.com\/sk\/"},{"@type":"ListItem","position":2,"name":"Obchod","item":"https:\/\/www.bepartstudio.com\/sk\/obchod\/"},{"@type":"ListItem","position":3,"name":"Bezel diamantov\u00fd prste\u0148"}]},{"@type":"WebSite","@id":"https:\/\/www.bepartstudio.com\/#website","url":"https:\/\/www.bepartstudio.com\/","name":"bepart","description":"Handmade fine jewelry","potentialAction":[{"@type":"SearchAction","target":{"@type":"EntryPoint","urlTemplate":"https:\/\/www.bepartstudio.com\/?s={search_term_string}"},"query-input":{"@type":"PropertyValueSpecification","valueRequired":true,"valueName":"search_term_string"}}],"inLanguage":"sk-SK"}]}},"jetpack_sharing_enabled":true,"_links":{"self":[{"href":"https:\/\/www.bepartstudio.com\/sk\/wp-json\/wp\/v2\/product\/11070","targetHints":{"allow":["GET"]}}],"collection":[{"href":"https:\/\/www.bepartstudio.com\/sk\/wp-json\/wp\/v2\/product"}],"about":[{"href":"https:\/\/www.bepartstudio.com\/sk\/wp-json\/wp\/v2\/types\/product"}],"wp:featuredmedia":[{"embeddable":true,"href":"https:\/\/www.bepartstudio.com\/sk\/wp-json\/wp\/v2\/media\/10693"}],"wp:attachment":[{"href":"https:\/\/www.bepartstudio.com\/sk\/wp-json\/wp\/v2\/media?parent=11070"}],"wp:term":[{"taxonomy":"product_brand","embeddable":true,"href":"https:\/\/www.bepartstudio.com\/sk\/wp-json\/wp\/v2\/product_brand?post=11070"},{"taxonomy":"product_cat","embeddable":true,"href":"https:\/\/www.bepartstudio.com\/sk\/wp-json\/wp\/v2\/product_cat?post=11070"},{"taxonomy":"product_tag","embeddable":true,"href":"https:\/\/www.bepartstudio.com\/sk\/wp-json\/wp\/v2\/product_tag?post=11070"}],"curies":[{"name":"wp","href":"https:\/\/api.w.org\/{rel}","templated":true}]}}