{"id":5797,"date":"2020-08-27T20:56:44","date_gmt":"2020-08-27T19:56:44","guid":{"rendered":"https:\/\/www.bepartstudio.com\/?post_type=product&#038;p=5797"},"modified":"2026-01-31T19:46:37","modified_gmt":"2026-01-31T18:46:37","slug":"graphic-nausnice","status":"publish","type":"product","link":"https:\/\/www.bepartstudio.com\/sk\/produkt\/graphic-nausnice\/","title":{"rendered":"Graphic n\u00e1u\u0161nice"},"content":{"rendered":"<div class=\"editor2309694808__unstyled\" data-block=\"true\" data-editor=\"5mdi6\" data-offset-key=\"fppmk-0-0\"><\/div>\n<div class=\"editor2309694808__unstyled\" data-block=\"true\" data-editor=\"5mdi6\" data-offset-key=\"d4b0i-0-0\">\n<div class=\"public-DraftStyleDefault-block public-DraftStyleDefault-ltr\" data-offset-key=\"d4b0i-0-0\"><span style=\"font-family: 'Work Sans', sans-serif;\">Jednoduch\u00e9, ale z\u00e1rove\u0148 \u0161t\u00fdlov\u00e9 a netradi\u010dn\u00e9 napichovacie n\u00e1u\u0161nice, ktor\u00e9 sa skvelo nosia. Nad\u010dasov\u00fd dizajn, ktor\u00fd sa hod\u00ed ka\u017ed\u00e9mu \u0161t\u00fdlu. Mo\u017eno vrstvi\u0165 s in\u00fdmi n\u00e1u\u0161nicami.<\/span><\/div>\n<div data-offset-key=\"d4b0i-0-0\">\n<div class=\"editor2309694808__unstyled\" data-block=\"true\" data-editor=\"5mdi6\" data-offset-key=\"fppmk-0-0\">\n<div class=\"public-DraftStyleDefault-block public-DraftStyleDefault-ltr\" data-offset-key=\"fppmk-0-0\"><span style=\"font-family: 'Work Sans', sans-serif;\" data-offset-key=\"fppmk-0-0\">Kruh je pohybliv\u00fd.<\/span><\/div>\n<\/div>\n<div class=\"editor2309694808__unstyled\" data-block=\"true\" data-editor=\"5mdi6\" data-offset-key=\"1o4ke-0-0\">\n<div class=\"public-DraftStyleDefault-block public-DraftStyleDefault-ltr\" data-offset-key=\"1o4ke-0-0\"><span style=\"font-family: 'Work Sans', sans-serif;\" data-offset-key=\"1o4ke-0-0\">\u00a0<\/span><\/div>\n<\/div>\n<div class=\"editor2309694808__unstyled\" data-block=\"true\" data-editor=\"5mdi6\" data-offset-key=\"d4b0i-0-0\">\n<div class=\"public-DraftStyleDefault-block public-DraftStyleDefault-ltr\" data-offset-key=\"d4b0i-0-0\"><em><span style=\"text-decoration: underline;\"><span style=\"font-family: 'Work Sans', sans-serif;\" data-offset-key=\"d4b0i-0-0\">Na v\u00fdber s\u00fa dve mo\u017enosti dizajnu (na hlavnom obr\u00e1zku \u013d a P je rozdielna).<\/span><\/span><\/em><\/div>\n<\/div>\n<\/div>\n<\/div>\n<p>&nbsp;<\/p>\n<p><span style=\"font-family: 'Work Sans', sans-serif;\" data-offset-key=\"7a9gv-0-0\">Puzetov\u00e9 zap\u00ednanie\u00a0<\/span><br \/>\n<span style=\"font-family: 'Work Sans', sans-serif;\" data-offset-key=\"8fom5-0-0\">Povrchov\u00e1 \u00faprava: lesk<\/span><\/p>\n<p>&nbsp;<\/p>\n<p><span style=\"font-family: 'Work Sans', sans-serif;\"><strong><span style=\"text-decoration-line: underline;\">*Tieto n\u00e1u\u0161nice s\u00fa pred\u00e1van\u00e9 ako p\u00e1r.<\/span><\/strong><\/span><\/p>\n","protected":false},"excerpt":{"rendered":"<div class=\"editor2309694808__unstyled\" data-block=\"true\" data-editor=\"e9c9v\" data-offset-key=\"4rvis-0-0\">\n<div class=\"editor2309694808__unstyled\" data-block=\"true\" data-editor=\"3ttgd\" data-offset-key=\"5pnsq-0-0\">\n<div class=\"public-DraftStyleDefault-block public-DraftStyleDefault-ltr\" data-offset-key=\"5pnsq-0-0\"><span style=\"text-decoration: underline;\"><em><span style=\"font-family: 'Work Sans', sans-serif;\" data-offset-key=\"5pnsq-0-0\">Dve mo\u017enosti dizajnu:<\/span><\/em><\/span><\/div>\n<\/div>\n<div class=\"editor2309694808__unstyled\" data-block=\"true\" data-editor=\"3ttgd\" data-offset-key=\"8ekq3-0-0\">\n<div class=\"public-DraftStyleDefault-block public-DraftStyleDefault-ltr\" data-offset-key=\"8ekq3-0-0\"><span style=\"font-family: 'Work Sans', sans-serif;\" data-offset-key=\"8ekq3-0-0\">1. \u013dav\u00e1 &#8211; d\u013a\u017eka 22 mm<\/span><\/div>\n<\/div>\n<div class=\"editor2309694808__unstyled\" data-block=\"true\" data-editor=\"3ttgd\" data-offset-key=\"7oki7-0-0\">\n<div class=\"public-DraftStyleDefault-block public-DraftStyleDefault-ltr\" data-offset-key=\"7oki7-0-0\"><span style=\"font-family: 'Work Sans', sans-serif;\" data-offset-key=\"7oki7-0-0\">2. Prav\u00e1 &#8211; d\u013a\u017eka 23 mm<\/span><\/div>\n<\/div>\n<div class=\"editor2309694808__unstyled\" data-block=\"true\" data-editor=\"3ttgd\" data-offset-key=\"3vcg3-0-0\">\n<div class=\"public-DraftStyleDefault-block public-DraftStyleDefault-ltr\" data-offset-key=\"3vcg3-0-0\"><span style=\"font-family: 'Work Sans', sans-serif;\" data-offset-key=\"3vcg3-0-0\">Kruh m\u00e1 v priemere pribli\u017ene\u00a012 mm<\/span><\/div>\n<\/div>\n<\/div>\n<p>&nbsp;<\/p>\n<p><span style=\"font-family: 'Work Sans', sans-serif;\">Dostupn\u00e9 v 14k zlate s gold filled puzetkami alebo v striebre.<\/span><\/p>\n","protected":false},"featured_media":4463,"template":"","meta":{"_acf_changed":false},"product_brand":[],"product_cat":[610,55,49,642],"product_tag":[],"class_list":{"0":"post-5797","1":"product","2":"type-product","3":"status-publish","4":"has-post-thumbnail","6":"product_cat-14k-zlato","7":"product_cat-55","8":"product_cat-nausnice","9":"product_cat-vsetko","11":"first","12":"instock","13":"shipping-taxable","14":"purchasable","15":"product-type-variable","16":"has-default-attributes"},"acf":[],"yoast_head":"<!-- This site is optimized with the Yoast SEO plugin v27.4 - https:\/\/yoast.com\/product\/yoast-seo-wordpress\/ -->\n<title>Graphic n\u00e1u\u0161nice - bepart<\/title>\n<meta name=\"robots\" content=\"index, follow, max-snippet:-1, max-image-preview:large, max-video-preview:-1\" \/>\n<link rel=\"canonical\" href=\"https:\/\/www.bepartstudio.com\/sk\/produkt\/graphic-nausnice\/\" \/>\n<meta property=\"og:locale\" content=\"sk_SK\" \/>\n<meta property=\"og:type\" content=\"article\" \/>\n<meta property=\"og:title\" content=\"Graphic n\u00e1u\u0161nice - bepart\" \/>\n<meta property=\"og:description\" content=\"Dve mo\u017enosti dizajnu:   1. \u013dav\u00e1 - d\u013a\u017eka 22 mm   2. Prav\u00e1 - d\u013a\u017eka 23 mm   Kruh m\u00e1 v priemere pribli\u017ene\u00a012 mm   &nbsp;  Dostupn\u00e9 v 14k zlate s gold filled puzetkami alebo v striebre.\" \/>\n<meta property=\"og:url\" content=\"https:\/\/www.bepartstudio.com\/sk\/produkt\/graphic-nausnice\/\" \/>\n<meta property=\"og:site_name\" content=\"bepart\" \/>\n<meta property=\"article:modified_time\" content=\"2026-01-31T18:46:37+00:00\" \/>\n<meta property=\"og:image\" content=\"https:\/\/www.bepartstudio.com\/wp-content\/uploads\/2020\/07\/Graphic-earrings-2-scaled.jpg\" \/>\n\t<meta property=\"og:image:width\" content=\"1707\" \/>\n\t<meta property=\"og:image:height\" content=\"2560\" \/>\n\t<meta property=\"og:image:type\" content=\"image\/jpeg\" \/>\n<meta name=\"twitter:card\" content=\"summary_large_image\" \/>\n<meta name=\"twitter:label1\" content=\"Predpokladan\u00fd \u010das \u010d\u00edtania\" \/>\n\t<meta name=\"twitter:data1\" content=\"1 min\u00fata\" \/>\n<script type=\"application\/ld+json\" class=\"yoast-schema-graph\">{\"@context\":\"https:\\\/\\\/schema.org\",\"@graph\":[{\"@type\":\"WebPage\",\"@id\":\"https:\\\/\\\/www.bepartstudio.com\\\/sk\\\/produkt\\\/graphic-nausnice\\\/\",\"url\":\"https:\\\/\\\/www.bepartstudio.com\\\/sk\\\/produkt\\\/graphic-nausnice\\\/\",\"name\":\"Graphic n\u00e1u\u0161nice - bepart\",\"isPartOf\":{\"@id\":\"https:\\\/\\\/www.bepartstudio.com\\\/#website\"},\"primaryImageOfPage\":{\"@id\":\"https:\\\/\\\/www.bepartstudio.com\\\/sk\\\/produkt\\\/graphic-nausnice\\\/#primaryimage\"},\"image\":{\"@id\":\"https:\\\/\\\/www.bepartstudio.com\\\/sk\\\/produkt\\\/graphic-nausnice\\\/#primaryimage\"},\"thumbnailUrl\":\"https:\\\/\\\/www.bepartstudio.com\\\/wp-content\\\/uploads\\\/2020\\\/07\\\/Graphic-earrings-2-scaled.jpg\",\"datePublished\":\"2020-08-27T19:56:44+00:00\",\"dateModified\":\"2026-01-31T18:46:37+00:00\",\"breadcrumb\":{\"@id\":\"https:\\\/\\\/www.bepartstudio.com\\\/sk\\\/produkt\\\/graphic-nausnice\\\/#breadcrumb\"},\"inLanguage\":\"sk-SK\",\"potentialAction\":[{\"@type\":\"ReadAction\",\"target\":[\"https:\\\/\\\/www.bepartstudio.com\\\/sk\\\/produkt\\\/graphic-nausnice\\\/\"]}]},{\"@type\":\"ImageObject\",\"inLanguage\":\"sk-SK\",\"@id\":\"https:\\\/\\\/www.bepartstudio.com\\\/sk\\\/produkt\\\/graphic-nausnice\\\/#primaryimage\",\"url\":\"https:\\\/\\\/www.bepartstudio.com\\\/wp-content\\\/uploads\\\/2020\\\/07\\\/Graphic-earrings-2-scaled.jpg\",\"contentUrl\":\"https:\\\/\\\/www.bepartstudio.com\\\/wp-content\\\/uploads\\\/2020\\\/07\\\/Graphic-earrings-2-scaled.jpg\",\"width\":1707,\"height\":2560},{\"@type\":\"BreadcrumbList\",\"@id\":\"https:\\\/\\\/www.bepartstudio.com\\\/sk\\\/produkt\\\/graphic-nausnice\\\/#breadcrumb\",\"itemListElement\":[{\"@type\":\"ListItem\",\"position\":1,\"name\":\"Home\",\"item\":\"https:\\\/\\\/www.bepartstudio.com\\\/sk\\\/\"},{\"@type\":\"ListItem\",\"position\":2,\"name\":\"Obchod\",\"item\":\"https:\\\/\\\/www.bepartstudio.com\\\/sk\\\/obchod\\\/\"},{\"@type\":\"ListItem\",\"position\":3,\"name\":\"Graphic n\u00e1u\u0161nice\"}]},{\"@type\":\"WebSite\",\"@id\":\"https:\\\/\\\/www.bepartstudio.com\\\/#website\",\"url\":\"https:\\\/\\\/www.bepartstudio.com\\\/\",\"name\":\"bepart\",\"description\":\"Handmade fine jewelry\",\"potentialAction\":[{\"@type\":\"SearchAction\",\"target\":{\"@type\":\"EntryPoint\",\"urlTemplate\":\"https:\\\/\\\/www.bepartstudio.com\\\/?s={search_term_string}\"},\"query-input\":{\"@type\":\"PropertyValueSpecification\",\"valueRequired\":true,\"valueName\":\"search_term_string\"}}],\"inLanguage\":\"sk-SK\"}]}<\/script>\n<!-- \/ Yoast SEO plugin. -->","yoast_head_json":{"title":"Graphic n\u00e1u\u0161nice - bepart","robots":{"index":"index","follow":"follow","max-snippet":"max-snippet:-1","max-image-preview":"max-image-preview:large","max-video-preview":"max-video-preview:-1"},"canonical":"https:\/\/www.bepartstudio.com\/sk\/produkt\/graphic-nausnice\/","og_locale":"sk_SK","og_type":"article","og_title":"Graphic n\u00e1u\u0161nice - bepart","og_description":"Dve mo\u017enosti dizajnu:   1. \u013dav\u00e1 - d\u013a\u017eka 22 mm   2. Prav\u00e1 - d\u013a\u017eka 23 mm   Kruh m\u00e1 v priemere pribli\u017ene\u00a012 mm   &nbsp;  Dostupn\u00e9 v 14k zlate s gold filled puzetkami alebo v striebre.","og_url":"https:\/\/www.bepartstudio.com\/sk\/produkt\/graphic-nausnice\/","og_site_name":"bepart","article_modified_time":"2026-01-31T18:46:37+00:00","og_image":[{"width":1707,"height":2560,"url":"https:\/\/www.bepartstudio.com\/wp-content\/uploads\/2020\/07\/Graphic-earrings-2-scaled.jpg","type":"image\/jpeg"}],"twitter_card":"summary_large_image","twitter_misc":{"Predpokladan\u00fd \u010das \u010d\u00edtania":"1 min\u00fata"},"schema":{"@context":"https:\/\/schema.org","@graph":[{"@type":"WebPage","@id":"https:\/\/www.bepartstudio.com\/sk\/produkt\/graphic-nausnice\/","url":"https:\/\/www.bepartstudio.com\/sk\/produkt\/graphic-nausnice\/","name":"Graphic n\u00e1u\u0161nice - bepart","isPartOf":{"@id":"https:\/\/www.bepartstudio.com\/#website"},"primaryImageOfPage":{"@id":"https:\/\/www.bepartstudio.com\/sk\/produkt\/graphic-nausnice\/#primaryimage"},"image":{"@id":"https:\/\/www.bepartstudio.com\/sk\/produkt\/graphic-nausnice\/#primaryimage"},"thumbnailUrl":"https:\/\/www.bepartstudio.com\/wp-content\/uploads\/2020\/07\/Graphic-earrings-2-scaled.jpg","datePublished":"2020-08-27T19:56:44+00:00","dateModified":"2026-01-31T18:46:37+00:00","breadcrumb":{"@id":"https:\/\/www.bepartstudio.com\/sk\/produkt\/graphic-nausnice\/#breadcrumb"},"inLanguage":"sk-SK","potentialAction":[{"@type":"ReadAction","target":["https:\/\/www.bepartstudio.com\/sk\/produkt\/graphic-nausnice\/"]}]},{"@type":"ImageObject","inLanguage":"sk-SK","@id":"https:\/\/www.bepartstudio.com\/sk\/produkt\/graphic-nausnice\/#primaryimage","url":"https:\/\/www.bepartstudio.com\/wp-content\/uploads\/2020\/07\/Graphic-earrings-2-scaled.jpg","contentUrl":"https:\/\/www.bepartstudio.com\/wp-content\/uploads\/2020\/07\/Graphic-earrings-2-scaled.jpg","width":1707,"height":2560},{"@type":"BreadcrumbList","@id":"https:\/\/www.bepartstudio.com\/sk\/produkt\/graphic-nausnice\/#breadcrumb","itemListElement":[{"@type":"ListItem","position":1,"name":"Home","item":"https:\/\/www.bepartstudio.com\/sk\/"},{"@type":"ListItem","position":2,"name":"Obchod","item":"https:\/\/www.bepartstudio.com\/sk\/obchod\/"},{"@type":"ListItem","position":3,"name":"Graphic n\u00e1u\u0161nice"}]},{"@type":"WebSite","@id":"https:\/\/www.bepartstudio.com\/#website","url":"https:\/\/www.bepartstudio.com\/","name":"bepart","description":"Handmade fine jewelry","potentialAction":[{"@type":"SearchAction","target":{"@type":"EntryPoint","urlTemplate":"https:\/\/www.bepartstudio.com\/?s={search_term_string}"},"query-input":{"@type":"PropertyValueSpecification","valueRequired":true,"valueName":"search_term_string"}}],"inLanguage":"sk-SK"}]}},"jetpack_sharing_enabled":true,"_links":{"self":[{"href":"https:\/\/www.bepartstudio.com\/sk\/wp-json\/wp\/v2\/product\/5797","targetHints":{"allow":["GET"]}}],"collection":[{"href":"https:\/\/www.bepartstudio.com\/sk\/wp-json\/wp\/v2\/product"}],"about":[{"href":"https:\/\/www.bepartstudio.com\/sk\/wp-json\/wp\/v2\/types\/product"}],"wp:featuredmedia":[{"embeddable":true,"href":"https:\/\/www.bepartstudio.com\/sk\/wp-json\/wp\/v2\/media\/4463"}],"wp:attachment":[{"href":"https:\/\/www.bepartstudio.com\/sk\/wp-json\/wp\/v2\/media?parent=5797"}],"wp:term":[{"taxonomy":"product_brand","embeddable":true,"href":"https:\/\/www.bepartstudio.com\/sk\/wp-json\/wp\/v2\/product_brand?post=5797"},{"taxonomy":"product_cat","embeddable":true,"href":"https:\/\/www.bepartstudio.com\/sk\/wp-json\/wp\/v2\/product_cat?post=5797"},{"taxonomy":"product_tag","embeddable":true,"href":"https:\/\/www.bepartstudio.com\/sk\/wp-json\/wp\/v2\/product_tag?post=5797"}],"curies":[{"name":"wp","href":"https:\/\/api.w.org\/{rel}","templated":true}]}}