{"id":5820,"date":"2020-08-27T22:39:11","date_gmt":"2020-08-27T21:39:11","guid":{"rendered":"https:\/\/www.bepartstudio.com\/?post_type=product&#038;p=5820"},"modified":"2026-01-31T19:52:28","modified_gmt":"2026-01-31T18:52:28","slug":"tiny-loop-nausnica","status":"publish","type":"product","link":"https:\/\/www.bepartstudio.com\/sk\/produkt\/tiny-loop-nausnica\/","title":{"rendered":"Tiny loop n\u00e1u\u0161nica"},"content":{"rendered":"<p><span style=\"font-family: 'Work Sans', sans-serif;\">Dobr\u00e9 veci prich\u00e1dzaj\u00fa v malom bal\u00ed\u010dku.<\/span><\/p>\n<p><span style=\"font-family: 'Work Sans', sans-serif;\">T\u00e1to napichovacia n\u00e1u\u0161nica m\u00e1 jemn\u00fd vzh\u013ead, ktor\u00fd je vhodn\u00fd na ak\u00fako\u013evek pr\u00edle\u017eitos\u0165. Jednoduch\u00e1 na nosenie a \u013eahk\u00e1 na uchu. <\/span><\/p>\n<p><span style=\"font-family: 'Work Sans', sans-serif;\">Mo\u017eno vrstvi\u0165 s in\u00fdmi n\u00e1u\u0161nicami.<\/span><\/p>\n<p>&nbsp;<\/p>\n<p><span style=\"font-family: 'Work Sans', sans-serif;\" data-offset-key=\"7a9gv-0-0\">Puzetov\u00e9 zap\u00ednanie\u00a0<\/span><br \/>\n<span style=\"font-family: 'Work Sans', sans-serif;\" data-offset-key=\"8fom5-0-0\">Povrchov\u00e1 \u00faprava: lesk<\/span><\/p>\n<p><em><span style=\"font-family: 'Work Sans', sans-serif;\">Jemn\u00fd vzh\u013ead si vy\u017eaduje nosenie s l\u00e1skou.<\/span><\/em><\/p>\n<p>&nbsp;<\/p>\n<p><span style=\"font-family: 'Work Sans', sans-serif;\"><strong><span style=\"text-decoration-line: underline;\">*T\u00e1to n\u00e1u\u0161nica je pred\u00e1van\u00e1 po jednom kuse, ak chcete p\u00e1r, pros\u00edm vlo\u017ete 2ks do ko\u0161\u00edka.<\/span><\/strong><\/span><\/p>\n","protected":false},"excerpt":{"rendered":"<p><span style=\"font-family: 'Work Sans', sans-serif;\">Priemer dr\u00f4tu je 0.8 mm a 0.2 mm<\/span><br \/>\n<span style=\"font-family: 'Work Sans', sans-serif;\">Priemer kruhu pribli\u017ene 4 mm<\/span><\/p>\n<p>&nbsp;<\/p>\n<p><span style=\"font-family: 'Work Sans', sans-serif;\">Dostupn\u00e9 v 14k zlate s gold filled puzetkou alebo v striebre.<\/span><\/p>\n<p>&nbsp;<\/p>\n","protected":false},"featured_media":4513,"template":"","meta":{"_acf_changed":false},"product_brand":[],"product_cat":[610,55,49,642],"product_tag":[],"class_list":{"0":"post-5820","1":"product","2":"type-product","3":"status-publish","4":"has-post-thumbnail","6":"product_cat-14k-zlato","7":"product_cat-55","8":"product_cat-nausnice","9":"product_cat-vsetko","11":"first","12":"instock","13":"shipping-taxable","14":"purchasable","15":"product-type-variable","16":"has-default-attributes"},"acf":[],"yoast_head":"<!-- This site is optimized with the Yoast SEO plugin v27.4 - https:\/\/yoast.com\/product\/yoast-seo-wordpress\/ -->\n<title>Tiny loop n\u00e1u\u0161nica - bepart<\/title>\n<meta name=\"robots\" content=\"index, follow, max-snippet:-1, max-image-preview:large, max-video-preview:-1\" \/>\n<link rel=\"canonical\" href=\"https:\/\/www.bepartstudio.com\/sk\/produkt\/tiny-loop-nausnica\/\" \/>\n<meta property=\"og:locale\" content=\"sk_SK\" \/>\n<meta property=\"og:type\" content=\"article\" \/>\n<meta property=\"og:title\" content=\"Tiny loop n\u00e1u\u0161nica - bepart\" \/>\n<meta property=\"og:description\" content=\"Priemer dr\u00f4tu je 0.8 mm a 0.2 mm Priemer kruhu pribli\u017ene 4 mm  &nbsp;  Dostupn\u00e9 v 14k zlate s gold filled puzetkou alebo v striebre.  &nbsp;\" \/>\n<meta property=\"og:url\" content=\"https:\/\/www.bepartstudio.com\/sk\/produkt\/tiny-loop-nausnica\/\" \/>\n<meta property=\"og:site_name\" content=\"bepart\" \/>\n<meta property=\"article:modified_time\" content=\"2026-01-31T18:52:28+00:00\" \/>\n<meta property=\"og:image\" content=\"https:\/\/www.bepartstudio.com\/wp-content\/uploads\/2020\/07\/Loop-earring--scaled.jpg\" \/>\n\t<meta property=\"og:image:width\" content=\"1707\" \/>\n\t<meta property=\"og:image:height\" content=\"2560\" \/>\n\t<meta property=\"og:image:type\" content=\"image\/jpeg\" \/>\n<meta name=\"twitter:card\" content=\"summary_large_image\" \/>\n<meta name=\"twitter:label1\" content=\"Predpokladan\u00fd \u010das \u010d\u00edtania\" \/>\n\t<meta name=\"twitter:data1\" content=\"1 min\u00fata\" \/>\n<script type=\"application\/ld+json\" class=\"yoast-schema-graph\">{\"@context\":\"https:\\\/\\\/schema.org\",\"@graph\":[{\"@type\":\"WebPage\",\"@id\":\"https:\\\/\\\/www.bepartstudio.com\\\/sk\\\/produkt\\\/tiny-loop-nausnica\\\/\",\"url\":\"https:\\\/\\\/www.bepartstudio.com\\\/sk\\\/produkt\\\/tiny-loop-nausnica\\\/\",\"name\":\"Tiny loop n\u00e1u\u0161nica - bepart\",\"isPartOf\":{\"@id\":\"https:\\\/\\\/www.bepartstudio.com\\\/#website\"},\"primaryImageOfPage\":{\"@id\":\"https:\\\/\\\/www.bepartstudio.com\\\/sk\\\/produkt\\\/tiny-loop-nausnica\\\/#primaryimage\"},\"image\":{\"@id\":\"https:\\\/\\\/www.bepartstudio.com\\\/sk\\\/produkt\\\/tiny-loop-nausnica\\\/#primaryimage\"},\"thumbnailUrl\":\"https:\\\/\\\/www.bepartstudio.com\\\/wp-content\\\/uploads\\\/2020\\\/07\\\/Loop-earring--scaled.jpg\",\"datePublished\":\"2020-08-27T21:39:11+00:00\",\"dateModified\":\"2026-01-31T18:52:28+00:00\",\"breadcrumb\":{\"@id\":\"https:\\\/\\\/www.bepartstudio.com\\\/sk\\\/produkt\\\/tiny-loop-nausnica\\\/#breadcrumb\"},\"inLanguage\":\"sk-SK\",\"potentialAction\":[{\"@type\":\"ReadAction\",\"target\":[\"https:\\\/\\\/www.bepartstudio.com\\\/sk\\\/produkt\\\/tiny-loop-nausnica\\\/\"]}]},{\"@type\":\"ImageObject\",\"inLanguage\":\"sk-SK\",\"@id\":\"https:\\\/\\\/www.bepartstudio.com\\\/sk\\\/produkt\\\/tiny-loop-nausnica\\\/#primaryimage\",\"url\":\"https:\\\/\\\/www.bepartstudio.com\\\/wp-content\\\/uploads\\\/2020\\\/07\\\/Loop-earring--scaled.jpg\",\"contentUrl\":\"https:\\\/\\\/www.bepartstudio.com\\\/wp-content\\\/uploads\\\/2020\\\/07\\\/Loop-earring--scaled.jpg\",\"width\":1707,\"height\":2560},{\"@type\":\"BreadcrumbList\",\"@id\":\"https:\\\/\\\/www.bepartstudio.com\\\/sk\\\/produkt\\\/tiny-loop-nausnica\\\/#breadcrumb\",\"itemListElement\":[{\"@type\":\"ListItem\",\"position\":1,\"name\":\"Home\",\"item\":\"https:\\\/\\\/www.bepartstudio.com\\\/sk\\\/\"},{\"@type\":\"ListItem\",\"position\":2,\"name\":\"Obchod\",\"item\":\"https:\\\/\\\/www.bepartstudio.com\\\/sk\\\/obchod\\\/\"},{\"@type\":\"ListItem\",\"position\":3,\"name\":\"Tiny loop n\u00e1u\u0161nica\"}]},{\"@type\":\"WebSite\",\"@id\":\"https:\\\/\\\/www.bepartstudio.com\\\/#website\",\"url\":\"https:\\\/\\\/www.bepartstudio.com\\\/\",\"name\":\"bepart\",\"description\":\"Handmade fine jewelry\",\"potentialAction\":[{\"@type\":\"SearchAction\",\"target\":{\"@type\":\"EntryPoint\",\"urlTemplate\":\"https:\\\/\\\/www.bepartstudio.com\\\/?s={search_term_string}\"},\"query-input\":{\"@type\":\"PropertyValueSpecification\",\"valueRequired\":true,\"valueName\":\"search_term_string\"}}],\"inLanguage\":\"sk-SK\"}]}<\/script>\n<!-- \/ Yoast SEO plugin. -->","yoast_head_json":{"title":"Tiny loop n\u00e1u\u0161nica - bepart","robots":{"index":"index","follow":"follow","max-snippet":"max-snippet:-1","max-image-preview":"max-image-preview:large","max-video-preview":"max-video-preview:-1"},"canonical":"https:\/\/www.bepartstudio.com\/sk\/produkt\/tiny-loop-nausnica\/","og_locale":"sk_SK","og_type":"article","og_title":"Tiny loop n\u00e1u\u0161nica - bepart","og_description":"Priemer dr\u00f4tu je 0.8 mm a 0.2 mm Priemer kruhu pribli\u017ene 4 mm  &nbsp;  Dostupn\u00e9 v 14k zlate s gold filled puzetkou alebo v striebre.  &nbsp;","og_url":"https:\/\/www.bepartstudio.com\/sk\/produkt\/tiny-loop-nausnica\/","og_site_name":"bepart","article_modified_time":"2026-01-31T18:52:28+00:00","og_image":[{"width":1707,"height":2560,"url":"https:\/\/www.bepartstudio.com\/wp-content\/uploads\/2020\/07\/Loop-earring--scaled.jpg","type":"image\/jpeg"}],"twitter_card":"summary_large_image","twitter_misc":{"Predpokladan\u00fd \u010das \u010d\u00edtania":"1 min\u00fata"},"schema":{"@context":"https:\/\/schema.org","@graph":[{"@type":"WebPage","@id":"https:\/\/www.bepartstudio.com\/sk\/produkt\/tiny-loop-nausnica\/","url":"https:\/\/www.bepartstudio.com\/sk\/produkt\/tiny-loop-nausnica\/","name":"Tiny loop n\u00e1u\u0161nica - bepart","isPartOf":{"@id":"https:\/\/www.bepartstudio.com\/#website"},"primaryImageOfPage":{"@id":"https:\/\/www.bepartstudio.com\/sk\/produkt\/tiny-loop-nausnica\/#primaryimage"},"image":{"@id":"https:\/\/www.bepartstudio.com\/sk\/produkt\/tiny-loop-nausnica\/#primaryimage"},"thumbnailUrl":"https:\/\/www.bepartstudio.com\/wp-content\/uploads\/2020\/07\/Loop-earring--scaled.jpg","datePublished":"2020-08-27T21:39:11+00:00","dateModified":"2026-01-31T18:52:28+00:00","breadcrumb":{"@id":"https:\/\/www.bepartstudio.com\/sk\/produkt\/tiny-loop-nausnica\/#breadcrumb"},"inLanguage":"sk-SK","potentialAction":[{"@type":"ReadAction","target":["https:\/\/www.bepartstudio.com\/sk\/produkt\/tiny-loop-nausnica\/"]}]},{"@type":"ImageObject","inLanguage":"sk-SK","@id":"https:\/\/www.bepartstudio.com\/sk\/produkt\/tiny-loop-nausnica\/#primaryimage","url":"https:\/\/www.bepartstudio.com\/wp-content\/uploads\/2020\/07\/Loop-earring--scaled.jpg","contentUrl":"https:\/\/www.bepartstudio.com\/wp-content\/uploads\/2020\/07\/Loop-earring--scaled.jpg","width":1707,"height":2560},{"@type":"BreadcrumbList","@id":"https:\/\/www.bepartstudio.com\/sk\/produkt\/tiny-loop-nausnica\/#breadcrumb","itemListElement":[{"@type":"ListItem","position":1,"name":"Home","item":"https:\/\/www.bepartstudio.com\/sk\/"},{"@type":"ListItem","position":2,"name":"Obchod","item":"https:\/\/www.bepartstudio.com\/sk\/obchod\/"},{"@type":"ListItem","position":3,"name":"Tiny loop n\u00e1u\u0161nica"}]},{"@type":"WebSite","@id":"https:\/\/www.bepartstudio.com\/#website","url":"https:\/\/www.bepartstudio.com\/","name":"bepart","description":"Handmade fine jewelry","potentialAction":[{"@type":"SearchAction","target":{"@type":"EntryPoint","urlTemplate":"https:\/\/www.bepartstudio.com\/?s={search_term_string}"},"query-input":{"@type":"PropertyValueSpecification","valueRequired":true,"valueName":"search_term_string"}}],"inLanguage":"sk-SK"}]}},"jetpack_sharing_enabled":true,"_links":{"self":[{"href":"https:\/\/www.bepartstudio.com\/sk\/wp-json\/wp\/v2\/product\/5820","targetHints":{"allow":["GET"]}}],"collection":[{"href":"https:\/\/www.bepartstudio.com\/sk\/wp-json\/wp\/v2\/product"}],"about":[{"href":"https:\/\/www.bepartstudio.com\/sk\/wp-json\/wp\/v2\/types\/product"}],"wp:featuredmedia":[{"embeddable":true,"href":"https:\/\/www.bepartstudio.com\/sk\/wp-json\/wp\/v2\/media\/4513"}],"wp:attachment":[{"href":"https:\/\/www.bepartstudio.com\/sk\/wp-json\/wp\/v2\/media?parent=5820"}],"wp:term":[{"taxonomy":"product_brand","embeddable":true,"href":"https:\/\/www.bepartstudio.com\/sk\/wp-json\/wp\/v2\/product_brand?post=5820"},{"taxonomy":"product_cat","embeddable":true,"href":"https:\/\/www.bepartstudio.com\/sk\/wp-json\/wp\/v2\/product_cat?post=5820"},{"taxonomy":"product_tag","embeddable":true,"href":"https:\/\/www.bepartstudio.com\/sk\/wp-json\/wp\/v2\/product_tag?post=5820"}],"curies":[{"name":"wp","href":"https:\/\/api.w.org\/{rel}","templated":true}]}}