{"id":6592,"date":"2020-09-13T14:23:40","date_gmt":"2020-09-13T13:23:40","guid":{"rendered":"https:\/\/www.bepartstudio.com\/?post_type=product&#038;p=6592"},"modified":"2026-01-31T21:56:29","modified_gmt":"2026-01-31T20:56:29","slug":"iris-nausnica-ear-cuff","status":"publish","type":"product","link":"https:\/\/www.bepartstudio.com\/sk\/produkt\/iris-nausnica-ear-cuff\/","title":{"rendered":"Iris n\u00e1u\u0161nica\/ ear cuff"},"content":{"rendered":"<div class=\"editor2309694808__unstyled\" data-block=\"true\" data-editor=\"99s05\" data-offset-key=\"303k3-0-0\">\n<div class=\"public-DraftStyleDefault-block public-DraftStyleDefault-ltr\" data-offset-key=\"303k3-0-0\"><span style=\"font-family: 'Work Sans', sans-serif;\" data-offset-key=\"303k3-0-0\">N\u00e1u\u0161nica typu &#8222;ear cuff&#8220; je ur\u010den\u00e1 na stredn\u00fa \u010das\u0165 u\u0161nice. Dizajn vyklenutej polgule. Iris je minimalistickej\u0161ia verzia n\u00e1u\u0161nice Iberis. Kus \u0161perku, ktor\u00fd je jednoduch\u00fd, ale z\u00e1rove\u0148 n\u00edm m\u00f4\u017eete sofistikovane vyjadri\u0165 sam\u00fa seba. Po nasaden\u00ed sa pos\u00fava, sed\u00ed v polovici u\u0161nej chrupavky.<\/span><\/div>\n<div data-offset-key=\"303k3-0-0\">\n<div data-offset-key=\"5n7uq-0-0\">\n<p data-block=\"true\" data-editor=\"f6ha9\" data-offset-key=\"agncp-0-0\"><span style=\"font-family: 'Work Sans', sans-serif;\" data-offset-key=\"e6l1n-0-0\">\u00a0<\/span><\/p>\n<\/div>\n<div data-offset-key=\"5n7uq-0-0\"><\/div>\n<\/div>\n<\/div>\n<div class=\"editor2309694808__unstyled\" data-block=\"true\" data-editor=\"99s05\" data-offset-key=\"cs06v-0-0\">\n<div class=\"public-DraftStyleDefault-block public-DraftStyleDefault-ltr\" data-offset-key=\"cs06v-0-0\">\n<div class=\"public-DraftStyleDefault-block public-DraftStyleDefault-ltr\" data-offset-key=\"cs06v-0-0\"><span style=\"font-family: 'Work Sans', sans-serif;\">Na nosenie nie je potrebn\u00fd piercing<\/span><\/div>\n<div data-offset-key=\"cs06v-0-0\">\n<div data-offset-key=\"5n7uq-0-0\">\n<p class=\"editor2309694808__unstyled\" data-block=\"true\" data-editor=\"f6ha9\" data-offset-key=\"agncp-0-0\"><span style=\"font-family: 'Work Sans', sans-serif;\" data-offset-key=\"agncp-0-0\">Povrchov\u00e1 \u00faprava: lesk<\/span><\/p>\n<\/div>\n<\/div>\n<\/div>\n<div data-offset-key=\"cs06v-0-0\">\n<div data-offset-key=\"5n7uq-0-0\">\n<p data-block=\"true\" data-editor=\"f6ha9\" data-offset-key=\"agncp-0-0\"><span style=\"font-family: 'Work Sans', sans-serif;\" data-offset-key=\"e6l1n-0-0\">\u00a0<\/span><\/p>\n<\/div>\n<div data-offset-key=\"5n7uq-0-0\"><em><span style=\"font-family: 'Work Sans', sans-serif;\">Ak m\u00e1te z\u00e1ujem o 14k zlat\u00fa verziu, pros\u00edm kontaktujte n\u00e1s oh\u013eadom ceny.<\/span><\/em><\/div>\n<\/div>\n<\/div>\n","protected":false},"excerpt":{"rendered":"<div class=\"editor2309694808__unstyled\" data-block=\"true\" data-editor=\"fnk3q\" data-offset-key=\"17rkj-0-0\">\n<div data-offset-key=\"17rkj-0-0\">\n<div class=\"editor2309694808__unstyled\" data-block=\"true\" data-editor=\"at8v0\" data-offset-key=\"3fr8c-0-0\">\n<div class=\"public-DraftStyleDefault-block public-DraftStyleDefault-ltr\" data-offset-key=\"3fr8c-0-0\"><span style=\"font-family: 'Work Sans', sans-serif;\" data-offset-key=\"3fr8c-0-0\">Kov: Gold vermeil<\/span><\/div>\n<\/div>\n<div class=\"editor2309694808__unstyled\" data-block=\"true\" data-editor=\"at8v0\" data-offset-key=\"7nk57-0-0\">\n<div class=\"public-DraftStyleDefault-block public-DraftStyleDefault-ltr\" data-offset-key=\"7nk57-0-0\"><span style=\"font-family: 'Work Sans', sans-serif;\" data-offset-key=\"7nk57-0-0\">\u00a0<\/span><\/div>\n<\/div>\n<\/div>\n<div class=\"public-DraftStyleDefault-block public-DraftStyleDefault-ltr\" data-offset-key=\"17rkj-0-0\"><span style=\"font-family: Work Sans, sans-serif;\">Priemer pribli\u017ene 17 mm<\/span><\/div>\n<\/div>\n<div class=\"editor2309694808__unstyled\" data-block=\"true\" data-editor=\"fnk3q\" data-offset-key=\"9tjvk-0-0\">\n<div data-offset-key=\"9tjvk-0-0\">\n<div class=\"editor2309694808__unstyled\" data-block=\"true\" data-editor=\"at8v0\" data-offset-key=\"h1pf-0-0\">\n<div class=\"public-DraftStyleDefault-block public-DraftStyleDefault-ltr\" data-offset-key=\"h1pf-0-0\">\n<div data-offset-key=\"5n7uq-0-0\">\n<p data-block=\"true\" data-editor=\"f6ha9\" data-offset-key=\"agncp-0-0\"><span style=\"font-family: 'Work Sans', sans-serif;\" data-offset-key=\"e6l1n-0-0\">\u00a0<\/span><\/p>\n<\/div>\n<div data-offset-key=\"5n7uq-0-0\"><\/div>\n<\/div>\n<\/div>\n<div class=\"editor2309694808__unstyled\" data-block=\"true\" data-editor=\"at8v0\" data-offset-key=\"887q4-0-0\">\n<div class=\"public-DraftStyleDefault-block public-DraftStyleDefault-ltr\" data-offset-key=\"887q4-0-0\"><span style=\"text-decoration: underline; font-family: 'Work Sans', sans-serif;\"><em>Gold vermeil je hrub\u00e1 mikr\u00f3nov\u00e1 vrstva 23k zlata na striebre. Na povrchu ten\u0161ia vrstva 14k zlata (kv\u00f4li farbe)<\/em><\/span><\/div>\n<\/div>\n<\/div>\n<\/div>\n","protected":false},"featured_media":4679,"template":"","meta":{"_acf_changed":false},"product_brand":[],"product_cat":[24,52,612,642],"product_tag":[],"class_list":{"0":"post-6592","1":"product","2":"type-product","3":"status-publish","4":"has-post-thumbnail","6":"product_cat-kolekcia-alba","7":"product_cat-ear-cuffs","8":"product_cat-gold-vermeil","9":"product_cat-vsetko","11":"first","12":"instock","13":"shipping-taxable","14":"purchasable","15":"product-type-variable","16":"has-default-attributes"},"acf":[],"yoast_head":"<!-- This site is optimized with the Yoast SEO plugin v27.4 - https:\/\/yoast.com\/product\/yoast-seo-wordpress\/ -->\n<title>Iris n\u00e1u\u0161nica\/ ear cuff - bepart<\/title>\n<meta name=\"robots\" content=\"index, follow, max-snippet:-1, max-image-preview:large, max-video-preview:-1\" \/>\n<link rel=\"canonical\" href=\"https:\/\/www.bepartstudio.com\/produkt\/iris-ear-cuff\/\" \/>\n<meta property=\"og:locale\" content=\"sk_SK\" \/>\n<meta property=\"og:type\" content=\"article\" \/>\n<meta property=\"og:title\" content=\"Iris n\u00e1u\u0161nica\/ ear cuff - bepart\" \/>\n<meta property=\"og:description\" content=\"Kov: Gold vermeil   \u00a0   Priemer pribli\u017ene 17 mm       \u00a0       Gold vermeil je hrub\u00e1 mikr\u00f3nov\u00e1 vrstva 23k zlata na striebre. Na povrchu ten\u0161ia vrstva 14k zlata (kv\u00f4li farbe)\" \/>\n<meta property=\"og:url\" content=\"https:\/\/www.bepartstudio.com\/produkt\/iris-ear-cuff\/\" \/>\n<meta property=\"og:site_name\" content=\"bepart\" \/>\n<meta property=\"article:modified_time\" content=\"2026-01-31T20:56:29+00:00\" \/>\n<meta property=\"og:image\" content=\"https:\/\/www.bepartstudio.com\/wp-content\/uploads\/2020\/07\/Iris-ear-cuff-1-scaled.jpg\" \/>\n\t<meta property=\"og:image:width\" content=\"1707\" \/>\n\t<meta property=\"og:image:height\" content=\"2560\" \/>\n\t<meta property=\"og:image:type\" content=\"image\/jpeg\" \/>\n<meta name=\"twitter:card\" content=\"summary_large_image\" \/>\n<script type=\"application\/ld+json\" class=\"yoast-schema-graph\">{\"@context\":\"https:\\\/\\\/schema.org\",\"@graph\":[{\"@type\":\"WebPage\",\"@id\":\"https:\\\/\\\/www.bepartstudio.com\\\/produkt\\\/iris-ear-cuff\\\/\",\"url\":\"https:\\\/\\\/www.bepartstudio.com\\\/produkt\\\/iris-ear-cuff\\\/\",\"name\":\"Iris n\u00e1u\u0161nica\\\/ ear cuff - bepart\",\"isPartOf\":{\"@id\":\"https:\\\/\\\/www.bepartstudio.com\\\/#website\"},\"primaryImageOfPage\":{\"@id\":\"https:\\\/\\\/www.bepartstudio.com\\\/produkt\\\/iris-ear-cuff\\\/#primaryimage\"},\"image\":{\"@id\":\"https:\\\/\\\/www.bepartstudio.com\\\/produkt\\\/iris-ear-cuff\\\/#primaryimage\"},\"thumbnailUrl\":\"https:\\\/\\\/www.bepartstudio.com\\\/wp-content\\\/uploads\\\/2020\\\/07\\\/Iris-ear-cuff-1-scaled.jpg\",\"datePublished\":\"2020-09-13T13:23:40+00:00\",\"dateModified\":\"2026-01-31T20:56:29+00:00\",\"breadcrumb\":{\"@id\":\"https:\\\/\\\/www.bepartstudio.com\\\/produkt\\\/iris-ear-cuff\\\/#breadcrumb\"},\"inLanguage\":\"sk-SK\",\"potentialAction\":[{\"@type\":\"ReadAction\",\"target\":[\"https:\\\/\\\/www.bepartstudio.com\\\/produkt\\\/iris-ear-cuff\\\/\"]}]},{\"@type\":\"ImageObject\",\"inLanguage\":\"sk-SK\",\"@id\":\"https:\\\/\\\/www.bepartstudio.com\\\/produkt\\\/iris-ear-cuff\\\/#primaryimage\",\"url\":\"https:\\\/\\\/www.bepartstudio.com\\\/wp-content\\\/uploads\\\/2020\\\/07\\\/Iris-ear-cuff-1-scaled.jpg\",\"contentUrl\":\"https:\\\/\\\/www.bepartstudio.com\\\/wp-content\\\/uploads\\\/2020\\\/07\\\/Iris-ear-cuff-1-scaled.jpg\",\"width\":1707,\"height\":2560},{\"@type\":\"BreadcrumbList\",\"@id\":\"https:\\\/\\\/www.bepartstudio.com\\\/produkt\\\/iris-ear-cuff\\\/#breadcrumb\",\"itemListElement\":[{\"@type\":\"ListItem\",\"position\":1,\"name\":\"Home\",\"item\":\"https:\\\/\\\/www.bepartstudio.com\\\/sk\\\/\"},{\"@type\":\"ListItem\",\"position\":2,\"name\":\"Obchod\",\"item\":\"https:\\\/\\\/www.bepartstudio.com\\\/sk\\\/obchod\\\/\"},{\"@type\":\"ListItem\",\"position\":3,\"name\":\"Iris n\u00e1u\u0161nica\\\/ ear cuff\"}]},{\"@type\":\"WebSite\",\"@id\":\"https:\\\/\\\/www.bepartstudio.com\\\/#website\",\"url\":\"https:\\\/\\\/www.bepartstudio.com\\\/\",\"name\":\"bepart\",\"description\":\"Handmade fine jewelry\",\"potentialAction\":[{\"@type\":\"SearchAction\",\"target\":{\"@type\":\"EntryPoint\",\"urlTemplate\":\"https:\\\/\\\/www.bepartstudio.com\\\/?s={search_term_string}\"},\"query-input\":{\"@type\":\"PropertyValueSpecification\",\"valueRequired\":true,\"valueName\":\"search_term_string\"}}],\"inLanguage\":\"sk-SK\"}]}<\/script>\n<!-- \/ Yoast SEO plugin. -->","yoast_head_json":{"title":"Iris n\u00e1u\u0161nica\/ ear cuff - bepart","robots":{"index":"index","follow":"follow","max-snippet":"max-snippet:-1","max-image-preview":"max-image-preview:large","max-video-preview":"max-video-preview:-1"},"canonical":"https:\/\/www.bepartstudio.com\/produkt\/iris-ear-cuff\/","og_locale":"sk_SK","og_type":"article","og_title":"Iris n\u00e1u\u0161nica\/ ear cuff - bepart","og_description":"Kov: Gold vermeil   \u00a0   Priemer pribli\u017ene 17 mm       \u00a0       Gold vermeil je hrub\u00e1 mikr\u00f3nov\u00e1 vrstva 23k zlata na striebre. Na povrchu ten\u0161ia vrstva 14k zlata (kv\u00f4li farbe)","og_url":"https:\/\/www.bepartstudio.com\/produkt\/iris-ear-cuff\/","og_site_name":"bepart","article_modified_time":"2026-01-31T20:56:29+00:00","og_image":[{"width":1707,"height":2560,"url":"https:\/\/www.bepartstudio.com\/wp-content\/uploads\/2020\/07\/Iris-ear-cuff-1-scaled.jpg","type":"image\/jpeg"}],"twitter_card":"summary_large_image","schema":{"@context":"https:\/\/schema.org","@graph":[{"@type":"WebPage","@id":"https:\/\/www.bepartstudio.com\/produkt\/iris-ear-cuff\/","url":"https:\/\/www.bepartstudio.com\/produkt\/iris-ear-cuff\/","name":"Iris n\u00e1u\u0161nica\/ ear cuff - bepart","isPartOf":{"@id":"https:\/\/www.bepartstudio.com\/#website"},"primaryImageOfPage":{"@id":"https:\/\/www.bepartstudio.com\/produkt\/iris-ear-cuff\/#primaryimage"},"image":{"@id":"https:\/\/www.bepartstudio.com\/produkt\/iris-ear-cuff\/#primaryimage"},"thumbnailUrl":"https:\/\/www.bepartstudio.com\/wp-content\/uploads\/2020\/07\/Iris-ear-cuff-1-scaled.jpg","datePublished":"2020-09-13T13:23:40+00:00","dateModified":"2026-01-31T20:56:29+00:00","breadcrumb":{"@id":"https:\/\/www.bepartstudio.com\/produkt\/iris-ear-cuff\/#breadcrumb"},"inLanguage":"sk-SK","potentialAction":[{"@type":"ReadAction","target":["https:\/\/www.bepartstudio.com\/produkt\/iris-ear-cuff\/"]}]},{"@type":"ImageObject","inLanguage":"sk-SK","@id":"https:\/\/www.bepartstudio.com\/produkt\/iris-ear-cuff\/#primaryimage","url":"https:\/\/www.bepartstudio.com\/wp-content\/uploads\/2020\/07\/Iris-ear-cuff-1-scaled.jpg","contentUrl":"https:\/\/www.bepartstudio.com\/wp-content\/uploads\/2020\/07\/Iris-ear-cuff-1-scaled.jpg","width":1707,"height":2560},{"@type":"BreadcrumbList","@id":"https:\/\/www.bepartstudio.com\/produkt\/iris-ear-cuff\/#breadcrumb","itemListElement":[{"@type":"ListItem","position":1,"name":"Home","item":"https:\/\/www.bepartstudio.com\/sk\/"},{"@type":"ListItem","position":2,"name":"Obchod","item":"https:\/\/www.bepartstudio.com\/sk\/obchod\/"},{"@type":"ListItem","position":3,"name":"Iris n\u00e1u\u0161nica\/ ear cuff"}]},{"@type":"WebSite","@id":"https:\/\/www.bepartstudio.com\/#website","url":"https:\/\/www.bepartstudio.com\/","name":"bepart","description":"Handmade fine jewelry","potentialAction":[{"@type":"SearchAction","target":{"@type":"EntryPoint","urlTemplate":"https:\/\/www.bepartstudio.com\/?s={search_term_string}"},"query-input":{"@type":"PropertyValueSpecification","valueRequired":true,"valueName":"search_term_string"}}],"inLanguage":"sk-SK"}]}},"jetpack_sharing_enabled":true,"_links":{"self":[{"href":"https:\/\/www.bepartstudio.com\/sk\/wp-json\/wp\/v2\/product\/6592","targetHints":{"allow":["GET"]}}],"collection":[{"href":"https:\/\/www.bepartstudio.com\/sk\/wp-json\/wp\/v2\/product"}],"about":[{"href":"https:\/\/www.bepartstudio.com\/sk\/wp-json\/wp\/v2\/types\/product"}],"wp:featuredmedia":[{"embeddable":true,"href":"https:\/\/www.bepartstudio.com\/sk\/wp-json\/wp\/v2\/media\/4679"}],"wp:attachment":[{"href":"https:\/\/www.bepartstudio.com\/sk\/wp-json\/wp\/v2\/media?parent=6592"}],"wp:term":[{"taxonomy":"product_brand","embeddable":true,"href":"https:\/\/www.bepartstudio.com\/sk\/wp-json\/wp\/v2\/product_brand?post=6592"},{"taxonomy":"product_cat","embeddable":true,"href":"https:\/\/www.bepartstudio.com\/sk\/wp-json\/wp\/v2\/product_cat?post=6592"},{"taxonomy":"product_tag","embeddable":true,"href":"https:\/\/www.bepartstudio.com\/sk\/wp-json\/wp\/v2\/product_tag?post=6592"}],"curies":[{"name":"wp","href":"https:\/\/api.w.org\/{rel}","templated":true}]}}