{"id":6674,"date":"2020-09-13T20:42:07","date_gmt":"2020-09-13T19:42:07","guid":{"rendered":"https:\/\/www.bepartstudio.com\/?post_type=product&#038;p=6674"},"modified":"2026-01-31T20:48:17","modified_gmt":"2026-01-31T19:48:17","slug":"nadpajacia-retiazka","status":"publish","type":"product","link":"https:\/\/www.bepartstudio.com\/sk\/produkt\/nadpajacia-retiazka\/","title":{"rendered":"Nadp\u00e1jacia retiazka"},"content":{"rendered":"<p><span style=\"font-family: 'Work Sans', sans-serif;\">Prid\u00e1vn\u00e1 mini retiazka pre Hel\u00e9n n\u00e1hrdeln\u00edk. M\u00f4\u017eete si ju prida\u0165 na n\u00e1hrdeln\u00edk Ring a Toggle a na \u0148u prid\u00e1va\u0165 medail\u00f3niky.<\/span><\/p>\n<p><span style=\"font-family: 'Work Sans', sans-serif;\">Na v\u00fdber s\u00fa tri typy retiazky, rovnako ako na n\u00e1hrdeln\u00edkoch.<\/span><\/p>\n","protected":false},"excerpt":{"rendered":"<p><span style=\"font-family: 'Work Sans', sans-serif;\">D\u013a\u017eka 3 cm<\/span><\/p>\n","protected":false},"featured_media":4937,"template":"","meta":{"_acf_changed":false},"product_brand":[],"product_cat":[610,53],"product_tag":[],"class_list":{"0":"post-6674","1":"product","2":"type-product","3":"status-publish","4":"has-post-thumbnail","6":"product_cat-14k-zlato","7":"product_cat-helen","9":"first","10":"instock","11":"shipping-taxable","12":"purchasable","13":"product-type-variable","14":"has-default-attributes"},"acf":[],"yoast_head":"<!-- This site is optimized with the Yoast SEO plugin v27.4 - https:\/\/yoast.com\/product\/yoast-seo-wordpress\/ -->\n<title>Nadp\u00e1jacia retiazka - bepart<\/title>\n<meta name=\"robots\" content=\"index, follow, max-snippet:-1, max-image-preview:large, max-video-preview:-1\" \/>\n<link rel=\"canonical\" href=\"https:\/\/www.bepartstudio.com\/sk\/produkt\/nadpajacia-retiazka\/\" \/>\n<meta property=\"og:locale\" content=\"sk_SK\" \/>\n<meta property=\"og:type\" content=\"article\" \/>\n<meta property=\"og:title\" content=\"Nadp\u00e1jacia retiazka - bepart\" \/>\n<meta property=\"og:description\" content=\"D\u013a\u017eka 3 cm\" \/>\n<meta property=\"og:url\" content=\"https:\/\/www.bepartstudio.com\/sk\/produkt\/nadpajacia-retiazka\/\" \/>\n<meta property=\"og:site_name\" content=\"bepart\" \/>\n<meta property=\"article:modified_time\" content=\"2026-01-31T19:48:17+00:00\" \/>\n<meta property=\"og:image\" content=\"https:\/\/www.bepartstudio.com\/wp-content\/uploads\/2020\/07\/Extended-chain-rolo-1-scaled.jpg\" \/>\n\t<meta property=\"og:image:width\" content=\"1707\" \/>\n\t<meta property=\"og:image:height\" content=\"2560\" \/>\n\t<meta property=\"og:image:type\" content=\"image\/jpeg\" \/>\n<meta name=\"twitter:card\" content=\"summary_large_image\" \/>\n<meta name=\"twitter:label1\" content=\"Predpokladan\u00fd \u010das \u010d\u00edtania\" \/>\n\t<meta name=\"twitter:data1\" content=\"1 min\u00fata\" \/>\n<script type=\"application\/ld+json\" class=\"yoast-schema-graph\">{\"@context\":\"https:\\\/\\\/schema.org\",\"@graph\":[{\"@type\":\"WebPage\",\"@id\":\"https:\\\/\\\/www.bepartstudio.com\\\/sk\\\/produkt\\\/nadpajacia-retiazka\\\/\",\"url\":\"https:\\\/\\\/www.bepartstudio.com\\\/sk\\\/produkt\\\/nadpajacia-retiazka\\\/\",\"name\":\"Nadp\u00e1jacia retiazka - bepart\",\"isPartOf\":{\"@id\":\"https:\\\/\\\/www.bepartstudio.com\\\/#website\"},\"primaryImageOfPage\":{\"@id\":\"https:\\\/\\\/www.bepartstudio.com\\\/sk\\\/produkt\\\/nadpajacia-retiazka\\\/#primaryimage\"},\"image\":{\"@id\":\"https:\\\/\\\/www.bepartstudio.com\\\/sk\\\/produkt\\\/nadpajacia-retiazka\\\/#primaryimage\"},\"thumbnailUrl\":\"https:\\\/\\\/www.bepartstudio.com\\\/wp-content\\\/uploads\\\/2020\\\/07\\\/Extended-chain-rolo-1-scaled.jpg\",\"datePublished\":\"2020-09-13T19:42:07+00:00\",\"dateModified\":\"2026-01-31T19:48:17+00:00\",\"breadcrumb\":{\"@id\":\"https:\\\/\\\/www.bepartstudio.com\\\/sk\\\/produkt\\\/nadpajacia-retiazka\\\/#breadcrumb\"},\"inLanguage\":\"sk-SK\",\"potentialAction\":[{\"@type\":\"ReadAction\",\"target\":[\"https:\\\/\\\/www.bepartstudio.com\\\/sk\\\/produkt\\\/nadpajacia-retiazka\\\/\"]}]},{\"@type\":\"ImageObject\",\"inLanguage\":\"sk-SK\",\"@id\":\"https:\\\/\\\/www.bepartstudio.com\\\/sk\\\/produkt\\\/nadpajacia-retiazka\\\/#primaryimage\",\"url\":\"https:\\\/\\\/www.bepartstudio.com\\\/wp-content\\\/uploads\\\/2020\\\/07\\\/Extended-chain-rolo-1-scaled.jpg\",\"contentUrl\":\"https:\\\/\\\/www.bepartstudio.com\\\/wp-content\\\/uploads\\\/2020\\\/07\\\/Extended-chain-rolo-1-scaled.jpg\",\"width\":1707,\"height\":2560},{\"@type\":\"BreadcrumbList\",\"@id\":\"https:\\\/\\\/www.bepartstudio.com\\\/sk\\\/produkt\\\/nadpajacia-retiazka\\\/#breadcrumb\",\"itemListElement\":[{\"@type\":\"ListItem\",\"position\":1,\"name\":\"Home\",\"item\":\"https:\\\/\\\/www.bepartstudio.com\\\/sk\\\/\"},{\"@type\":\"ListItem\",\"position\":2,\"name\":\"Obchod\",\"item\":\"https:\\\/\\\/www.bepartstudio.com\\\/sk\\\/obchod\\\/\"},{\"@type\":\"ListItem\",\"position\":3,\"name\":\"Nadp\u00e1jacia retiazka\"}]},{\"@type\":\"WebSite\",\"@id\":\"https:\\\/\\\/www.bepartstudio.com\\\/#website\",\"url\":\"https:\\\/\\\/www.bepartstudio.com\\\/\",\"name\":\"bepart\",\"description\":\"Handmade fine jewelry\",\"potentialAction\":[{\"@type\":\"SearchAction\",\"target\":{\"@type\":\"EntryPoint\",\"urlTemplate\":\"https:\\\/\\\/www.bepartstudio.com\\\/?s={search_term_string}\"},\"query-input\":{\"@type\":\"PropertyValueSpecification\",\"valueRequired\":true,\"valueName\":\"search_term_string\"}}],\"inLanguage\":\"sk-SK\"}]}<\/script>\n<!-- \/ Yoast SEO plugin. -->","yoast_head_json":{"title":"Nadp\u00e1jacia retiazka - bepart","robots":{"index":"index","follow":"follow","max-snippet":"max-snippet:-1","max-image-preview":"max-image-preview:large","max-video-preview":"max-video-preview:-1"},"canonical":"https:\/\/www.bepartstudio.com\/sk\/produkt\/nadpajacia-retiazka\/","og_locale":"sk_SK","og_type":"article","og_title":"Nadp\u00e1jacia retiazka - bepart","og_description":"D\u013a\u017eka 3 cm","og_url":"https:\/\/www.bepartstudio.com\/sk\/produkt\/nadpajacia-retiazka\/","og_site_name":"bepart","article_modified_time":"2026-01-31T19:48:17+00:00","og_image":[{"width":1707,"height":2560,"url":"https:\/\/www.bepartstudio.com\/wp-content\/uploads\/2020\/07\/Extended-chain-rolo-1-scaled.jpg","type":"image\/jpeg"}],"twitter_card":"summary_large_image","twitter_misc":{"Predpokladan\u00fd \u010das \u010d\u00edtania":"1 min\u00fata"},"schema":{"@context":"https:\/\/schema.org","@graph":[{"@type":"WebPage","@id":"https:\/\/www.bepartstudio.com\/sk\/produkt\/nadpajacia-retiazka\/","url":"https:\/\/www.bepartstudio.com\/sk\/produkt\/nadpajacia-retiazka\/","name":"Nadp\u00e1jacia retiazka - bepart","isPartOf":{"@id":"https:\/\/www.bepartstudio.com\/#website"},"primaryImageOfPage":{"@id":"https:\/\/www.bepartstudio.com\/sk\/produkt\/nadpajacia-retiazka\/#primaryimage"},"image":{"@id":"https:\/\/www.bepartstudio.com\/sk\/produkt\/nadpajacia-retiazka\/#primaryimage"},"thumbnailUrl":"https:\/\/www.bepartstudio.com\/wp-content\/uploads\/2020\/07\/Extended-chain-rolo-1-scaled.jpg","datePublished":"2020-09-13T19:42:07+00:00","dateModified":"2026-01-31T19:48:17+00:00","breadcrumb":{"@id":"https:\/\/www.bepartstudio.com\/sk\/produkt\/nadpajacia-retiazka\/#breadcrumb"},"inLanguage":"sk-SK","potentialAction":[{"@type":"ReadAction","target":["https:\/\/www.bepartstudio.com\/sk\/produkt\/nadpajacia-retiazka\/"]}]},{"@type":"ImageObject","inLanguage":"sk-SK","@id":"https:\/\/www.bepartstudio.com\/sk\/produkt\/nadpajacia-retiazka\/#primaryimage","url":"https:\/\/www.bepartstudio.com\/wp-content\/uploads\/2020\/07\/Extended-chain-rolo-1-scaled.jpg","contentUrl":"https:\/\/www.bepartstudio.com\/wp-content\/uploads\/2020\/07\/Extended-chain-rolo-1-scaled.jpg","width":1707,"height":2560},{"@type":"BreadcrumbList","@id":"https:\/\/www.bepartstudio.com\/sk\/produkt\/nadpajacia-retiazka\/#breadcrumb","itemListElement":[{"@type":"ListItem","position":1,"name":"Home","item":"https:\/\/www.bepartstudio.com\/sk\/"},{"@type":"ListItem","position":2,"name":"Obchod","item":"https:\/\/www.bepartstudio.com\/sk\/obchod\/"},{"@type":"ListItem","position":3,"name":"Nadp\u00e1jacia retiazka"}]},{"@type":"WebSite","@id":"https:\/\/www.bepartstudio.com\/#website","url":"https:\/\/www.bepartstudio.com\/","name":"bepart","description":"Handmade fine jewelry","potentialAction":[{"@type":"SearchAction","target":{"@type":"EntryPoint","urlTemplate":"https:\/\/www.bepartstudio.com\/?s={search_term_string}"},"query-input":{"@type":"PropertyValueSpecification","valueRequired":true,"valueName":"search_term_string"}}],"inLanguage":"sk-SK"}]}},"jetpack_sharing_enabled":true,"_links":{"self":[{"href":"https:\/\/www.bepartstudio.com\/sk\/wp-json\/wp\/v2\/product\/6674","targetHints":{"allow":["GET"]}}],"collection":[{"href":"https:\/\/www.bepartstudio.com\/sk\/wp-json\/wp\/v2\/product"}],"about":[{"href":"https:\/\/www.bepartstudio.com\/sk\/wp-json\/wp\/v2\/types\/product"}],"wp:featuredmedia":[{"embeddable":true,"href":"https:\/\/www.bepartstudio.com\/sk\/wp-json\/wp\/v2\/media\/4937"}],"wp:attachment":[{"href":"https:\/\/www.bepartstudio.com\/sk\/wp-json\/wp\/v2\/media?parent=6674"}],"wp:term":[{"taxonomy":"product_brand","embeddable":true,"href":"https:\/\/www.bepartstudio.com\/sk\/wp-json\/wp\/v2\/product_brand?post=6674"},{"taxonomy":"product_cat","embeddable":true,"href":"https:\/\/www.bepartstudio.com\/sk\/wp-json\/wp\/v2\/product_cat?post=6674"},{"taxonomy":"product_tag","embeddable":true,"href":"https:\/\/www.bepartstudio.com\/sk\/wp-json\/wp\/v2\/product_tag?post=6674"}],"curies":[{"name":"wp","href":"https:\/\/api.w.org\/{rel}","templated":true}]}}