{"id":6795,"date":"2020-09-14T15:57:17","date_gmt":"2020-09-14T14:57:17","guid":{"rendered":"https:\/\/www.bepartstudio.com\/?post_type=product&#038;p=6795"},"modified":"2026-02-08T20:35:57","modified_gmt":"2026-02-08T19:35:57","slug":"maly-obojstranny-medailon-pismenoznamenie-2","status":"publish","type":"product","link":"https:\/\/www.bepartstudio.com\/sk\/produkt\/maly-obojstranny-medailon-pismenoznamenie-2\/","title":{"rendered":"Mal\u00fd obojstrann\u00fd medail\u00f3n"},"content":{"rendered":"<p><span style=\"font-family: 'Work Sans', sans-serif;\">Mal\u00fd obojstrann\u00fd medail\u00f3n m\u00e1 tri typy:<\/span><\/p>\n<ul>\n<li><span style=\"font-family: 'Work Sans', sans-serif;\">P\u00edsmeno+P\u00edsmeno<\/span><\/li>\n<li><span style=\"font-family: 'Work Sans', sans-serif; color: #1d2cf3;\">P\u00edsmeno+Znamenie<\/span><\/li>\n<li><span style=\"font-family: 'Work Sans', sans-serif;\">Znamenie+Znamenie\u00a0 (preklik medzi typmi pod n\u00e1zvom)<\/span><\/li>\n<\/ul>\n<div class=\"editor2309694808__unstyled\" data-block=\"true\" data-editor=\"5ikku\" data-offset-key=\"aqmpk-0-0\">\n<div data-offset-key=\"aqmpk-0-0\">\n<p>&nbsp;<\/p>\n<\/div>\n<\/div>\n<div class=\"editor2309694808__unstyled\" data-block=\"true\" data-editor=\"5ikku\" data-offset-key=\"6bhq8-0-0\">\n<div class=\"public-DraftStyleDefault-block public-DraftStyleDefault-ltr\" data-offset-key=\"6bhq8-0-0\"><span style=\"font-family: 'Work Sans', sans-serif;\" data-offset-key=\"6bhq8-0-0\">Vyberte si p\u00edsmeno z abecedy alebo znamenie zverokruhu pre personaliz\u00e1ciu medail\u00f3nu.<\/span><\/div>\n<div data-offset-key=\"6bhq8-0-0\">\n<div class=\"public-DraftStyleDefault-block public-DraftStyleDefault-ltr\" data-offset-key=\"6cn60-0-0\">\n<div data-offset-key=\"60m7l-0-0\">\n<p>&nbsp;<\/p>\n<\/div>\n<\/div>\n<div class=\"editor2309694808__unstyled\" data-block=\"true\" data-editor=\"acctj\" data-offset-key=\"4rqd2-0-0\">\n<p class=\"public-DraftStyleDefault-block public-DraftStyleDefault-ltr\" data-offset-key=\"4rqd2-0-0\"><span style=\"font-family: 'Work Sans', sans-serif;\" data-offset-key=\"4rqd2-0-0\">\u0160peci\u00e1lny syst\u00e9m umo\u017e\u0148uje prid\u00e1vanie tohto medail\u00f3nu na \u0161perky z kolekcie Hel\u00e9n.<\/span><\/p>\n<div data-offset-key=\"4rqd2-0-0\">\n<p>&nbsp;<\/p>\n<p><span style=\"font-family: 'Work Sans', sans-serif;\" data-offset-key=\"8fom5-0-0\">Povrchov\u00e1 \u00faprava: lesk<\/span><\/p>\n<\/div>\n<\/div>\n<\/div>\n<div data-offset-key=\"6bhq8-0-0\">\n<div class=\"editor2309694808__unstyled\" data-block=\"true\" data-editor=\"5ikku\" data-offset-key=\"aqmpk-0-0\">\n<div data-offset-key=\"aqmpk-0-0\">\n<p>&nbsp;<\/p>\n<\/div>\n<\/div>\n<\/div>\n<\/div>\n<div data-offset-key=\"6bhq8-0-0\"><span style=\"text-decoration: underline;\"><strong><span style=\"font-family: 'Work Sans', sans-serif;\"><em>*Obr\u00e1zok medail\u00f3nu je ilustra\u010dn\u00fd, zobrazuje typ, nie objednan\u00fd medail\u00f3n.<\/em><\/span><\/strong><\/span><\/div>\n","protected":false},"excerpt":{"rendered":"<p><span style=\"font-family: 'Work Sans', sans-serif;\">Priemer medail\u00f3nu je pribli\u017ene 11 mm<\/span><\/p>\n<p><span style=\"font-family: 'Work Sans', sans-serif;\">Hr\u00fabka je pribli\u017ene 1.8 mm<\/span><\/p>\n","protected":false},"featured_media":6791,"template":"","meta":{"_acf_changed":false},"product_brand":[],"product_cat":[610,53,642],"product_tag":[],"class_list":{"0":"post-6795","1":"product","2":"type-product","3":"status-publish","4":"has-post-thumbnail","6":"product_cat-14k-zlato","7":"product_cat-helen","8":"product_cat-vsetko","10":"first","11":"instock","12":"shipping-taxable","13":"purchasable","14":"product-type-variable","15":"has-default-attributes"},"acf":[],"yoast_head":"<!-- This site is optimized with the Yoast SEO plugin v27.4 - https:\/\/yoast.com\/product\/yoast-seo-wordpress\/ -->\n<title>Mal\u00fd obojstrann\u00fd medail\u00f3n - bepart<\/title>\n<meta name=\"robots\" content=\"index, follow, max-snippet:-1, max-image-preview:large, max-video-preview:-1\" \/>\n<link rel=\"canonical\" href=\"https:\/\/www.bepartstudio.com\/sk\/produkt\/maly-obojstranny-medailon-pismenoznamenie-2\/\" \/>\n<meta property=\"og:locale\" content=\"sk_SK\" \/>\n<meta property=\"og:type\" content=\"article\" \/>\n<meta property=\"og:title\" content=\"Mal\u00fd obojstrann\u00fd medail\u00f3n - bepart\" \/>\n<meta property=\"og:description\" content=\"Priemer medail\u00f3nu je pribli\u017ene 11 mm  Hr\u00fabka je pribli\u017ene 1.8 mm\" \/>\n<meta property=\"og:url\" content=\"https:\/\/www.bepartstudio.com\/sk\/produkt\/maly-obojstranny-medailon-pismenoznamenie-2\/\" \/>\n<meta property=\"og:site_name\" content=\"bepart\" \/>\n<meta property=\"article:modified_time\" content=\"2026-02-08T19:35:57+00:00\" \/>\n<meta property=\"og:image\" content=\"https:\/\/www.bepartstudio.com\/wp-content\/uploads\/2020\/09\/PZ-small-683x1024.gif\" \/>\n\t<meta property=\"og:image:width\" content=\"683\" \/>\n\t<meta property=\"og:image:height\" content=\"1024\" \/>\n\t<meta property=\"og:image:type\" content=\"image\/gif\" \/>\n<meta name=\"twitter:card\" content=\"summary_large_image\" \/>\n<meta name=\"twitter:label1\" content=\"Predpokladan\u00fd \u010das \u010d\u00edtania\" \/>\n\t<meta name=\"twitter:data1\" content=\"1 min\u00fata\" \/>\n<script type=\"application\/ld+json\" class=\"yoast-schema-graph\">{\"@context\":\"https:\\\/\\\/schema.org\",\"@graph\":[{\"@type\":\"WebPage\",\"@id\":\"https:\\\/\\\/www.bepartstudio.com\\\/sk\\\/produkt\\\/maly-obojstranny-medailon-pismenoznamenie-2\\\/\",\"url\":\"https:\\\/\\\/www.bepartstudio.com\\\/sk\\\/produkt\\\/maly-obojstranny-medailon-pismenoznamenie-2\\\/\",\"name\":\"Mal\u00fd obojstrann\u00fd medail\u00f3n - bepart\",\"isPartOf\":{\"@id\":\"https:\\\/\\\/www.bepartstudio.com\\\/#website\"},\"primaryImageOfPage\":{\"@id\":\"https:\\\/\\\/www.bepartstudio.com\\\/sk\\\/produkt\\\/maly-obojstranny-medailon-pismenoznamenie-2\\\/#primaryimage\"},\"image\":{\"@id\":\"https:\\\/\\\/www.bepartstudio.com\\\/sk\\\/produkt\\\/maly-obojstranny-medailon-pismenoznamenie-2\\\/#primaryimage\"},\"thumbnailUrl\":\"https:\\\/\\\/www.bepartstudio.com\\\/wp-content\\\/uploads\\\/2020\\\/09\\\/PZ-small.gif\",\"datePublished\":\"2020-09-14T14:57:17+00:00\",\"dateModified\":\"2026-02-08T19:35:57+00:00\",\"breadcrumb\":{\"@id\":\"https:\\\/\\\/www.bepartstudio.com\\\/sk\\\/produkt\\\/maly-obojstranny-medailon-pismenoznamenie-2\\\/#breadcrumb\"},\"inLanguage\":\"sk-SK\",\"potentialAction\":[{\"@type\":\"ReadAction\",\"target\":[\"https:\\\/\\\/www.bepartstudio.com\\\/sk\\\/produkt\\\/maly-obojstranny-medailon-pismenoznamenie-2\\\/\"]}]},{\"@type\":\"ImageObject\",\"inLanguage\":\"sk-SK\",\"@id\":\"https:\\\/\\\/www.bepartstudio.com\\\/sk\\\/produkt\\\/maly-obojstranny-medailon-pismenoznamenie-2\\\/#primaryimage\",\"url\":\"https:\\\/\\\/www.bepartstudio.com\\\/wp-content\\\/uploads\\\/2020\\\/09\\\/PZ-small.gif\",\"contentUrl\":\"https:\\\/\\\/www.bepartstudio.com\\\/wp-content\\\/uploads\\\/2020\\\/09\\\/PZ-small.gif\",\"width\":1536,\"height\":2304},{\"@type\":\"BreadcrumbList\",\"@id\":\"https:\\\/\\\/www.bepartstudio.com\\\/sk\\\/produkt\\\/maly-obojstranny-medailon-pismenoznamenie-2\\\/#breadcrumb\",\"itemListElement\":[{\"@type\":\"ListItem\",\"position\":1,\"name\":\"Home\",\"item\":\"https:\\\/\\\/www.bepartstudio.com\\\/sk\\\/\"},{\"@type\":\"ListItem\",\"position\":2,\"name\":\"Obchod\",\"item\":\"https:\\\/\\\/www.bepartstudio.com\\\/sk\\\/obchod\\\/\"},{\"@type\":\"ListItem\",\"position\":3,\"name\":\"Mal\u00fd obojstrann\u00fd medail\u00f3n\"}]},{\"@type\":\"WebSite\",\"@id\":\"https:\\\/\\\/www.bepartstudio.com\\\/#website\",\"url\":\"https:\\\/\\\/www.bepartstudio.com\\\/\",\"name\":\"bepart\",\"description\":\"Handmade fine jewelry\",\"potentialAction\":[{\"@type\":\"SearchAction\",\"target\":{\"@type\":\"EntryPoint\",\"urlTemplate\":\"https:\\\/\\\/www.bepartstudio.com\\\/?s={search_term_string}\"},\"query-input\":{\"@type\":\"PropertyValueSpecification\",\"valueRequired\":true,\"valueName\":\"search_term_string\"}}],\"inLanguage\":\"sk-SK\"}]}<\/script>\n<!-- \/ Yoast SEO plugin. -->","yoast_head_json":{"title":"Mal\u00fd obojstrann\u00fd medail\u00f3n - bepart","robots":{"index":"index","follow":"follow","max-snippet":"max-snippet:-1","max-image-preview":"max-image-preview:large","max-video-preview":"max-video-preview:-1"},"canonical":"https:\/\/www.bepartstudio.com\/sk\/produkt\/maly-obojstranny-medailon-pismenoznamenie-2\/","og_locale":"sk_SK","og_type":"article","og_title":"Mal\u00fd obojstrann\u00fd medail\u00f3n - bepart","og_description":"Priemer medail\u00f3nu je pribli\u017ene 11 mm  Hr\u00fabka je pribli\u017ene 1.8 mm","og_url":"https:\/\/www.bepartstudio.com\/sk\/produkt\/maly-obojstranny-medailon-pismenoznamenie-2\/","og_site_name":"bepart","article_modified_time":"2026-02-08T19:35:57+00:00","og_image":[{"width":683,"height":1024,"url":"https:\/\/www.bepartstudio.com\/wp-content\/uploads\/2020\/09\/PZ-small-683x1024.gif","type":"image\/gif"}],"twitter_card":"summary_large_image","twitter_misc":{"Predpokladan\u00fd \u010das \u010d\u00edtania":"1 min\u00fata"},"schema":{"@context":"https:\/\/schema.org","@graph":[{"@type":"WebPage","@id":"https:\/\/www.bepartstudio.com\/sk\/produkt\/maly-obojstranny-medailon-pismenoznamenie-2\/","url":"https:\/\/www.bepartstudio.com\/sk\/produkt\/maly-obojstranny-medailon-pismenoznamenie-2\/","name":"Mal\u00fd obojstrann\u00fd medail\u00f3n - bepart","isPartOf":{"@id":"https:\/\/www.bepartstudio.com\/#website"},"primaryImageOfPage":{"@id":"https:\/\/www.bepartstudio.com\/sk\/produkt\/maly-obojstranny-medailon-pismenoznamenie-2\/#primaryimage"},"image":{"@id":"https:\/\/www.bepartstudio.com\/sk\/produkt\/maly-obojstranny-medailon-pismenoznamenie-2\/#primaryimage"},"thumbnailUrl":"https:\/\/www.bepartstudio.com\/wp-content\/uploads\/2020\/09\/PZ-small.gif","datePublished":"2020-09-14T14:57:17+00:00","dateModified":"2026-02-08T19:35:57+00:00","breadcrumb":{"@id":"https:\/\/www.bepartstudio.com\/sk\/produkt\/maly-obojstranny-medailon-pismenoznamenie-2\/#breadcrumb"},"inLanguage":"sk-SK","potentialAction":[{"@type":"ReadAction","target":["https:\/\/www.bepartstudio.com\/sk\/produkt\/maly-obojstranny-medailon-pismenoznamenie-2\/"]}]},{"@type":"ImageObject","inLanguage":"sk-SK","@id":"https:\/\/www.bepartstudio.com\/sk\/produkt\/maly-obojstranny-medailon-pismenoznamenie-2\/#primaryimage","url":"https:\/\/www.bepartstudio.com\/wp-content\/uploads\/2020\/09\/PZ-small.gif","contentUrl":"https:\/\/www.bepartstudio.com\/wp-content\/uploads\/2020\/09\/PZ-small.gif","width":1536,"height":2304},{"@type":"BreadcrumbList","@id":"https:\/\/www.bepartstudio.com\/sk\/produkt\/maly-obojstranny-medailon-pismenoznamenie-2\/#breadcrumb","itemListElement":[{"@type":"ListItem","position":1,"name":"Home","item":"https:\/\/www.bepartstudio.com\/sk\/"},{"@type":"ListItem","position":2,"name":"Obchod","item":"https:\/\/www.bepartstudio.com\/sk\/obchod\/"},{"@type":"ListItem","position":3,"name":"Mal\u00fd obojstrann\u00fd medail\u00f3n"}]},{"@type":"WebSite","@id":"https:\/\/www.bepartstudio.com\/#website","url":"https:\/\/www.bepartstudio.com\/","name":"bepart","description":"Handmade fine jewelry","potentialAction":[{"@type":"SearchAction","target":{"@type":"EntryPoint","urlTemplate":"https:\/\/www.bepartstudio.com\/?s={search_term_string}"},"query-input":{"@type":"PropertyValueSpecification","valueRequired":true,"valueName":"search_term_string"}}],"inLanguage":"sk-SK"}]}},"jetpack_sharing_enabled":true,"_links":{"self":[{"href":"https:\/\/www.bepartstudio.com\/sk\/wp-json\/wp\/v2\/product\/6795","targetHints":{"allow":["GET"]}}],"collection":[{"href":"https:\/\/www.bepartstudio.com\/sk\/wp-json\/wp\/v2\/product"}],"about":[{"href":"https:\/\/www.bepartstudio.com\/sk\/wp-json\/wp\/v2\/types\/product"}],"wp:featuredmedia":[{"embeddable":true,"href":"https:\/\/www.bepartstudio.com\/sk\/wp-json\/wp\/v2\/media\/6791"}],"wp:attachment":[{"href":"https:\/\/www.bepartstudio.com\/sk\/wp-json\/wp\/v2\/media?parent=6795"}],"wp:term":[{"taxonomy":"product_brand","embeddable":true,"href":"https:\/\/www.bepartstudio.com\/sk\/wp-json\/wp\/v2\/product_brand?post=6795"},{"taxonomy":"product_cat","embeddable":true,"href":"https:\/\/www.bepartstudio.com\/sk\/wp-json\/wp\/v2\/product_cat?post=6795"},{"taxonomy":"product_tag","embeddable":true,"href":"https:\/\/www.bepartstudio.com\/sk\/wp-json\/wp\/v2\/product_tag?post=6795"}],"curies":[{"name":"wp","href":"https:\/\/api.w.org\/{rel}","templated":true}]}}