{"id":6934,"date":"2020-09-20T11:47:38","date_gmt":"2020-09-20T10:47:38","guid":{"rendered":"https:\/\/www.bepartstudio.com\/?post_type=product&#038;p=6934"},"modified":"2026-01-31T20:46:53","modified_gmt":"2026-01-31T19:46:53","slug":"oval-klip","status":"publish","type":"product","link":"https:\/\/www.bepartstudio.com\/sk\/produkt\/oval-klip\/","title":{"rendered":"Oval klip"},"content":{"rendered":"<div data-draftjs-conductor-fragment=\"{&quot;blocks&quot;:[{&quot;key&quot;:&quot;4r64o&quot;,&quot;text&quot;:&quot;Oval klip z kolekcie Hel\u00e9n.&quot;,&quot;type&quot;:&quot;unstyled&quot;,&quot;depth&quot;:0,&quot;inlineStyleRanges&quot;:[{&quot;offset&quot;:0,&quot;length&quot;:27,&quot;style&quot;:&quot;29a2d36e-05d8-4f9a-bac2-d907e1623a5e&quot;},{&quot;offset&quot;:0,&quot;length&quot;:27,&quot;style&quot;:&quot;fba162c0-2b64-4677-9d78-b8b733089f80&quot;},{&quot;offset&quot;:0,&quot;length&quot;:27,&quot;style&quot;:&quot;347815ad-d907-46b1-8dfe-d7bf93eb594c&quot;},{&quot;offset&quot;:0,&quot;length&quot;:27,&quot;style&quot;:&quot;079ddc52-3f14-4658-b8c1-beb973fa1f78&quot;},{&quot;offset&quot;:0,&quot;length&quot;:27,&quot;style&quot;:&quot;5fc89797-8263-4d8f-8225-8bf76fc97078&quot;}],&quot;entityRanges&quot;:[],&quot;data&quot;:{}},{&quot;key&quot;:&quot;86or5&quot;,&quot;text&quot;:&quot;&quot;,&quot;type&quot;:&quot;unstyled&quot;,&quot;depth&quot;:0,&quot;inlineStyleRanges&quot;:[],&quot;entityRanges&quot;:[],&quot;data&quot;:{}},{&quot;key&quot;:&quot;ev4lo&quot;,&quot;text&quot;:&quot;Vhodn\u00fd pre n\u00e1u\u0161nice z kolekcie. Tento spojov\u00e1k zmen\u00ed dizajn n\u00e1u\u0161n\u00edc z jemnej\u0161\u00edch vhodn\u00fdch na ka\u017edodenn\u00e9 nosenie na v\u00fdrazn\u00e9\u00a0statement n\u00e1u\u0161nice.&quot;,&quot;type&quot;:&quot;unstyled&quot;,&quot;depth&quot;:0,&quot;inlineStyleRanges&quot;:[{&quot;offset&quot;:141,&quot;length&quot;:1,&quot;style&quot;:&quot;93813192-8ff9-46ae-8302-f3868dcc0935&quot;},{&quot;offset&quot;:141,&quot;length&quot;:1,&quot;style&quot;:&quot;813b4f2c-baad-484f-86c6-e89a2aac9a11&quot;},{&quot;offset&quot;:141,&quot;length&quot;:1,&quot;style&quot;:&quot;e964b795-11c4-4e10-973d-759f4f452d88&quot;},{&quot;offset&quot;:141,&quot;length&quot;:1,&quot;style&quot;:&quot;7639abb5-f65d-4961-bf70-34cacb66c81e&quot;},{&quot;offset&quot;:0,&quot;length&quot;:141,&quot;style&quot;:&quot;1c9f66bd-1083-4baf-aa57-37ce01b827f0&quot;},{&quot;offset&quot;:0,&quot;length&quot;:141,&quot;style&quot;:&quot;7891b426-057a-47fd-8b69-5e2286c98b15&quot;},{&quot;offset&quot;:0,&quot;length&quot;:141,&quot;style&quot;:&quot;25418605-170f-4a61-8d83-ff7080c95760&quot;},{&quot;offset&quot;:0,&quot;length&quot;:141,&quot;style&quot;:&quot;8c2a1427-3443-428c-a640-705798016e7a&quot;},{&quot;offset&quot;:0,&quot;length&quot;:141,&quot;style&quot;:&quot;215600d3-bfd9-4eaa-b20b-69776ae9e91e&quot;},{&quot;offset&quot;:141,&quot;length&quot;:1,&quot;style&quot;:&quot;5072ad58-223c-4630-a94e-d8da1130f880&quot;}],&quot;entityRanges&quot;:[],&quot;data&quot;:{}}],&quot;entityMap&quot;:{}}\">\n<div class=\"editor2309694808__unstyled\" data-block=\"true\" data-editor=\"4dnlq\" data-offset-key=\"81v6e-0-0\">\n<p class=\"public-DraftStyleDefault-block public-DraftStyleDefault-ltr\" data-offset-key=\"81v6e-0-0\"><span style=\"font-family: 'Work Sans', sans-serif;\" data-offset-key=\"81v6e-0-0\">Oval klip z kolekcie Hel\u00e9n.<\/span><\/p>\n<p data-offset-key=\"81v6e-0-0\">\n<\/div>\n<div class=\"editor2309694808__unstyled\" data-block=\"true\" data-editor=\"4dnlq\" data-offset-key=\"h7r9-0-0\">\n<p class=\"public-DraftStyleDefault-block public-DraftStyleDefault-ltr\" data-offset-key=\"h7r9-0-0\"><span style=\"font-family: 'Work Sans', sans-serif;\">Vhodn\u00fd pre n\u00e1u\u0161nice z kolekcie. Tento spojov\u00e1k zmen\u00ed dizajn n\u00e1u\u0161n\u00edc z jemnej\u0161\u00edch vhodn\u00fdch na ka\u017edodenn\u00e9 nosenie na v\u00fdrazn\u00fd statement k\u00fasok.<\/span><\/p>\n<\/div>\n<\/div>\n","protected":false},"excerpt":{"rendered":"<p><span style=\"font-family: 'Work Sans', sans-serif;\">Priemer dr\u00f4tu 2.0 mm<\/span><\/p>\n<div class=\"editor2309694808__unstyled\" data-block=\"true\" data-editor=\"8t0tr\" data-offset-key=\"3lr2g-0-0\">\n<div class=\"public-DraftStyleDefault-block public-DraftStyleDefault-ltr\" data-offset-key=\"3lr2g-0-0\"><span style=\"font-family: 'Work Sans', sans-serif;\" data-offset-key=\"3lr2g-0-0\">\u0160\u00edrka 1.5 cm<\/span><\/div>\n<\/div>\n<div class=\"editor2309694808__unstyled\" data-block=\"true\" data-editor=\"8t0tr\" data-offset-key=\"antv0-0-0\">\n<div class=\"public-DraftStyleDefault-block public-DraftStyleDefault-ltr\" data-offset-key=\"antv0-0-0\"><span style=\"font-family: 'Work Sans', sans-serif;\">Klip je celkovo dlh\u00fd 2.5 cm<\/span><\/div>\n<\/div>\n","protected":false},"featured_media":4945,"template":"","meta":{"_acf_changed":false},"product_brand":[],"product_cat":[610,53,642],"product_tag":[],"class_list":{"0":"post-6934","1":"product","2":"type-product","3":"status-publish","4":"has-post-thumbnail","6":"product_cat-14k-zlato","7":"product_cat-helen","8":"product_cat-vsetko","10":"first","11":"instock","12":"shipping-taxable","13":"purchasable","14":"product-type-variable","15":"has-default-attributes"},"acf":[],"yoast_head":"<!-- This site is optimized with the Yoast SEO plugin v27.4 - https:\/\/yoast.com\/product\/yoast-seo-wordpress\/ -->\n<title>Oval klip - bepart<\/title>\n<meta name=\"robots\" content=\"index, follow, max-snippet:-1, max-image-preview:large, max-video-preview:-1\" \/>\n<link rel=\"canonical\" href=\"https:\/\/www.bepartstudio.com\/produkt\/oval-clip\/\" \/>\n<meta property=\"og:locale\" content=\"sk_SK\" \/>\n<meta property=\"og:type\" content=\"article\" \/>\n<meta property=\"og:title\" content=\"Oval klip - bepart\" \/>\n<meta property=\"og:description\" content=\"Priemer dr\u00f4tu 2.0 mm  \u0160\u00edrka 1.5 cm   Klip je celkovo dlh\u00fd 2.5 cm\" \/>\n<meta property=\"og:url\" content=\"https:\/\/www.bepartstudio.com\/produkt\/oval-clip\/\" \/>\n<meta property=\"og:site_name\" content=\"bepart\" \/>\n<meta property=\"article:modified_time\" content=\"2026-01-31T19:46:53+00:00\" \/>\n<meta property=\"og:image\" content=\"https:\/\/www.bepartstudio.com\/wp-content\/uploads\/2020\/07\/Oval-clip-1-1-scaled.jpg\" \/>\n\t<meta property=\"og:image:width\" content=\"1707\" \/>\n\t<meta property=\"og:image:height\" content=\"2560\" \/>\n\t<meta property=\"og:image:type\" content=\"image\/jpeg\" \/>\n<meta name=\"twitter:card\" content=\"summary_large_image\" \/>\n<script type=\"application\/ld+json\" class=\"yoast-schema-graph\">{\"@context\":\"https:\\\/\\\/schema.org\",\"@graph\":[{\"@type\":\"WebPage\",\"@id\":\"https:\\\/\\\/www.bepartstudio.com\\\/produkt\\\/oval-clip\\\/\",\"url\":\"https:\\\/\\\/www.bepartstudio.com\\\/produkt\\\/oval-clip\\\/\",\"name\":\"Oval klip - bepart\",\"isPartOf\":{\"@id\":\"https:\\\/\\\/www.bepartstudio.com\\\/#website\"},\"primaryImageOfPage\":{\"@id\":\"https:\\\/\\\/www.bepartstudio.com\\\/produkt\\\/oval-clip\\\/#primaryimage\"},\"image\":{\"@id\":\"https:\\\/\\\/www.bepartstudio.com\\\/produkt\\\/oval-clip\\\/#primaryimage\"},\"thumbnailUrl\":\"https:\\\/\\\/www.bepartstudio.com\\\/wp-content\\\/uploads\\\/2020\\\/07\\\/Oval-clip-1-1-scaled.jpg\",\"datePublished\":\"2020-09-20T10:47:38+00:00\",\"dateModified\":\"2026-01-31T19:46:53+00:00\",\"breadcrumb\":{\"@id\":\"https:\\\/\\\/www.bepartstudio.com\\\/produkt\\\/oval-clip\\\/#breadcrumb\"},\"inLanguage\":\"sk-SK\",\"potentialAction\":[{\"@type\":\"ReadAction\",\"target\":[\"https:\\\/\\\/www.bepartstudio.com\\\/produkt\\\/oval-clip\\\/\"]}]},{\"@type\":\"ImageObject\",\"inLanguage\":\"sk-SK\",\"@id\":\"https:\\\/\\\/www.bepartstudio.com\\\/produkt\\\/oval-clip\\\/#primaryimage\",\"url\":\"https:\\\/\\\/www.bepartstudio.com\\\/wp-content\\\/uploads\\\/2020\\\/07\\\/Oval-clip-1-1-scaled.jpg\",\"contentUrl\":\"https:\\\/\\\/www.bepartstudio.com\\\/wp-content\\\/uploads\\\/2020\\\/07\\\/Oval-clip-1-1-scaled.jpg\",\"width\":1707,\"height\":2560},{\"@type\":\"BreadcrumbList\",\"@id\":\"https:\\\/\\\/www.bepartstudio.com\\\/produkt\\\/oval-clip\\\/#breadcrumb\",\"itemListElement\":[{\"@type\":\"ListItem\",\"position\":1,\"name\":\"Home\",\"item\":\"https:\\\/\\\/www.bepartstudio.com\\\/sk\\\/\"},{\"@type\":\"ListItem\",\"position\":2,\"name\":\"Obchod\",\"item\":\"https:\\\/\\\/www.bepartstudio.com\\\/sk\\\/obchod\\\/\"},{\"@type\":\"ListItem\",\"position\":3,\"name\":\"Oval klip\"}]},{\"@type\":\"WebSite\",\"@id\":\"https:\\\/\\\/www.bepartstudio.com\\\/#website\",\"url\":\"https:\\\/\\\/www.bepartstudio.com\\\/\",\"name\":\"bepart\",\"description\":\"Handmade fine jewelry\",\"potentialAction\":[{\"@type\":\"SearchAction\",\"target\":{\"@type\":\"EntryPoint\",\"urlTemplate\":\"https:\\\/\\\/www.bepartstudio.com\\\/?s={search_term_string}\"},\"query-input\":{\"@type\":\"PropertyValueSpecification\",\"valueRequired\":true,\"valueName\":\"search_term_string\"}}],\"inLanguage\":\"sk-SK\"}]}<\/script>\n<!-- \/ Yoast SEO plugin. -->","yoast_head_json":{"title":"Oval klip - bepart","robots":{"index":"index","follow":"follow","max-snippet":"max-snippet:-1","max-image-preview":"max-image-preview:large","max-video-preview":"max-video-preview:-1"},"canonical":"https:\/\/www.bepartstudio.com\/produkt\/oval-clip\/","og_locale":"sk_SK","og_type":"article","og_title":"Oval klip - bepart","og_description":"Priemer dr\u00f4tu 2.0 mm  \u0160\u00edrka 1.5 cm   Klip je celkovo dlh\u00fd 2.5 cm","og_url":"https:\/\/www.bepartstudio.com\/produkt\/oval-clip\/","og_site_name":"bepart","article_modified_time":"2026-01-31T19:46:53+00:00","og_image":[{"width":1707,"height":2560,"url":"https:\/\/www.bepartstudio.com\/wp-content\/uploads\/2020\/07\/Oval-clip-1-1-scaled.jpg","type":"image\/jpeg"}],"twitter_card":"summary_large_image","schema":{"@context":"https:\/\/schema.org","@graph":[{"@type":"WebPage","@id":"https:\/\/www.bepartstudio.com\/produkt\/oval-clip\/","url":"https:\/\/www.bepartstudio.com\/produkt\/oval-clip\/","name":"Oval klip - bepart","isPartOf":{"@id":"https:\/\/www.bepartstudio.com\/#website"},"primaryImageOfPage":{"@id":"https:\/\/www.bepartstudio.com\/produkt\/oval-clip\/#primaryimage"},"image":{"@id":"https:\/\/www.bepartstudio.com\/produkt\/oval-clip\/#primaryimage"},"thumbnailUrl":"https:\/\/www.bepartstudio.com\/wp-content\/uploads\/2020\/07\/Oval-clip-1-1-scaled.jpg","datePublished":"2020-09-20T10:47:38+00:00","dateModified":"2026-01-31T19:46:53+00:00","breadcrumb":{"@id":"https:\/\/www.bepartstudio.com\/produkt\/oval-clip\/#breadcrumb"},"inLanguage":"sk-SK","potentialAction":[{"@type":"ReadAction","target":["https:\/\/www.bepartstudio.com\/produkt\/oval-clip\/"]}]},{"@type":"ImageObject","inLanguage":"sk-SK","@id":"https:\/\/www.bepartstudio.com\/produkt\/oval-clip\/#primaryimage","url":"https:\/\/www.bepartstudio.com\/wp-content\/uploads\/2020\/07\/Oval-clip-1-1-scaled.jpg","contentUrl":"https:\/\/www.bepartstudio.com\/wp-content\/uploads\/2020\/07\/Oval-clip-1-1-scaled.jpg","width":1707,"height":2560},{"@type":"BreadcrumbList","@id":"https:\/\/www.bepartstudio.com\/produkt\/oval-clip\/#breadcrumb","itemListElement":[{"@type":"ListItem","position":1,"name":"Home","item":"https:\/\/www.bepartstudio.com\/sk\/"},{"@type":"ListItem","position":2,"name":"Obchod","item":"https:\/\/www.bepartstudio.com\/sk\/obchod\/"},{"@type":"ListItem","position":3,"name":"Oval klip"}]},{"@type":"WebSite","@id":"https:\/\/www.bepartstudio.com\/#website","url":"https:\/\/www.bepartstudio.com\/","name":"bepart","description":"Handmade fine jewelry","potentialAction":[{"@type":"SearchAction","target":{"@type":"EntryPoint","urlTemplate":"https:\/\/www.bepartstudio.com\/?s={search_term_string}"},"query-input":{"@type":"PropertyValueSpecification","valueRequired":true,"valueName":"search_term_string"}}],"inLanguage":"sk-SK"}]}},"jetpack_sharing_enabled":true,"_links":{"self":[{"href":"https:\/\/www.bepartstudio.com\/sk\/wp-json\/wp\/v2\/product\/6934","targetHints":{"allow":["GET"]}}],"collection":[{"href":"https:\/\/www.bepartstudio.com\/sk\/wp-json\/wp\/v2\/product"}],"about":[{"href":"https:\/\/www.bepartstudio.com\/sk\/wp-json\/wp\/v2\/types\/product"}],"wp:featuredmedia":[{"embeddable":true,"href":"https:\/\/www.bepartstudio.com\/sk\/wp-json\/wp\/v2\/media\/4945"}],"wp:attachment":[{"href":"https:\/\/www.bepartstudio.com\/sk\/wp-json\/wp\/v2\/media?parent=6934"}],"wp:term":[{"taxonomy":"product_brand","embeddable":true,"href":"https:\/\/www.bepartstudio.com\/sk\/wp-json\/wp\/v2\/product_brand?post=6934"},{"taxonomy":"product_cat","embeddable":true,"href":"https:\/\/www.bepartstudio.com\/sk\/wp-json\/wp\/v2\/product_cat?post=6934"},{"taxonomy":"product_tag","embeddable":true,"href":"https:\/\/www.bepartstudio.com\/sk\/wp-json\/wp\/v2\/product_tag?post=6934"}],"curies":[{"name":"wp","href":"https:\/\/api.w.org\/{rel}","templated":true}]}}