{"id":6954,"date":"2020-09-20T13:42:32","date_gmt":"2020-09-20T12:42:32","guid":{"rendered":"https:\/\/www.bepartstudio.com\/?post_type=product&#038;p=6954"},"modified":"2026-01-31T21:17:51","modified_gmt":"2026-01-31T20:17:51","slug":"dot-nausnica","status":"publish","type":"product","link":"https:\/\/www.bepartstudio.com\/sk\/produkt\/dot-nausnica\/","title":{"rendered":"Dot n\u00e1u\u0161nica"},"content":{"rendered":"<p><span style=\"font-family: 'Work Sans', sans-serif;\">Tvoje n\u00e1u\u0161nice na ka\u017ed\u00fd de\u0148, nebudete chcie\u0165 ich da\u0165 dole. Navhrnut\u00e9 tak, aby obop\u00ednali u\u0161n\u00fd lalok. Mo\u017eno vrstvi\u0165 aj s in\u00fdmi n\u00e1u\u0161nicami.<\/span><\/p>\n<p><span style=\"font-family: 'Work Sans', sans-serif;\">Na v\u00fdber s\u00fa dva dizajny &#8211; pln\u00fd a pr\u00e1zdny kr\u00fa\u017eok.<\/span><\/p>\n<p>&nbsp;<\/p>\n<p><span style=\"font-family: 'Work Sans', sans-serif;\" data-offset-key=\"7a9gv-0-0\">Puzetov\u00e9 zap\u00ednanie\u00a0<\/span><br \/>\n<span style=\"font-family: 'Work Sans', sans-serif;\" data-offset-key=\"8fom5-0-0\">Povrchov\u00e1 \u00faprava: lesk<\/span><\/p>\n<p>&nbsp;<\/p>\n<p><span style=\"font-family: 'Work Sans', sans-serif;\"><strong><span style=\"text-decoration-line: underline;\">*T\u00e1to n\u00e1u\u0161nica je pred\u00e1van\u00e1 po jednom kuse, ak chcete p\u00e1r, pros\u00edm vlo\u017ete 2ks do ko\u0161\u00edka.<\/span><\/strong><\/span><\/p>\n<p>&nbsp;<\/p>\n","protected":false},"excerpt":{"rendered":"<p><span style=\"font-family: 'Work Sans', sans-serif;\">Priemer dr\u00f4tu je 0.8 mm\u00a0<\/span><\/p>\n<p><span style=\"font-family: 'Work Sans', sans-serif;\">Priemer n\u00e1u\u0161n\u00edc pribli\u017ene 10 mm<\/span><\/p>\n<p>&nbsp;<\/p>\n<p><span style=\"font-family: 'Work Sans', sans-serif;\">Dostupn\u00e9 v 14k zlate s gold filled puzetkou alebo v striebre.<\/span><\/p>\n<p>&nbsp;<\/p>\n","protected":false},"featured_media":4529,"template":"","meta":{"_acf_changed":false},"product_brand":[],"product_cat":[610,55,49,642],"product_tag":[],"class_list":{"0":"post-6954","1":"product","2":"type-product","3":"status-publish","4":"has-post-thumbnail","6":"product_cat-14k-zlato","7":"product_cat-55","8":"product_cat-nausnice","9":"product_cat-vsetko","11":"first","12":"instock","13":"shipping-taxable","14":"purchasable","15":"product-type-variable","16":"has-default-attributes"},"acf":[],"yoast_head":"<!-- This site is optimized with the Yoast SEO plugin v27.4 - https:\/\/yoast.com\/product\/yoast-seo-wordpress\/ -->\n<title>Dot n\u00e1u\u0161nica - bepart<\/title>\n<meta name=\"robots\" content=\"index, follow, max-snippet:-1, max-image-preview:large, max-video-preview:-1\" \/>\n<link rel=\"canonical\" href=\"https:\/\/www.bepartstudio.com\/sk\/produkt\/dot-nausnica\/\" \/>\n<meta property=\"og:locale\" content=\"sk_SK\" \/>\n<meta property=\"og:type\" content=\"article\" \/>\n<meta property=\"og:title\" content=\"Dot n\u00e1u\u0161nica - bepart\" \/>\n<meta property=\"og:description\" content=\"Priemer dr\u00f4tu je 0.8 mm\u00a0  Priemer n\u00e1u\u0161n\u00edc pribli\u017ene 10 mm  &nbsp;  Dostupn\u00e9 v 14k zlate s gold filled puzetkou alebo v striebre.  &nbsp;\" \/>\n<meta property=\"og:url\" content=\"https:\/\/www.bepartstudio.com\/sk\/produkt\/dot-nausnica\/\" \/>\n<meta property=\"og:site_name\" content=\"bepart\" \/>\n<meta property=\"article:modified_time\" content=\"2026-01-31T20:17:51+00:00\" \/>\n<meta property=\"og:image\" content=\"https:\/\/www.bepartstudio.com\/wp-content\/uploads\/2020\/07\/Tiny-hoop--scaled.jpg\" \/>\n\t<meta property=\"og:image:width\" content=\"1707\" \/>\n\t<meta property=\"og:image:height\" content=\"2560\" \/>\n\t<meta property=\"og:image:type\" content=\"image\/jpeg\" \/>\n<meta name=\"twitter:card\" content=\"summary_large_image\" \/>\n<meta name=\"twitter:label1\" content=\"Predpokladan\u00fd \u010das \u010d\u00edtania\" \/>\n\t<meta name=\"twitter:data1\" content=\"1 min\u00fata\" \/>\n<script type=\"application\/ld+json\" class=\"yoast-schema-graph\">{\"@context\":\"https:\\\/\\\/schema.org\",\"@graph\":[{\"@type\":\"WebPage\",\"@id\":\"https:\\\/\\\/www.bepartstudio.com\\\/sk\\\/produkt\\\/dot-nausnica\\\/\",\"url\":\"https:\\\/\\\/www.bepartstudio.com\\\/sk\\\/produkt\\\/dot-nausnica\\\/\",\"name\":\"Dot n\u00e1u\u0161nica - bepart\",\"isPartOf\":{\"@id\":\"https:\\\/\\\/www.bepartstudio.com\\\/#website\"},\"primaryImageOfPage\":{\"@id\":\"https:\\\/\\\/www.bepartstudio.com\\\/sk\\\/produkt\\\/dot-nausnica\\\/#primaryimage\"},\"image\":{\"@id\":\"https:\\\/\\\/www.bepartstudio.com\\\/sk\\\/produkt\\\/dot-nausnica\\\/#primaryimage\"},\"thumbnailUrl\":\"https:\\\/\\\/www.bepartstudio.com\\\/wp-content\\\/uploads\\\/2020\\\/07\\\/Tiny-hoop--scaled.jpg\",\"datePublished\":\"2020-09-20T12:42:32+00:00\",\"dateModified\":\"2026-01-31T20:17:51+00:00\",\"breadcrumb\":{\"@id\":\"https:\\\/\\\/www.bepartstudio.com\\\/sk\\\/produkt\\\/dot-nausnica\\\/#breadcrumb\"},\"inLanguage\":\"sk-SK\",\"potentialAction\":[{\"@type\":\"ReadAction\",\"target\":[\"https:\\\/\\\/www.bepartstudio.com\\\/sk\\\/produkt\\\/dot-nausnica\\\/\"]}]},{\"@type\":\"ImageObject\",\"inLanguage\":\"sk-SK\",\"@id\":\"https:\\\/\\\/www.bepartstudio.com\\\/sk\\\/produkt\\\/dot-nausnica\\\/#primaryimage\",\"url\":\"https:\\\/\\\/www.bepartstudio.com\\\/wp-content\\\/uploads\\\/2020\\\/07\\\/Tiny-hoop--scaled.jpg\",\"contentUrl\":\"https:\\\/\\\/www.bepartstudio.com\\\/wp-content\\\/uploads\\\/2020\\\/07\\\/Tiny-hoop--scaled.jpg\",\"width\":1707,\"height\":2560},{\"@type\":\"BreadcrumbList\",\"@id\":\"https:\\\/\\\/www.bepartstudio.com\\\/sk\\\/produkt\\\/dot-nausnica\\\/#breadcrumb\",\"itemListElement\":[{\"@type\":\"ListItem\",\"position\":1,\"name\":\"Home\",\"item\":\"https:\\\/\\\/www.bepartstudio.com\\\/sk\\\/\"},{\"@type\":\"ListItem\",\"position\":2,\"name\":\"Obchod\",\"item\":\"https:\\\/\\\/www.bepartstudio.com\\\/sk\\\/obchod\\\/\"},{\"@type\":\"ListItem\",\"position\":3,\"name\":\"Dot n\u00e1u\u0161nica\"}]},{\"@type\":\"WebSite\",\"@id\":\"https:\\\/\\\/www.bepartstudio.com\\\/#website\",\"url\":\"https:\\\/\\\/www.bepartstudio.com\\\/\",\"name\":\"bepart\",\"description\":\"Handmade fine jewelry\",\"potentialAction\":[{\"@type\":\"SearchAction\",\"target\":{\"@type\":\"EntryPoint\",\"urlTemplate\":\"https:\\\/\\\/www.bepartstudio.com\\\/?s={search_term_string}\"},\"query-input\":{\"@type\":\"PropertyValueSpecification\",\"valueRequired\":true,\"valueName\":\"search_term_string\"}}],\"inLanguage\":\"sk-SK\"}]}<\/script>\n<!-- \/ Yoast SEO plugin. -->","yoast_head_json":{"title":"Dot n\u00e1u\u0161nica - bepart","robots":{"index":"index","follow":"follow","max-snippet":"max-snippet:-1","max-image-preview":"max-image-preview:large","max-video-preview":"max-video-preview:-1"},"canonical":"https:\/\/www.bepartstudio.com\/sk\/produkt\/dot-nausnica\/","og_locale":"sk_SK","og_type":"article","og_title":"Dot n\u00e1u\u0161nica - bepart","og_description":"Priemer dr\u00f4tu je 0.8 mm\u00a0  Priemer n\u00e1u\u0161n\u00edc pribli\u017ene 10 mm  &nbsp;  Dostupn\u00e9 v 14k zlate s gold filled puzetkou alebo v striebre.  &nbsp;","og_url":"https:\/\/www.bepartstudio.com\/sk\/produkt\/dot-nausnica\/","og_site_name":"bepart","article_modified_time":"2026-01-31T20:17:51+00:00","og_image":[{"width":1707,"height":2560,"url":"https:\/\/www.bepartstudio.com\/wp-content\/uploads\/2020\/07\/Tiny-hoop--scaled.jpg","type":"image\/jpeg"}],"twitter_card":"summary_large_image","twitter_misc":{"Predpokladan\u00fd \u010das \u010d\u00edtania":"1 min\u00fata"},"schema":{"@context":"https:\/\/schema.org","@graph":[{"@type":"WebPage","@id":"https:\/\/www.bepartstudio.com\/sk\/produkt\/dot-nausnica\/","url":"https:\/\/www.bepartstudio.com\/sk\/produkt\/dot-nausnica\/","name":"Dot n\u00e1u\u0161nica - bepart","isPartOf":{"@id":"https:\/\/www.bepartstudio.com\/#website"},"primaryImageOfPage":{"@id":"https:\/\/www.bepartstudio.com\/sk\/produkt\/dot-nausnica\/#primaryimage"},"image":{"@id":"https:\/\/www.bepartstudio.com\/sk\/produkt\/dot-nausnica\/#primaryimage"},"thumbnailUrl":"https:\/\/www.bepartstudio.com\/wp-content\/uploads\/2020\/07\/Tiny-hoop--scaled.jpg","datePublished":"2020-09-20T12:42:32+00:00","dateModified":"2026-01-31T20:17:51+00:00","breadcrumb":{"@id":"https:\/\/www.bepartstudio.com\/sk\/produkt\/dot-nausnica\/#breadcrumb"},"inLanguage":"sk-SK","potentialAction":[{"@type":"ReadAction","target":["https:\/\/www.bepartstudio.com\/sk\/produkt\/dot-nausnica\/"]}]},{"@type":"ImageObject","inLanguage":"sk-SK","@id":"https:\/\/www.bepartstudio.com\/sk\/produkt\/dot-nausnica\/#primaryimage","url":"https:\/\/www.bepartstudio.com\/wp-content\/uploads\/2020\/07\/Tiny-hoop--scaled.jpg","contentUrl":"https:\/\/www.bepartstudio.com\/wp-content\/uploads\/2020\/07\/Tiny-hoop--scaled.jpg","width":1707,"height":2560},{"@type":"BreadcrumbList","@id":"https:\/\/www.bepartstudio.com\/sk\/produkt\/dot-nausnica\/#breadcrumb","itemListElement":[{"@type":"ListItem","position":1,"name":"Home","item":"https:\/\/www.bepartstudio.com\/sk\/"},{"@type":"ListItem","position":2,"name":"Obchod","item":"https:\/\/www.bepartstudio.com\/sk\/obchod\/"},{"@type":"ListItem","position":3,"name":"Dot n\u00e1u\u0161nica"}]},{"@type":"WebSite","@id":"https:\/\/www.bepartstudio.com\/#website","url":"https:\/\/www.bepartstudio.com\/","name":"bepart","description":"Handmade fine jewelry","potentialAction":[{"@type":"SearchAction","target":{"@type":"EntryPoint","urlTemplate":"https:\/\/www.bepartstudio.com\/?s={search_term_string}"},"query-input":{"@type":"PropertyValueSpecification","valueRequired":true,"valueName":"search_term_string"}}],"inLanguage":"sk-SK"}]}},"jetpack_sharing_enabled":true,"_links":{"self":[{"href":"https:\/\/www.bepartstudio.com\/sk\/wp-json\/wp\/v2\/product\/6954","targetHints":{"allow":["GET"]}}],"collection":[{"href":"https:\/\/www.bepartstudio.com\/sk\/wp-json\/wp\/v2\/product"}],"about":[{"href":"https:\/\/www.bepartstudio.com\/sk\/wp-json\/wp\/v2\/types\/product"}],"wp:featuredmedia":[{"embeddable":true,"href":"https:\/\/www.bepartstudio.com\/sk\/wp-json\/wp\/v2\/media\/4529"}],"wp:attachment":[{"href":"https:\/\/www.bepartstudio.com\/sk\/wp-json\/wp\/v2\/media?parent=6954"}],"wp:term":[{"taxonomy":"product_brand","embeddable":true,"href":"https:\/\/www.bepartstudio.com\/sk\/wp-json\/wp\/v2\/product_brand?post=6954"},{"taxonomy":"product_cat","embeddable":true,"href":"https:\/\/www.bepartstudio.com\/sk\/wp-json\/wp\/v2\/product_cat?post=6954"},{"taxonomy":"product_tag","embeddable":true,"href":"https:\/\/www.bepartstudio.com\/sk\/wp-json\/wp\/v2\/product_tag?post=6954"}],"curies":[{"name":"wp","href":"https:\/\/api.w.org\/{rel}","templated":true}]}}