{"id":9129,"date":"2020-10-02T09:46:48","date_gmt":"2020-10-02T08:46:48","guid":{"rendered":"https:\/\/www.bepartstudio.com\/?post_type=product&#038;p=9129"},"modified":"2026-01-31T21:59:04","modified_gmt":"2026-01-31T20:59:04","slug":"double-nausnica-ear-cuff-striebro","status":"publish","type":"product","link":"https:\/\/www.bepartstudio.com\/sk\/produkt\/double-nausnica-ear-cuff-striebro\/","title":{"rendered":"Double n\u00e1u\u0161nica\/ ear cuff"},"content":{"rendered":"<p><span style=\"font-family: 'Work Sans', sans-serif;\">Kus \u0161perku, ktor\u00fd je jednoduch\u00fd, ale z\u00e1rove\u0148 n\u00edm m\u00f4\u017eete sofistikovane vyjadri\u0165 sam\u00fa seba. N\u00e1u\u0161nica typu &#8222;ear cuff&#8220;, na nosenie nie je potrebn\u00fd piercing.<\/span><\/p>\n","protected":false},"excerpt":{"rendered":"<div data-draftjs-conductor-fragment=\"{&quot;blocks&quot;:[{&quot;key&quot;:&quot;1bmru&quot;,&quot;text&quot;:&quot;Priemer polkruhu je 8.0 mm&quot;,&quot;type&quot;:&quot;unstyled&quot;,&quot;depth&quot;:0,&quot;inlineStyleRanges&quot;:[],&quot;entityRanges&quot;:[],&quot;data&quot;:{&quot;attributes&quot;:{&quot;className&quot;:&quot;p3&quot;}}},{&quot;key&quot;:&quot;fq1se&quot;,&quot;text&quot;:&quot;Priemer dr\u00f4tu je 1.0\u00a0mm\u00a0&quot;,&quot;type&quot;:&quot;unstyled&quot;,&quot;depth&quot;:0,&quot;inlineStyleRanges&quot;:[],&quot;entityRanges&quot;:[],&quot;data&quot;:{&quot;attributes&quot;:{&quot;className&quot;:&quot;p3&quot;}}}],&quot;entityMap&quot;:{}}\">\n<div class=\"editor2309694808__unstyled\" data-block=\"true\" data-editor=\"9klr2\" data-offset-key=\"29upj-0-0\">\n<div class=\"public-DraftStyleDefault-block public-DraftStyleDefault-ltr\" data-offset-key=\"29upj-0-0\"><span style=\"font-family: 'Work Sans', sans-serif;\" data-offset-key=\"29upj-0-0\">Priemer polkruhu je 8.0 mm<\/span><\/div>\n<\/div>\n<div class=\"editor2309694808__unstyled\" data-block=\"true\" data-editor=\"9klr2\" data-offset-key=\"9sbcq-0-0\">\n<div class=\"public-DraftStyleDefault-block public-DraftStyleDefault-ltr\" data-offset-key=\"9sbcq-0-0\"><span style=\"font-family: 'Work Sans', sans-serif;\" data-offset-key=\"9sbcq-0-0\">Priemer dr\u00f4tu je 1.0 mm\u00a0<\/span><span style=\"font-family: 'Work Sans', sans-serif;\">\u00a0<\/span><\/div>\n<\/div>\n<\/div>\n<div data-offset-key=\"9sbcq-0-0\">\n<div data-draftjs-conductor-fragment=\"{&quot;blocks&quot;:[{&quot;key&quot;:&quot;fpeer&quot;,&quot;text&quot;:&quot;Priemer diskov 4.0 a 5.0 mm\u00a0&quot;,&quot;type&quot;:&quot;unstyled&quot;,&quot;depth&quot;:0,&quot;inlineStyleRanges&quot;:[],&quot;entityRanges&quot;:[],&quot;data&quot;:{&quot;attributes&quot;:{&quot;className&quot;:&quot;p3&quot;}}},{&quot;key&quot;:&quot;bvvam&quot;,&quot;text&quot;:&quot;Priemer dr\u00f4tu je 1.0\u00a0mm\u00a0&quot;,&quot;type&quot;:&quot;unstyled&quot;,&quot;depth&quot;:0,&quot;inlineStyleRanges&quot;:[],&quot;entityRanges&quot;:[],&quot;data&quot;:{&quot;attributes&quot;:{&quot;className&quot;:&quot;p3&quot;}}}],&quot;entityMap&quot;:{}}\">\n<div class=\"editor2309694808__unstyled\" data-block=\"true\" data-editor=\"7ld07\" data-offset-key=\"6oic1-0-0\">\n<div data-offset-key=\"6oic1-0-0\">\n<p class=\"public-DraftStyleDefault-block public-DraftStyleDefault-ltr\" data-offset-key=\"ahf1i-0-0\">\n<\/div>\n<div class=\"public-DraftStyleDefault-block public-DraftStyleDefault-ltr\" data-offset-key=\"6oic1-0-0\"><span style=\"font-family: 'Work Sans', sans-serif;\">Dostupn\u00e9 v 14k zlate alebo v striebre.<\/span><\/div>\n<\/div>\n<\/div>\n<\/div>\n","protected":false},"featured_media":4143,"template":"","meta":{"_acf_changed":false},"product_brand":[],"product_cat":[682,52,611,642],"product_tag":[],"class_list":{"0":"post-9129","1":"product","2":"type-product","3":"status-publish","4":"has-post-thumbnail","6":"product_cat-circle","7":"product_cat-ear-cuffs","8":"product_cat-striebro","9":"product_cat-vsetko","11":"first","12":"instock","13":"shipping-taxable","14":"purchasable","15":"product-type-variable","16":"has-default-attributes"},"acf":[],"yoast_head":"<!-- This site is optimized with the Yoast SEO plugin v27.4 - https:\/\/yoast.com\/product\/yoast-seo-wordpress\/ -->\n<title>Double n\u00e1u\u0161nica\/ ear cuff - bepart<\/title>\n<meta name=\"robots\" content=\"index, follow, max-snippet:-1, max-image-preview:large, max-video-preview:-1\" \/>\n<link rel=\"canonical\" href=\"https:\/\/www.bepartstudio.com\/produkt\/double-ear-cuff-silver\/\" \/>\n<meta property=\"og:locale\" content=\"sk_SK\" \/>\n<meta property=\"og:type\" content=\"article\" \/>\n<meta property=\"og:title\" content=\"Double n\u00e1u\u0161nica\/ ear cuff - bepart\" \/>\n<meta property=\"og:description\" content=\"Priemer polkruhu je 8.0 mm   Priemer dr\u00f4tu je 1.0 mm\u00a0\u00a0          Dostupn\u00e9 v 14k zlate alebo v striebre.\" \/>\n<meta property=\"og:url\" content=\"https:\/\/www.bepartstudio.com\/produkt\/double-ear-cuff-silver\/\" \/>\n<meta property=\"og:site_name\" content=\"bepart\" \/>\n<meta property=\"article:modified_time\" content=\"2026-01-31T20:59:04+00:00\" \/>\n<meta property=\"og:image\" content=\"https:\/\/www.bepartstudio.com\/wp-content\/uploads\/2020\/07\/Double-simple-earcuff-2-1-scaled.jpg\" \/>\n\t<meta property=\"og:image:width\" content=\"1707\" \/>\n\t<meta property=\"og:image:height\" content=\"2560\" \/>\n\t<meta property=\"og:image:type\" content=\"image\/jpeg\" \/>\n<meta name=\"twitter:card\" content=\"summary_large_image\" \/>\n<script type=\"application\/ld+json\" class=\"yoast-schema-graph\">{\"@context\":\"https:\\\/\\\/schema.org\",\"@graph\":[{\"@type\":\"WebPage\",\"@id\":\"https:\\\/\\\/www.bepartstudio.com\\\/produkt\\\/double-ear-cuff-silver\\\/\",\"url\":\"https:\\\/\\\/www.bepartstudio.com\\\/produkt\\\/double-ear-cuff-silver\\\/\",\"name\":\"Double n\u00e1u\u0161nica\\\/ ear cuff - bepart\",\"isPartOf\":{\"@id\":\"https:\\\/\\\/www.bepartstudio.com\\\/#website\"},\"primaryImageOfPage\":{\"@id\":\"https:\\\/\\\/www.bepartstudio.com\\\/produkt\\\/double-ear-cuff-silver\\\/#primaryimage\"},\"image\":{\"@id\":\"https:\\\/\\\/www.bepartstudio.com\\\/produkt\\\/double-ear-cuff-silver\\\/#primaryimage\"},\"thumbnailUrl\":\"https:\\\/\\\/www.bepartstudio.com\\\/wp-content\\\/uploads\\\/2020\\\/07\\\/Double-simple-earcuff-2-1-scaled.jpg\",\"datePublished\":\"2020-10-02T08:46:48+00:00\",\"dateModified\":\"2026-01-31T20:59:04+00:00\",\"breadcrumb\":{\"@id\":\"https:\\\/\\\/www.bepartstudio.com\\\/produkt\\\/double-ear-cuff-silver\\\/#breadcrumb\"},\"inLanguage\":\"sk-SK\",\"potentialAction\":[{\"@type\":\"ReadAction\",\"target\":[\"https:\\\/\\\/www.bepartstudio.com\\\/produkt\\\/double-ear-cuff-silver\\\/\"]}]},{\"@type\":\"ImageObject\",\"inLanguage\":\"sk-SK\",\"@id\":\"https:\\\/\\\/www.bepartstudio.com\\\/produkt\\\/double-ear-cuff-silver\\\/#primaryimage\",\"url\":\"https:\\\/\\\/www.bepartstudio.com\\\/wp-content\\\/uploads\\\/2020\\\/07\\\/Double-simple-earcuff-2-1-scaled.jpg\",\"contentUrl\":\"https:\\\/\\\/www.bepartstudio.com\\\/wp-content\\\/uploads\\\/2020\\\/07\\\/Double-simple-earcuff-2-1-scaled.jpg\",\"width\":1707,\"height\":2560},{\"@type\":\"BreadcrumbList\",\"@id\":\"https:\\\/\\\/www.bepartstudio.com\\\/produkt\\\/double-ear-cuff-silver\\\/#breadcrumb\",\"itemListElement\":[{\"@type\":\"ListItem\",\"position\":1,\"name\":\"Home\",\"item\":\"https:\\\/\\\/www.bepartstudio.com\\\/sk\\\/\"},{\"@type\":\"ListItem\",\"position\":2,\"name\":\"Obchod\",\"item\":\"https:\\\/\\\/www.bepartstudio.com\\\/sk\\\/obchod\\\/\"},{\"@type\":\"ListItem\",\"position\":3,\"name\":\"Double n\u00e1u\u0161nica\\\/ ear cuff\"}]},{\"@type\":\"WebSite\",\"@id\":\"https:\\\/\\\/www.bepartstudio.com\\\/#website\",\"url\":\"https:\\\/\\\/www.bepartstudio.com\\\/\",\"name\":\"bepart\",\"description\":\"Handmade fine jewelry\",\"potentialAction\":[{\"@type\":\"SearchAction\",\"target\":{\"@type\":\"EntryPoint\",\"urlTemplate\":\"https:\\\/\\\/www.bepartstudio.com\\\/?s={search_term_string}\"},\"query-input\":{\"@type\":\"PropertyValueSpecification\",\"valueRequired\":true,\"valueName\":\"search_term_string\"}}],\"inLanguage\":\"sk-SK\"}]}<\/script>\n<!-- \/ Yoast SEO plugin. -->","yoast_head_json":{"title":"Double n\u00e1u\u0161nica\/ ear cuff - bepart","robots":{"index":"index","follow":"follow","max-snippet":"max-snippet:-1","max-image-preview":"max-image-preview:large","max-video-preview":"max-video-preview:-1"},"canonical":"https:\/\/www.bepartstudio.com\/produkt\/double-ear-cuff-silver\/","og_locale":"sk_SK","og_type":"article","og_title":"Double n\u00e1u\u0161nica\/ ear cuff - bepart","og_description":"Priemer polkruhu je 8.0 mm   Priemer dr\u00f4tu je 1.0 mm\u00a0\u00a0          Dostupn\u00e9 v 14k zlate alebo v striebre.","og_url":"https:\/\/www.bepartstudio.com\/produkt\/double-ear-cuff-silver\/","og_site_name":"bepart","article_modified_time":"2026-01-31T20:59:04+00:00","og_image":[{"width":1707,"height":2560,"url":"https:\/\/www.bepartstudio.com\/wp-content\/uploads\/2020\/07\/Double-simple-earcuff-2-1-scaled.jpg","type":"image\/jpeg"}],"twitter_card":"summary_large_image","schema":{"@context":"https:\/\/schema.org","@graph":[{"@type":"WebPage","@id":"https:\/\/www.bepartstudio.com\/produkt\/double-ear-cuff-silver\/","url":"https:\/\/www.bepartstudio.com\/produkt\/double-ear-cuff-silver\/","name":"Double n\u00e1u\u0161nica\/ ear cuff - bepart","isPartOf":{"@id":"https:\/\/www.bepartstudio.com\/#website"},"primaryImageOfPage":{"@id":"https:\/\/www.bepartstudio.com\/produkt\/double-ear-cuff-silver\/#primaryimage"},"image":{"@id":"https:\/\/www.bepartstudio.com\/produkt\/double-ear-cuff-silver\/#primaryimage"},"thumbnailUrl":"https:\/\/www.bepartstudio.com\/wp-content\/uploads\/2020\/07\/Double-simple-earcuff-2-1-scaled.jpg","datePublished":"2020-10-02T08:46:48+00:00","dateModified":"2026-01-31T20:59:04+00:00","breadcrumb":{"@id":"https:\/\/www.bepartstudio.com\/produkt\/double-ear-cuff-silver\/#breadcrumb"},"inLanguage":"sk-SK","potentialAction":[{"@type":"ReadAction","target":["https:\/\/www.bepartstudio.com\/produkt\/double-ear-cuff-silver\/"]}]},{"@type":"ImageObject","inLanguage":"sk-SK","@id":"https:\/\/www.bepartstudio.com\/produkt\/double-ear-cuff-silver\/#primaryimage","url":"https:\/\/www.bepartstudio.com\/wp-content\/uploads\/2020\/07\/Double-simple-earcuff-2-1-scaled.jpg","contentUrl":"https:\/\/www.bepartstudio.com\/wp-content\/uploads\/2020\/07\/Double-simple-earcuff-2-1-scaled.jpg","width":1707,"height":2560},{"@type":"BreadcrumbList","@id":"https:\/\/www.bepartstudio.com\/produkt\/double-ear-cuff-silver\/#breadcrumb","itemListElement":[{"@type":"ListItem","position":1,"name":"Home","item":"https:\/\/www.bepartstudio.com\/sk\/"},{"@type":"ListItem","position":2,"name":"Obchod","item":"https:\/\/www.bepartstudio.com\/sk\/obchod\/"},{"@type":"ListItem","position":3,"name":"Double n\u00e1u\u0161nica\/ ear cuff"}]},{"@type":"WebSite","@id":"https:\/\/www.bepartstudio.com\/#website","url":"https:\/\/www.bepartstudio.com\/","name":"bepart","description":"Handmade fine jewelry","potentialAction":[{"@type":"SearchAction","target":{"@type":"EntryPoint","urlTemplate":"https:\/\/www.bepartstudio.com\/?s={search_term_string}"},"query-input":{"@type":"PropertyValueSpecification","valueRequired":true,"valueName":"search_term_string"}}],"inLanguage":"sk-SK"}]}},"jetpack_sharing_enabled":true,"_links":{"self":[{"href":"https:\/\/www.bepartstudio.com\/sk\/wp-json\/wp\/v2\/product\/9129","targetHints":{"allow":["GET"]}}],"collection":[{"href":"https:\/\/www.bepartstudio.com\/sk\/wp-json\/wp\/v2\/product"}],"about":[{"href":"https:\/\/www.bepartstudio.com\/sk\/wp-json\/wp\/v2\/types\/product"}],"wp:featuredmedia":[{"embeddable":true,"href":"https:\/\/www.bepartstudio.com\/sk\/wp-json\/wp\/v2\/media\/4143"}],"wp:attachment":[{"href":"https:\/\/www.bepartstudio.com\/sk\/wp-json\/wp\/v2\/media?parent=9129"}],"wp:term":[{"taxonomy":"product_brand","embeddable":true,"href":"https:\/\/www.bepartstudio.com\/sk\/wp-json\/wp\/v2\/product_brand?post=9129"},{"taxonomy":"product_cat","embeddable":true,"href":"https:\/\/www.bepartstudio.com\/sk\/wp-json\/wp\/v2\/product_cat?post=9129"},{"taxonomy":"product_tag","embeddable":true,"href":"https:\/\/www.bepartstudio.com\/sk\/wp-json\/wp\/v2\/product_tag?post=9129"}],"curies":[{"name":"wp","href":"https:\/\/api.w.org\/{rel}","templated":true}]}}